{"id":246606,"date":"2023-02-10T10:39:17","date_gmt":"2023-02-10T10:39:17","guid":{"rendered":"https:\/\/zatler.eu\/izdelek\/corten-muro-e5-gartenmauer-platte\/"},"modified":"2025-06-05T06:31:00","modified_gmt":"2025-06-05T06:31:00","slug":"corten-muro-e5-gartenmauer-platte","status":"publish","type":"product","link":"https:\/\/zatler.eu\/de\/produkt\/corten-muro-e5-gartenmauer-platte\/","title":{"rendered":"Corten Muro E5 Gartenmauer\/Platte"},"content":{"rendered":"<p>150x15x180<\/p>\n","protected":false},"excerpt":{"rendered":"<p>Muro E5 ist ein hohes, breites und einheitliches Gartenpaneel, das in der st\u00e4dtischen Architektur auf gro\u00dfes Interesse gesto\u00dfen ist. Sein nat\u00fcrliches Aussehen und seine erh\u00f6hte Witterungsbest\u00e4ndigkeit passen perfekt zu den neuesten Trends. Es ist aus Cortenstahl mit einer St\u00e4rke von 2 mm gefertigt. Es verf\u00fcgt \u00fcber einen Sockel mit Befestigungsl\u00f6chern und der erforderlichen Anzahl von Halterungen. Das Paneel wird ohne R\u00fcckwand geliefert (wir k\u00f6nnen jedes Paneel nach dem Entwurf und den W\u00fcnschen des Kunden anfertigen).    <\/p>\n","protected":false},"featured_media":245798,"comment_status":"open","ping_status":"closed","template":"","meta":{"_et_pb_use_builder":"","_et_pb_old_content":"","_et_gb_content_width":""},"product_brand":[],"product_cat":[145,124],"product_tag":[],"class_list":{"0":"post-246606","1":"product","2":"type-product","3":"status-publish","4":"has-post-thumbnail","6":"product_cat-gartenmauern","7":"product_cat-korten-de","9":"first","10":"instock","11":"taxable","12":"shipping-taxable","13":"purchasable","14":"product-type-simple"},"yoast_head":"<!-- This site is optimized with the Yoast SEO plugin v26.8 - https:\/\/yoast.com\/product\/yoast-seo-wordpress\/ -->\n<title>Corten Muro E5 Gartenmauer\/Platte - Zatler.eu<\/title>\n<meta name=\"robots\" content=\"index, follow, max-snippet:-1, max-image-preview:large, max-video-preview:-1\" \/>\n<link rel=\"canonical\" href=\"https:\/\/zatler.eu\/de\/produkt\/corten-muro-e5-gartenmauer-platte\/\" \/>\n<meta property=\"og:locale\" content=\"de_DE\" \/>\n<meta property=\"og:type\" content=\"article\" \/>\n<meta property=\"og:title\" content=\"Corten Muro E5 Gartenmauer\/Platte - Zatler.eu\" \/>\n<meta property=\"og:description\" content=\"Muro E5 ist ein hohes, breites und einheitliches Gartenpaneel, das in der st\u00e4dtischen Architektur auf gro\u00dfes Interesse gesto\u00dfen ist. Sein nat\u00fcrliches Aussehen und seine erh\u00f6hte Witterungsbest\u00e4ndigkeit passen perfekt zu den neuesten Trends. Es ist aus Cortenstahl mit einer St\u00e4rke von 2 mm gefertigt. Es verf\u00fcgt \u00fcber einen Sockel mit Befestigungsl\u00f6chern und der erforderlichen Anzahl von Halterungen. Das Paneel wird ohne R\u00fcckwand geliefert (wir k\u00f6nnen jedes Paneel nach dem Entwurf und den W\u00fcnschen des Kunden anfertigen).\" \/>\n<meta property=\"og:url\" content=\"https:\/\/zatler.eu\/de\/produkt\/corten-muro-e5-gartenmauer-platte\/\" \/>\n<meta property=\"og:site_name\" content=\"Zatler.eu\" \/>\n<meta property=\"article:modified_time\" content=\"2025-06-05T06:31:00+00:00\" \/>\n<meta property=\"og:image\" content=\"https:\/\/zatler.eu\/wp-content\/uploads\/2023\/02\/castle-panel-wall-steel-corten-MURO29_b-cortena.jpg\" \/>\n\t<meta property=\"og:image:width\" content=\"1200\" \/>\n\t<meta property=\"og:image:height\" content=\"900\" \/>\n\t<meta property=\"og:image:type\" content=\"image\/jpeg\" \/>\n<meta name=\"twitter:card\" content=\"summary_large_image\" \/>\n<script type=\"application\/ld+json\" class=\"yoast-schema-graph\">{\"@context\":\"https:\/\/schema.org\",\"@graph\":[{\"@type\":\"WebPage\",\"@id\":\"https:\/\/zatler.eu\/de\/produkt\/corten-muro-e5-gartenmauer-platte\/\",\"url\":\"https:\/\/zatler.eu\/de\/produkt\/corten-muro-e5-gartenmauer-platte\/\",\"name\":\"Corten Muro E5 Gartenmauer\/Platte - Zatler.eu\",\"isPartOf\":{\"@id\":\"https:\/\/zatler.eu\/de\/#website\"},\"primaryImageOfPage\":{\"@id\":\"https:\/\/zatler.eu\/de\/produkt\/corten-muro-e5-gartenmauer-platte\/#primaryimage\"},\"image\":{\"@id\":\"https:\/\/zatler.eu\/de\/produkt\/corten-muro-e5-gartenmauer-platte\/#primaryimage\"},\"thumbnailUrl\":\"https:\/\/zatler.eu\/wp-content\/uploads\/2023\/02\/castle-panel-wall-steel-corten-MURO29_b-cortena.jpg\",\"datePublished\":\"2023-02-10T10:39:17+00:00\",\"dateModified\":\"2025-06-05T06:31:00+00:00\",\"breadcrumb\":{\"@id\":\"https:\/\/zatler.eu\/de\/produkt\/corten-muro-e5-gartenmauer-platte\/#breadcrumb\"},\"inLanguage\":\"de\",\"potentialAction\":[{\"@type\":\"ReadAction\",\"target\":[\"https:\/\/zatler.eu\/de\/produkt\/corten-muro-e5-gartenmauer-platte\/\"]}]},{\"@type\":\"ImageObject\",\"inLanguage\":\"de\",\"@id\":\"https:\/\/zatler.eu\/de\/produkt\/corten-muro-e5-gartenmauer-platte\/#primaryimage\",\"url\":\"https:\/\/zatler.eu\/wp-content\/uploads\/2023\/02\/castle-panel-wall-steel-corten-MURO29_b-cortena.jpg\",\"contentUrl\":\"https:\/\/zatler.eu\/wp-content\/uploads\/2023\/02\/castle-panel-wall-steel-corten-MURO29_b-cortena.jpg\",\"width\":1200,\"height\":900},{\"@type\":\"BreadcrumbList\",\"@id\":\"https:\/\/zatler.eu\/de\/produkt\/corten-muro-e5-gartenmauer-platte\/#breadcrumb\",\"itemListElement\":[{\"@type\":\"ListItem\",\"position\":1,\"name\":\"Home\",\"item\":\"https:\/\/zatler.eu\/de\/\"},{\"@type\":\"ListItem\",\"position\":2,\"name\":\"Shop\",\"item\":\"https:\/\/zatler.eu\/de\/shop\/\"},{\"@type\":\"ListItem\",\"position\":3,\"name\":\"Corten Muro E5 Gartenmauer\/Platte\"}]},{\"@type\":\"WebSite\",\"@id\":\"https:\/\/zatler.eu\/de\/#website\",\"url\":\"https:\/\/zatler.eu\/de\/\",\"name\":\"Zatler.eu\",\"description\":\"kreativnost bivanja\",\"publisher\":{\"@id\":\"https:\/\/zatler.eu\/de\/#organization\"},\"potentialAction\":[{\"@type\":\"SearchAction\",\"target\":{\"@type\":\"EntryPoint\",\"urlTemplate\":\"https:\/\/zatler.eu\/de\/?s={search_term_string}\"},\"query-input\":{\"@type\":\"PropertyValueSpecification\",\"valueRequired\":true,\"valueName\":\"search_term_string\"}}],\"inLanguage\":\"de\"},{\"@type\":\"Organization\",\"@id\":\"https:\/\/zatler.eu\/de\/#organization\",\"name\":\"Zatler.eu\",\"url\":\"https:\/\/zatler.eu\/de\/\",\"logo\":{\"@type\":\"ImageObject\",\"inLanguage\":\"de\",\"@id\":\"https:\/\/zatler.eu\/de\/#\/schema\/logo\/image\/\",\"url\":\"https:\/\/zatler.eu\/wp-content\/uploads\/2022\/12\/Zatler-doo.png\",\"contentUrl\":\"https:\/\/zatler.eu\/wp-content\/uploads\/2022\/12\/Zatler-doo.png\",\"width\":238,\"height\":141,\"caption\":\"Zatler.eu\"},\"image\":{\"@id\":\"https:\/\/zatler.eu\/de\/#\/schema\/logo\/image\/\"}}]}<\/script>\n<!-- \/ Yoast SEO plugin. -->","yoast_head_json":{"title":"Corten Muro E5 Gartenmauer\/Platte - Zatler.eu","robots":{"index":"index","follow":"follow","max-snippet":"max-snippet:-1","max-image-preview":"max-image-preview:large","max-video-preview":"max-video-preview:-1"},"canonical":"https:\/\/zatler.eu\/de\/produkt\/corten-muro-e5-gartenmauer-platte\/","og_locale":"de_DE","og_type":"article","og_title":"Corten Muro E5 Gartenmauer\/Platte - Zatler.eu","og_description":"Muro E5 ist ein hohes, breites und einheitliches Gartenpaneel, das in der st\u00e4dtischen Architektur auf gro\u00dfes Interesse gesto\u00dfen ist. Sein nat\u00fcrliches Aussehen und seine erh\u00f6hte Witterungsbest\u00e4ndigkeit passen perfekt zu den neuesten Trends. Es ist aus Cortenstahl mit einer St\u00e4rke von 2 mm gefertigt. Es verf\u00fcgt \u00fcber einen Sockel mit Befestigungsl\u00f6chern und der erforderlichen Anzahl von Halterungen. Das Paneel wird ohne R\u00fcckwand geliefert (wir k\u00f6nnen jedes Paneel nach dem Entwurf und den W\u00fcnschen des Kunden anfertigen).","og_url":"https:\/\/zatler.eu\/de\/produkt\/corten-muro-e5-gartenmauer-platte\/","og_site_name":"Zatler.eu","article_modified_time":"2025-06-05T06:31:00+00:00","og_image":[{"width":1200,"height":900,"url":"https:\/\/zatler.eu\/wp-content\/uploads\/2023\/02\/castle-panel-wall-steel-corten-MURO29_b-cortena.jpg","type":"image\/jpeg"}],"twitter_card":"summary_large_image","schema":{"@context":"https:\/\/schema.org","@graph":[{"@type":"WebPage","@id":"https:\/\/zatler.eu\/de\/produkt\/corten-muro-e5-gartenmauer-platte\/","url":"https:\/\/zatler.eu\/de\/produkt\/corten-muro-e5-gartenmauer-platte\/","name":"Corten Muro E5 Gartenmauer\/Platte - Zatler.eu","isPartOf":{"@id":"https:\/\/zatler.eu\/de\/#website"},"primaryImageOfPage":{"@id":"https:\/\/zatler.eu\/de\/produkt\/corten-muro-e5-gartenmauer-platte\/#primaryimage"},"image":{"@id":"https:\/\/zatler.eu\/de\/produkt\/corten-muro-e5-gartenmauer-platte\/#primaryimage"},"thumbnailUrl":"https:\/\/zatler.eu\/wp-content\/uploads\/2023\/02\/castle-panel-wall-steel-corten-MURO29_b-cortena.jpg","datePublished":"2023-02-10T10:39:17+00:00","dateModified":"2025-06-05T06:31:00+00:00","breadcrumb":{"@id":"https:\/\/zatler.eu\/de\/produkt\/corten-muro-e5-gartenmauer-platte\/#breadcrumb"},"inLanguage":"de","potentialAction":[{"@type":"ReadAction","target":["https:\/\/zatler.eu\/de\/produkt\/corten-muro-e5-gartenmauer-platte\/"]}]},{"@type":"ImageObject","inLanguage":"de","@id":"https:\/\/zatler.eu\/de\/produkt\/corten-muro-e5-gartenmauer-platte\/#primaryimage","url":"https:\/\/zatler.eu\/wp-content\/uploads\/2023\/02\/castle-panel-wall-steel-corten-MURO29_b-cortena.jpg","contentUrl":"https:\/\/zatler.eu\/wp-content\/uploads\/2023\/02\/castle-panel-wall-steel-corten-MURO29_b-cortena.jpg","width":1200,"height":900},{"@type":"BreadcrumbList","@id":"https:\/\/zatler.eu\/de\/produkt\/corten-muro-e5-gartenmauer-platte\/#breadcrumb","itemListElement":[{"@type":"ListItem","position":1,"name":"Home","item":"https:\/\/zatler.eu\/de\/"},{"@type":"ListItem","position":2,"name":"Shop","item":"https:\/\/zatler.eu\/de\/shop\/"},{"@type":"ListItem","position":3,"name":"Corten Muro E5 Gartenmauer\/Platte"}]},{"@type":"WebSite","@id":"https:\/\/zatler.eu\/de\/#website","url":"https:\/\/zatler.eu\/de\/","name":"Zatler.eu","description":"kreativnost bivanja","publisher":{"@id":"https:\/\/zatler.eu\/de\/#organization"},"potentialAction":[{"@type":"SearchAction","target":{"@type":"EntryPoint","urlTemplate":"https:\/\/zatler.eu\/de\/?s={search_term_string}"},"query-input":{"@type":"PropertyValueSpecification","valueRequired":true,"valueName":"search_term_string"}}],"inLanguage":"de"},{"@type":"Organization","@id":"https:\/\/zatler.eu\/de\/#organization","name":"Zatler.eu","url":"https:\/\/zatler.eu\/de\/","logo":{"@type":"ImageObject","inLanguage":"de","@id":"https:\/\/zatler.eu\/de\/#\/schema\/logo\/image\/","url":"https:\/\/zatler.eu\/wp-content\/uploads\/2022\/12\/Zatler-doo.png","contentUrl":"https:\/\/zatler.eu\/wp-content\/uploads\/2022\/12\/Zatler-doo.png","width":238,"height":141,"caption":"Zatler.eu"},"image":{"@id":"https:\/\/zatler.eu\/de\/#\/schema\/logo\/image\/"}}]}},"jetpack_sharing_enabled":true,"_links":{"self":[{"href":"https:\/\/zatler.eu\/de\/wp-json\/wp\/v2\/product\/246606","targetHints":{"allow":["GET"]}}],"collection":[{"href":"https:\/\/zatler.eu\/de\/wp-json\/wp\/v2\/product"}],"about":[{"href":"https:\/\/zatler.eu\/de\/wp-json\/wp\/v2\/types\/product"}],"replies":[{"embeddable":true,"href":"https:\/\/zatler.eu\/de\/wp-json\/wp\/v2\/comments?post=246606"}],"wp:featuredmedia":[{"embeddable":true,"href":"https:\/\/zatler.eu\/de\/wp-json\/wp\/v2\/media\/245798"}],"wp:attachment":[{"href":"https:\/\/zatler.eu\/de\/wp-json\/wp\/v2\/media?parent=246606"}],"wp:term":[{"taxonomy":"product_brand","embeddable":true,"href":"https:\/\/zatler.eu\/de\/wp-json\/wp\/v2\/product_brand?post=246606"},{"taxonomy":"product_cat","embeddable":true,"href":"https:\/\/zatler.eu\/de\/wp-json\/wp\/v2\/product_cat?post=246606"},{"taxonomy":"product_tag","embeddable":true,"href":"https:\/\/zatler.eu\/de\/wp-json\/wp\/v2\/product_tag?post=246606"}],"curies":[{"name":"wp","href":"https:\/\/api.w.org\/{rel}","templated":true}]}}