{"id":246619,"date":"2023-02-16T12:33:15","date_gmt":"2023-02-16T12:33:15","guid":{"rendered":"https:\/\/zatler.eu\/izdelek\/freistehender-bioethanol-kamin-echo-tuev-schwarz\/"},"modified":"2025-06-05T06:31:25","modified_gmt":"2025-06-05T06:31:25","slug":"freistehender-bioethanol-kamin-echo-tuev-schwarz","status":"publish","type":"product","link":"https:\/\/zatler.eu\/de\/produkt\/freistehender-bioethanol-kamin-echo-tuev-schwarz\/","title":{"rendered":"Freistehender Bioethanol-Kamin ECHO T\u00dcV, schwarz"},"content":{"rendered":"<p id=\"tw-target-text\" class=\"tw-data-text tw-text-large tw-ta\" dir=\"ltr\" data-placeholder=\"Prevod\"><span class=\"Y2IQFc\" lang=\"sl\">Ein freistehender Bio-Rahmen mit einem einfachen, eleganten Design. Wenn die Wetterbedingungen g\u00fcnstig sind, kann es als Dekoration f\u00fcr eine Terrasse oder einen Garten dienen. <\/span><\/p>\n<p id=\"tw-target-text\" class=\"tw-data-text tw-text-large tw-ta\" dir=\"ltr\" data-placeholder=\"Prevod\"><span class=\"Y2IQFc\" lang=\"sl\">Es gibt keine Einschr\u00e4nkungen f\u00fcr Biokamine, sie erfordern keine komplizierte Installation oder einen Anschluss an einen Schornstein und sie sind einfach zu installieren und zu verwenden. Sie k\u00f6nnen sowohl in einem ger\u00e4umigen Haus als auch in einer kleinen Wohnung installiert werden. Biokamine sind auch eine hervorragende L\u00f6sung f\u00fcr die Inneneinrichtung. Die gro\u00dfe Auswahl an Produkten erm\u00f6glicht die originellsten Ideen.     <\/span><\/p>\n<p class=\"tw-data-text tw-text-large tw-ta\" dir=\"ltr\" data-placeholder=\"Prevod\"><span class=\"Y2IQFc\" lang=\"sl\">Sie werden mit Biobrennstoff in Form einer Fl\u00fcssigkeit verbrannt, die ein echtes Feuer verursacht. Je nach H\u00f6he der Flamme und Gr\u00f6\u00dfe des Innenraums erh\u00f6ht der Biobrennstoff die Temperatur um einige Grad Celsius. 100% der erzeugten W\u00e4rme wird an den Raum abgegeben, wodurch der Biobrennstoff zu einer zus\u00e4tzlichen Heizquelle wird. Gie\u00dfen Sie den Biobrennstoff einfach bis zu der im Beh\u00e4lter angegebenen Menge ein. Die Flamme kann jederzeit reguliert und gel\u00f6scht werden. Denken Sie daran, den Raum, in dem sich der Biobrennstoff befindet, zu l\u00fcften.       <\/span><\/p>\n<p class=\"tw-data-text tw-text-large tw-ta\" dir=\"ltr\" data-placeholder=\"Prevod\"><span class=\"Y2IQFc\" lang=\"sl\">Selbstst\u00e4ndig, erfordert keine Montage, kann \u00fcberall aufgestellt werden. Es gen\u00fcgt, die in der Verpackung enthaltenen Teile gem\u00e4\u00df der Gebrauchsanweisung zusammenzubauen.   <\/span><\/p>\n<p class=\"tw-data-text tw-text-large tw-ta\" dir=\"ltr\" data-placeholder=\"Prevod\"><span class=\"Y2IQFc\" lang=\"sl\">Die Biokammern werden aus hochwertigen Materialien hergestellt. Der Produktionsprozess wird nach globalen Standards durchgef\u00fchrt, was durch das ISO 9001:2015 Zertifikat best\u00e4tigt wird. Der Produktionsprozess der Biokammern wird vom T\u00dcV Rheinland Polen \u00fcberwacht - die Biokammern haben das deutsche T\u00dcV-Sicherheitszertifikat. Der T\u00dcV-zertifizierte Tank verf\u00fcgt \u00fcber eine zus\u00e4tzliche Spezialkammer, die das Auslaufen von Kraftstoff im Falle einer versehentlichen \u00dcberf\u00fcllung des Tanks verhindert. Au\u00dferdem verf\u00fcgt er \u00fcber eine Anzeige f\u00fcr den maximalen Kraftstoffstand. Ein saugf\u00e4higer Einsatz in der Mitte des Tanks reduziert den Kraftstoffverbrauch und sch\u00fctzt vor dem Auslaufen von Biokraftstoffen im Falle eines Kippens.     <\/span><\/p>\n","protected":false},"excerpt":{"rendered":"<p id=\"tw-target-text\" class=\"tw-data-text tw-text-large tw-ta\" dir=\"ltr\" data-placeholder=\"Prevod\"><span class=\"Y2IQFc\" lang=\"sl\">Die ovale Form dieser Biofaser f\u00fcgt sich harmonisch in die Einrichtung eines modernen Interieurs ein oder schm\u00fcckt eine Terrasse.<\/span><\/p>\n","protected":false},"featured_media":246138,"comment_status":"closed","ping_status":"closed","template":"","meta":{"_et_pb_use_builder":"","_et_pb_old_content":"","_et_gb_content_width":""},"product_brand":[],"product_cat":[147,148,146],"product_tag":[],"class_list":{"0":"post-246619","1":"product","2":"type-product","3":"status-publish","4":"has-post-thumbnail","6":"product_cat-bioethanol-kamine","7":"product_cat-freistehende-bioethanol-kamine","8":"product_cat-kamine-feuerstellen","10":"first","11":"instock","12":"taxable","13":"shipping-taxable","14":"purchasable","15":"product-type-simple"},"yoast_head":"<!-- This site is optimized with the Yoast SEO plugin v26.8 - https:\/\/yoast.com\/product\/yoast-seo-wordpress\/ -->\n<title>Freistehender Bioethanol-Kamin ECHO T\u00dcV, schwarz - Zatler.eu<\/title>\n<meta name=\"robots\" content=\"index, follow, max-snippet:-1, max-image-preview:large, max-video-preview:-1\" \/>\n<link rel=\"canonical\" href=\"https:\/\/zatler.eu\/de\/produkt\/freistehender-bioethanol-kamin-echo-tuev-schwarz\/\" \/>\n<meta property=\"og:locale\" content=\"de_DE\" \/>\n<meta property=\"og:type\" content=\"article\" \/>\n<meta property=\"og:title\" content=\"Freistehender Bioethanol-Kamin ECHO T\u00dcV, schwarz - Zatler.eu\" \/>\n<meta property=\"og:description\" content=\"Die ovale Form dieser Biofaser f\u00fcgt sich harmonisch in die Einrichtung eines modernen Interieurs ein oder schm\u00fcckt eine Terrasse.\" \/>\n<meta property=\"og:url\" content=\"https:\/\/zatler.eu\/de\/produkt\/freistehender-bioethanol-kamin-echo-tuev-schwarz\/\" \/>\n<meta property=\"og:site_name\" content=\"Zatler.eu\" \/>\n<meta property=\"article:modified_time\" content=\"2025-06-05T06:31:25+00:00\" \/>\n<meta property=\"og:image\" content=\"https:\/\/zatler.eu\/wp-content\/uploads\/2023\/02\/101_echo_czarny_tuv_wiz.png\" \/>\n\t<meta property=\"og:image:width\" content=\"650\" \/>\n\t<meta property=\"og:image:height\" content=\"650\" \/>\n\t<meta property=\"og:image:type\" content=\"image\/png\" \/>\n<meta name=\"twitter:card\" content=\"summary_large_image\" \/>\n<meta name=\"twitter:label1\" content=\"Gesch\u00e4tzte Lesezeit\" \/>\n\t<meta name=\"twitter:data1\" content=\"2\u00a0Minuten\" \/>\n<script type=\"application\/ld+json\" class=\"yoast-schema-graph\">{\"@context\":\"https:\/\/schema.org\",\"@graph\":[{\"@type\":\"WebPage\",\"@id\":\"https:\/\/zatler.eu\/de\/produkt\/freistehender-bioethanol-kamin-echo-tuev-schwarz\/\",\"url\":\"https:\/\/zatler.eu\/de\/produkt\/freistehender-bioethanol-kamin-echo-tuev-schwarz\/\",\"name\":\"Freistehender Bioethanol-Kamin ECHO T\u00dcV, schwarz - Zatler.eu\",\"isPartOf\":{\"@id\":\"https:\/\/zatler.eu\/de\/#website\"},\"primaryImageOfPage\":{\"@id\":\"https:\/\/zatler.eu\/de\/produkt\/freistehender-bioethanol-kamin-echo-tuev-schwarz\/#primaryimage\"},\"image\":{\"@id\":\"https:\/\/zatler.eu\/de\/produkt\/freistehender-bioethanol-kamin-echo-tuev-schwarz\/#primaryimage\"},\"thumbnailUrl\":\"https:\/\/zatler.eu\/wp-content\/uploads\/2023\/02\/101_echo_czarny_tuv_wiz.png\",\"datePublished\":\"2023-02-16T12:33:15+00:00\",\"dateModified\":\"2025-06-05T06:31:25+00:00\",\"breadcrumb\":{\"@id\":\"https:\/\/zatler.eu\/de\/produkt\/freistehender-bioethanol-kamin-echo-tuev-schwarz\/#breadcrumb\"},\"inLanguage\":\"de\",\"potentialAction\":[{\"@type\":\"ReadAction\",\"target\":[\"https:\/\/zatler.eu\/de\/produkt\/freistehender-bioethanol-kamin-echo-tuev-schwarz\/\"]}]},{\"@type\":\"ImageObject\",\"inLanguage\":\"de\",\"@id\":\"https:\/\/zatler.eu\/de\/produkt\/freistehender-bioethanol-kamin-echo-tuev-schwarz\/#primaryimage\",\"url\":\"https:\/\/zatler.eu\/wp-content\/uploads\/2023\/02\/101_echo_czarny_tuv_wiz.png\",\"contentUrl\":\"https:\/\/zatler.eu\/wp-content\/uploads\/2023\/02\/101_echo_czarny_tuv_wiz.png\",\"width\":650,\"height\":650},{\"@type\":\"BreadcrumbList\",\"@id\":\"https:\/\/zatler.eu\/de\/produkt\/freistehender-bioethanol-kamin-echo-tuev-schwarz\/#breadcrumb\",\"itemListElement\":[{\"@type\":\"ListItem\",\"position\":1,\"name\":\"Home\",\"item\":\"https:\/\/zatler.eu\/de\/\"},{\"@type\":\"ListItem\",\"position\":2,\"name\":\"Shop\",\"item\":\"https:\/\/zatler.eu\/de\/shop\/\"},{\"@type\":\"ListItem\",\"position\":3,\"name\":\"Freistehender Bioethanol-Kamin ECHO T\u00dcV, schwarz\"}]},{\"@type\":\"WebSite\",\"@id\":\"https:\/\/zatler.eu\/de\/#website\",\"url\":\"https:\/\/zatler.eu\/de\/\",\"name\":\"Zatler.eu\",\"description\":\"kreativnost bivanja\",\"publisher\":{\"@id\":\"https:\/\/zatler.eu\/de\/#organization\"},\"potentialAction\":[{\"@type\":\"SearchAction\",\"target\":{\"@type\":\"EntryPoint\",\"urlTemplate\":\"https:\/\/zatler.eu\/de\/?s={search_term_string}\"},\"query-input\":{\"@type\":\"PropertyValueSpecification\",\"valueRequired\":true,\"valueName\":\"search_term_string\"}}],\"inLanguage\":\"de\"},{\"@type\":\"Organization\",\"@id\":\"https:\/\/zatler.eu\/de\/#organization\",\"name\":\"Zatler.eu\",\"url\":\"https:\/\/zatler.eu\/de\/\",\"logo\":{\"@type\":\"ImageObject\",\"inLanguage\":\"de\",\"@id\":\"https:\/\/zatler.eu\/de\/#\/schema\/logo\/image\/\",\"url\":\"https:\/\/zatler.eu\/wp-content\/uploads\/2022\/12\/Zatler-doo.png\",\"contentUrl\":\"https:\/\/zatler.eu\/wp-content\/uploads\/2022\/12\/Zatler-doo.png\",\"width\":238,\"height\":141,\"caption\":\"Zatler.eu\"},\"image\":{\"@id\":\"https:\/\/zatler.eu\/de\/#\/schema\/logo\/image\/\"}}]}<\/script>\n<!-- \/ Yoast SEO plugin. -->","yoast_head_json":{"title":"Freistehender Bioethanol-Kamin ECHO T\u00dcV, schwarz - Zatler.eu","robots":{"index":"index","follow":"follow","max-snippet":"max-snippet:-1","max-image-preview":"max-image-preview:large","max-video-preview":"max-video-preview:-1"},"canonical":"https:\/\/zatler.eu\/de\/produkt\/freistehender-bioethanol-kamin-echo-tuev-schwarz\/","og_locale":"de_DE","og_type":"article","og_title":"Freistehender Bioethanol-Kamin ECHO T\u00dcV, schwarz - Zatler.eu","og_description":"Die ovale Form dieser Biofaser f\u00fcgt sich harmonisch in die Einrichtung eines modernen Interieurs ein oder schm\u00fcckt eine Terrasse.","og_url":"https:\/\/zatler.eu\/de\/produkt\/freistehender-bioethanol-kamin-echo-tuev-schwarz\/","og_site_name":"Zatler.eu","article_modified_time":"2025-06-05T06:31:25+00:00","og_image":[{"width":650,"height":650,"url":"https:\/\/zatler.eu\/wp-content\/uploads\/2023\/02\/101_echo_czarny_tuv_wiz.png","type":"image\/png"}],"twitter_card":"summary_large_image","twitter_misc":{"Gesch\u00e4tzte Lesezeit":"2\u00a0Minuten"},"schema":{"@context":"https:\/\/schema.org","@graph":[{"@type":"WebPage","@id":"https:\/\/zatler.eu\/de\/produkt\/freistehender-bioethanol-kamin-echo-tuev-schwarz\/","url":"https:\/\/zatler.eu\/de\/produkt\/freistehender-bioethanol-kamin-echo-tuev-schwarz\/","name":"Freistehender Bioethanol-Kamin ECHO T\u00dcV, schwarz - Zatler.eu","isPartOf":{"@id":"https:\/\/zatler.eu\/de\/#website"},"primaryImageOfPage":{"@id":"https:\/\/zatler.eu\/de\/produkt\/freistehender-bioethanol-kamin-echo-tuev-schwarz\/#primaryimage"},"image":{"@id":"https:\/\/zatler.eu\/de\/produkt\/freistehender-bioethanol-kamin-echo-tuev-schwarz\/#primaryimage"},"thumbnailUrl":"https:\/\/zatler.eu\/wp-content\/uploads\/2023\/02\/101_echo_czarny_tuv_wiz.png","datePublished":"2023-02-16T12:33:15+00:00","dateModified":"2025-06-05T06:31:25+00:00","breadcrumb":{"@id":"https:\/\/zatler.eu\/de\/produkt\/freistehender-bioethanol-kamin-echo-tuev-schwarz\/#breadcrumb"},"inLanguage":"de","potentialAction":[{"@type":"ReadAction","target":["https:\/\/zatler.eu\/de\/produkt\/freistehender-bioethanol-kamin-echo-tuev-schwarz\/"]}]},{"@type":"ImageObject","inLanguage":"de","@id":"https:\/\/zatler.eu\/de\/produkt\/freistehender-bioethanol-kamin-echo-tuev-schwarz\/#primaryimage","url":"https:\/\/zatler.eu\/wp-content\/uploads\/2023\/02\/101_echo_czarny_tuv_wiz.png","contentUrl":"https:\/\/zatler.eu\/wp-content\/uploads\/2023\/02\/101_echo_czarny_tuv_wiz.png","width":650,"height":650},{"@type":"BreadcrumbList","@id":"https:\/\/zatler.eu\/de\/produkt\/freistehender-bioethanol-kamin-echo-tuev-schwarz\/#breadcrumb","itemListElement":[{"@type":"ListItem","position":1,"name":"Home","item":"https:\/\/zatler.eu\/de\/"},{"@type":"ListItem","position":2,"name":"Shop","item":"https:\/\/zatler.eu\/de\/shop\/"},{"@type":"ListItem","position":3,"name":"Freistehender Bioethanol-Kamin ECHO T\u00dcV, schwarz"}]},{"@type":"WebSite","@id":"https:\/\/zatler.eu\/de\/#website","url":"https:\/\/zatler.eu\/de\/","name":"Zatler.eu","description":"kreativnost bivanja","publisher":{"@id":"https:\/\/zatler.eu\/de\/#organization"},"potentialAction":[{"@type":"SearchAction","target":{"@type":"EntryPoint","urlTemplate":"https:\/\/zatler.eu\/de\/?s={search_term_string}"},"query-input":{"@type":"PropertyValueSpecification","valueRequired":true,"valueName":"search_term_string"}}],"inLanguage":"de"},{"@type":"Organization","@id":"https:\/\/zatler.eu\/de\/#organization","name":"Zatler.eu","url":"https:\/\/zatler.eu\/de\/","logo":{"@type":"ImageObject","inLanguage":"de","@id":"https:\/\/zatler.eu\/de\/#\/schema\/logo\/image\/","url":"https:\/\/zatler.eu\/wp-content\/uploads\/2022\/12\/Zatler-doo.png","contentUrl":"https:\/\/zatler.eu\/wp-content\/uploads\/2022\/12\/Zatler-doo.png","width":238,"height":141,"caption":"Zatler.eu"},"image":{"@id":"https:\/\/zatler.eu\/de\/#\/schema\/logo\/image\/"}}]}},"jetpack_sharing_enabled":true,"_links":{"self":[{"href":"https:\/\/zatler.eu\/de\/wp-json\/wp\/v2\/product\/246619","targetHints":{"allow":["GET"]}}],"collection":[{"href":"https:\/\/zatler.eu\/de\/wp-json\/wp\/v2\/product"}],"about":[{"href":"https:\/\/zatler.eu\/de\/wp-json\/wp\/v2\/types\/product"}],"replies":[{"embeddable":true,"href":"https:\/\/zatler.eu\/de\/wp-json\/wp\/v2\/comments?post=246619"}],"wp:featuredmedia":[{"embeddable":true,"href":"https:\/\/zatler.eu\/de\/wp-json\/wp\/v2\/media\/246138"}],"wp:attachment":[{"href":"https:\/\/zatler.eu\/de\/wp-json\/wp\/v2\/media?parent=246619"}],"wp:term":[{"taxonomy":"product_brand","embeddable":true,"href":"https:\/\/zatler.eu\/de\/wp-json\/wp\/v2\/product_brand?post=246619"},{"taxonomy":"product_cat","embeddable":true,"href":"https:\/\/zatler.eu\/de\/wp-json\/wp\/v2\/product_cat?post=246619"},{"taxonomy":"product_tag","embeddable":true,"href":"https:\/\/zatler.eu\/de\/wp-json\/wp\/v2\/product_tag?post=246619"}],"curies":[{"name":"wp","href":"https:\/\/api.w.org\/{rel}","templated":true}]}}