{"id":246621,"date":"2023-02-16T12:11:23","date_gmt":"2023-02-16T12:11:23","guid":{"rendered":"https:\/\/zatler.eu\/izdelek\/freistehender-bioethanol-kamin-tango-3-tuev-schwarz\/"},"modified":"2025-06-05T06:31:28","modified_gmt":"2025-06-05T06:31:28","slug":"freistehender-bioethanol-kamin-tango-3-tuev-schwarz","status":"publish","type":"product","link":"https:\/\/zatler.eu\/de\/produkt\/freistehender-bioethanol-kamin-tango-3-tuev-schwarz\/","title":{"rendered":"Freistehender Bioethanol-Kamin TANGO 3 T\u00dcV, schwarz"},"content":{"rendered":"<p id=\"tw-target-text\" class=\"tw-data-text tw-text-large tw-ta\" dir=\"ltr\" data-placeholder=\"Prevod\"><span class=\"Y2IQFc\" lang=\"sl\">Ein freistehender Bio-Rahmen mit einem einfachen, eleganten Design. Wenn die Wetterbedingungen g\u00fcnstig sind, kann es als Dekoration f\u00fcr eine Terrasse oder einen Garten dienen. <\/span><\/p>\n<p dir=\"ltr\" data-placeholder=\"Prevod\">Merkmale und Vorteile:<\/p>\n<ul>\n<li class=\"tw-data-text tw-text-large tw-ta\" dir=\"ltr\" data-placeholder=\"Prevod\">Der Ethanolkocher verbrennt mit Biobrennstoff, den Sie in einen Beh\u00e4lter f\u00fcllen, den Sie in das Ger\u00e4t stellen, mit einem Feuerzeug anz\u00fcnden und sofort genie\u00dfen.<\/li>\n<li class=\"tw-data-text tw-text-large tw-ta\" dir=\"ltr\" data-placeholder=\"Prevod\">Wenn er brennt, hebt er die Raumtemperatur um etwa 2-3 Grad an, was ihn ideal f\u00fcr k\u00fchlere Abende macht.<\/li>\n<li class=\"tw-data-text tw-text-large tw-ta\" dir=\"ltr\" data-placeholder=\"Prevod\">Rauch- und schadstofffrei - bei der Verbrennung entstehen kein Rauch und keine sch\u00e4dlichen Stoffe, sondern nur Wasserdampf und Kohlendioxid in kleinen Mengen, die wir selbst ausatmen, wodurch es v\u00f6llig umweltfreundlich ist.<\/li>\n<li class=\"tw-data-text tw-text-large tw-ta\" dir=\"ltr\" data-placeholder=\"Prevod\">Es ist leicht und einfach zu tragen.<\/li>\n<li class=\"tw-data-text tw-text-large tw-ta\" dir=\"ltr\" data-placeholder=\"Prevod\">Er ist aus hochwertigem Stahl gefertigt, was seine Haltbarkeit \u00fcber Jahre hinweg erh\u00f6ht.<\/li>\n<li class=\"tw-data-text tw-text-large tw-ta\" dir=\"ltr\" data-placeholder=\"Prevod\">Gef\u00e4rbt mit einem speziell ausgew\u00e4hlten permanenten Farbstoff, dessen Mischung eine hohe Temperaturbest\u00e4ndigkeit gew\u00e4hrleistet.<\/li>\n<li class=\"tw-data-text tw-text-large tw-ta\" dir=\"ltr\" data-placeholder=\"Prevod\">Die glatte Oberfl\u00e4che mit gleichm\u00e4\u00dfiger Textur macht die Verwendung und Pflege einfach.<\/li>\n<li class=\"tw-data-text tw-text-large tw-ta\" dir=\"ltr\" data-placeholder=\"Prevod\">Die runde Schale erm\u00f6glicht eine sch\u00f6ne Pr\u00e4sentation des Feuers in der Mitte des Biokamins.<\/li>\n<li class=\"tw-data-text tw-text-large tw-ta\" dir=\"ltr\" data-placeholder=\"Prevod\">Haltbare Biotonne aus rostfreiem Stahl.<\/li>\n<li class=\"tw-data-text tw-text-large tw-ta\" dir=\"ltr\" data-placeholder=\"Prevod\">Sicherheitszertifikat T\u00dcV Rheinnland Polen.<\/li>\n<li class=\"tw-data-text tw-text-large tw-ta\" dir=\"ltr\" data-placeholder=\"Prevod\">Ausgestattet mit einem Sicherheits-Biocontainer, der das Auslaufen von Kraftstoff verhindert.<\/li>\n<li class=\"tw-data-text tw-text-large tw-ta\" dir=\"ltr\" data-placeholder=\"Prevod\">Bio-Liner Volumen 0,2 l.<\/li>\n<li class=\"tw-data-text tw-text-large tw-ta\" dir=\"ltr\" data-placeholder=\"Prevod\">Jederzeit l\u00f6schbar; Lieferung mit L\u00f6schdeckel<\/li>\n<li class=\"tw-data-text tw-text-large tw-ta\" dir=\"ltr\" data-placeholder=\"Prevod\">Platz f\u00fcr dekorative Elemente, z.B. Steine, Kristalle oder Holz. <\/li>\n<\/ul>\n<p>Enth\u00e4lt:<\/p>\n<ul>\n<li class=\"tw-data-text tw-text-large tw-ta\" dir=\"ltr\" data-placeholder=\"Prevod\">Tango Ethanol-Kocher 3.<\/li>\n<li class=\"tw-data-text tw-text-large tw-ta\" dir=\"ltr\" data-placeholder=\"Prevod\">Biocontainer.<\/li>\n<li class=\"tw-data-text tw-text-large tw-ta\" dir=\"ltr\" data-placeholder=\"Prevod\">Geh\u00e4rtetes Schutzglas - 4<\/li>\n<li class=\"tw-data-text tw-text-large tw-ta\" dir=\"ltr\" data-placeholder=\"Prevod\">Feuerl\u00f6scher aus Stahl.<\/li>\n<li class=\"tw-data-text tw-text-large tw-ta\" dir=\"ltr\" data-placeholder=\"Prevod\">Gebrauchsanweisung<\/li>\n<\/ul>\n","protected":false},"excerpt":{"rendered":"<p id=\"tw-target-text\" class=\"tw-data-text tw-text-large tw-ta\" dir=\"ltr\" data-placeholder=\"Prevod\"><span class=\"Y2IQFc\" lang=\"sl\">Der Tischkamin Tango 3 erm\u00f6glicht es Ihnen, das Feuer von vier Seiten zu sehen. Die Glasscheiben, die klassische Form und das schlichte Design machen ihn perfekt f\u00fcr jede Einrichtung. Dank seiner leichten Konstruktion l\u00e4sst sich Tango leicht bewegen und dort aufstellen, wo Sie m\u00f6chten. Er ist ein freistehender Ethanol-Kamin, der sowohl f\u00fcr das Haus als auch f\u00fcr den Garten geeignet ist. Tango ist in zwei Farben erh\u00e4ltlich - wei\u00df oder schwarz - so dass jeder das richtige Modell f\u00fcr seine Bed\u00fcrfnisse w\u00e4hlen kann.    <\/span><\/p>\n","protected":false},"featured_media":246125,"comment_status":"closed","ping_status":"closed","template":"","meta":{"_et_pb_use_builder":"","_et_pb_old_content":"","_et_gb_content_width":""},"product_brand":[],"product_cat":[147,148,146],"product_tag":[],"class_list":{"0":"post-246621","1":"product","2":"type-product","3":"status-publish","4":"has-post-thumbnail","6":"product_cat-bioethanol-kamine","7":"product_cat-freistehende-bioethanol-kamine","8":"product_cat-kamine-feuerstellen","10":"first","11":"instock","12":"taxable","13":"shipping-taxable","14":"purchasable","15":"product-type-simple"},"yoast_head":"<!-- This site is optimized with the Yoast SEO plugin v26.8 - https:\/\/yoast.com\/product\/yoast-seo-wordpress\/ -->\n<title>Freistehender Bioethanol-Kamin TANGO 3 T\u00dcV, schwarz - Zatler.eu<\/title>\n<meta name=\"robots\" content=\"index, follow, max-snippet:-1, max-image-preview:large, max-video-preview:-1\" \/>\n<link rel=\"canonical\" href=\"https:\/\/zatler.eu\/de\/produkt\/freistehender-bioethanol-kamin-tango-3-tuev-schwarz\/\" \/>\n<meta property=\"og:locale\" content=\"de_DE\" \/>\n<meta property=\"og:type\" content=\"article\" \/>\n<meta property=\"og:title\" content=\"Freistehender Bioethanol-Kamin TANGO 3 T\u00dcV, schwarz - Zatler.eu\" \/>\n<meta property=\"og:description\" content=\"Der Tischkamin Tango 3 erm\u00f6glicht es Ihnen, das Feuer von vier Seiten zu sehen. Die Glasscheiben, die klassische Form und das schlichte Design machen ihn perfekt f\u00fcr jede Einrichtung. Dank seiner leichten Konstruktion l\u00e4sst sich Tango leicht bewegen und dort aufstellen, wo Sie m\u00f6chten. Er ist ein freistehender Ethanol-Kamin, der sowohl f\u00fcr das Haus als auch f\u00fcr den Garten geeignet ist. Tango ist in zwei Farben erh\u00e4ltlich - wei\u00df oder schwarz - so dass jeder das richtige Modell f\u00fcr seine Bed\u00fcrfnisse w\u00e4hlen kann.\" \/>\n<meta property=\"og:url\" content=\"https:\/\/zatler.eu\/de\/produkt\/freistehender-bioethanol-kamin-tango-3-tuev-schwarz\/\" \/>\n<meta property=\"og:site_name\" content=\"Zatler.eu\" \/>\n<meta property=\"article:modified_time\" content=\"2025-06-05T06:31:28+00:00\" \/>\n<meta property=\"og:image\" content=\"https:\/\/zatler.eu\/wp-content\/uploads\/2023\/02\/01_Takie_Tango.png\" \/>\n\t<meta property=\"og:image:width\" content=\"650\" \/>\n\t<meta property=\"og:image:height\" content=\"650\" \/>\n\t<meta property=\"og:image:type\" content=\"image\/png\" \/>\n<meta name=\"twitter:card\" content=\"summary_large_image\" \/>\n<meta name=\"twitter:label1\" content=\"Gesch\u00e4tzte Lesezeit\" \/>\n\t<meta name=\"twitter:data1\" content=\"1\u00a0Minute\" \/>\n<script type=\"application\/ld+json\" class=\"yoast-schema-graph\">{\"@context\":\"https:\/\/schema.org\",\"@graph\":[{\"@type\":\"WebPage\",\"@id\":\"https:\/\/zatler.eu\/de\/produkt\/freistehender-bioethanol-kamin-tango-3-tuev-schwarz\/\",\"url\":\"https:\/\/zatler.eu\/de\/produkt\/freistehender-bioethanol-kamin-tango-3-tuev-schwarz\/\",\"name\":\"Freistehender Bioethanol-Kamin TANGO 3 T\u00dcV, schwarz - Zatler.eu\",\"isPartOf\":{\"@id\":\"https:\/\/zatler.eu\/de\/#website\"},\"primaryImageOfPage\":{\"@id\":\"https:\/\/zatler.eu\/de\/produkt\/freistehender-bioethanol-kamin-tango-3-tuev-schwarz\/#primaryimage\"},\"image\":{\"@id\":\"https:\/\/zatler.eu\/de\/produkt\/freistehender-bioethanol-kamin-tango-3-tuev-schwarz\/#primaryimage\"},\"thumbnailUrl\":\"https:\/\/zatler.eu\/wp-content\/uploads\/2023\/02\/01_Takie_Tango.png\",\"datePublished\":\"2023-02-16T12:11:23+00:00\",\"dateModified\":\"2025-06-05T06:31:28+00:00\",\"breadcrumb\":{\"@id\":\"https:\/\/zatler.eu\/de\/produkt\/freistehender-bioethanol-kamin-tango-3-tuev-schwarz\/#breadcrumb\"},\"inLanguage\":\"de\",\"potentialAction\":[{\"@type\":\"ReadAction\",\"target\":[\"https:\/\/zatler.eu\/de\/produkt\/freistehender-bioethanol-kamin-tango-3-tuev-schwarz\/\"]}]},{\"@type\":\"ImageObject\",\"inLanguage\":\"de\",\"@id\":\"https:\/\/zatler.eu\/de\/produkt\/freistehender-bioethanol-kamin-tango-3-tuev-schwarz\/#primaryimage\",\"url\":\"https:\/\/zatler.eu\/wp-content\/uploads\/2023\/02\/01_Takie_Tango.png\",\"contentUrl\":\"https:\/\/zatler.eu\/wp-content\/uploads\/2023\/02\/01_Takie_Tango.png\",\"width\":650,\"height\":650},{\"@type\":\"BreadcrumbList\",\"@id\":\"https:\/\/zatler.eu\/de\/produkt\/freistehender-bioethanol-kamin-tango-3-tuev-schwarz\/#breadcrumb\",\"itemListElement\":[{\"@type\":\"ListItem\",\"position\":1,\"name\":\"Home\",\"item\":\"https:\/\/zatler.eu\/de\/\"},{\"@type\":\"ListItem\",\"position\":2,\"name\":\"Shop\",\"item\":\"https:\/\/zatler.eu\/de\/shop\/\"},{\"@type\":\"ListItem\",\"position\":3,\"name\":\"Freistehender Bioethanol-Kamin TANGO 3 T\u00dcV, schwarz\"}]},{\"@type\":\"WebSite\",\"@id\":\"https:\/\/zatler.eu\/de\/#website\",\"url\":\"https:\/\/zatler.eu\/de\/\",\"name\":\"Zatler.eu\",\"description\":\"kreativnost bivanja\",\"publisher\":{\"@id\":\"https:\/\/zatler.eu\/de\/#organization\"},\"potentialAction\":[{\"@type\":\"SearchAction\",\"target\":{\"@type\":\"EntryPoint\",\"urlTemplate\":\"https:\/\/zatler.eu\/de\/?s={search_term_string}\"},\"query-input\":{\"@type\":\"PropertyValueSpecification\",\"valueRequired\":true,\"valueName\":\"search_term_string\"}}],\"inLanguage\":\"de\"},{\"@type\":\"Organization\",\"@id\":\"https:\/\/zatler.eu\/de\/#organization\",\"name\":\"Zatler.eu\",\"url\":\"https:\/\/zatler.eu\/de\/\",\"logo\":{\"@type\":\"ImageObject\",\"inLanguage\":\"de\",\"@id\":\"https:\/\/zatler.eu\/de\/#\/schema\/logo\/image\/\",\"url\":\"https:\/\/zatler.eu\/wp-content\/uploads\/2022\/12\/Zatler-doo.png\",\"contentUrl\":\"https:\/\/zatler.eu\/wp-content\/uploads\/2022\/12\/Zatler-doo.png\",\"width\":238,\"height\":141,\"caption\":\"Zatler.eu\"},\"image\":{\"@id\":\"https:\/\/zatler.eu\/de\/#\/schema\/logo\/image\/\"}}]}<\/script>\n<!-- \/ Yoast SEO plugin. -->","yoast_head_json":{"title":"Freistehender Bioethanol-Kamin TANGO 3 T\u00dcV, schwarz - Zatler.eu","robots":{"index":"index","follow":"follow","max-snippet":"max-snippet:-1","max-image-preview":"max-image-preview:large","max-video-preview":"max-video-preview:-1"},"canonical":"https:\/\/zatler.eu\/de\/produkt\/freistehender-bioethanol-kamin-tango-3-tuev-schwarz\/","og_locale":"de_DE","og_type":"article","og_title":"Freistehender Bioethanol-Kamin TANGO 3 T\u00dcV, schwarz - Zatler.eu","og_description":"Der Tischkamin Tango 3 erm\u00f6glicht es Ihnen, das Feuer von vier Seiten zu sehen. Die Glasscheiben, die klassische Form und das schlichte Design machen ihn perfekt f\u00fcr jede Einrichtung. Dank seiner leichten Konstruktion l\u00e4sst sich Tango leicht bewegen und dort aufstellen, wo Sie m\u00f6chten. Er ist ein freistehender Ethanol-Kamin, der sowohl f\u00fcr das Haus als auch f\u00fcr den Garten geeignet ist. Tango ist in zwei Farben erh\u00e4ltlich - wei\u00df oder schwarz - so dass jeder das richtige Modell f\u00fcr seine Bed\u00fcrfnisse w\u00e4hlen kann.","og_url":"https:\/\/zatler.eu\/de\/produkt\/freistehender-bioethanol-kamin-tango-3-tuev-schwarz\/","og_site_name":"Zatler.eu","article_modified_time":"2025-06-05T06:31:28+00:00","og_image":[{"width":650,"height":650,"url":"https:\/\/zatler.eu\/wp-content\/uploads\/2023\/02\/01_Takie_Tango.png","type":"image\/png"}],"twitter_card":"summary_large_image","twitter_misc":{"Gesch\u00e4tzte Lesezeit":"1\u00a0Minute"},"schema":{"@context":"https:\/\/schema.org","@graph":[{"@type":"WebPage","@id":"https:\/\/zatler.eu\/de\/produkt\/freistehender-bioethanol-kamin-tango-3-tuev-schwarz\/","url":"https:\/\/zatler.eu\/de\/produkt\/freistehender-bioethanol-kamin-tango-3-tuev-schwarz\/","name":"Freistehender Bioethanol-Kamin TANGO 3 T\u00dcV, schwarz - Zatler.eu","isPartOf":{"@id":"https:\/\/zatler.eu\/de\/#website"},"primaryImageOfPage":{"@id":"https:\/\/zatler.eu\/de\/produkt\/freistehender-bioethanol-kamin-tango-3-tuev-schwarz\/#primaryimage"},"image":{"@id":"https:\/\/zatler.eu\/de\/produkt\/freistehender-bioethanol-kamin-tango-3-tuev-schwarz\/#primaryimage"},"thumbnailUrl":"https:\/\/zatler.eu\/wp-content\/uploads\/2023\/02\/01_Takie_Tango.png","datePublished":"2023-02-16T12:11:23+00:00","dateModified":"2025-06-05T06:31:28+00:00","breadcrumb":{"@id":"https:\/\/zatler.eu\/de\/produkt\/freistehender-bioethanol-kamin-tango-3-tuev-schwarz\/#breadcrumb"},"inLanguage":"de","potentialAction":[{"@type":"ReadAction","target":["https:\/\/zatler.eu\/de\/produkt\/freistehender-bioethanol-kamin-tango-3-tuev-schwarz\/"]}]},{"@type":"ImageObject","inLanguage":"de","@id":"https:\/\/zatler.eu\/de\/produkt\/freistehender-bioethanol-kamin-tango-3-tuev-schwarz\/#primaryimage","url":"https:\/\/zatler.eu\/wp-content\/uploads\/2023\/02\/01_Takie_Tango.png","contentUrl":"https:\/\/zatler.eu\/wp-content\/uploads\/2023\/02\/01_Takie_Tango.png","width":650,"height":650},{"@type":"BreadcrumbList","@id":"https:\/\/zatler.eu\/de\/produkt\/freistehender-bioethanol-kamin-tango-3-tuev-schwarz\/#breadcrumb","itemListElement":[{"@type":"ListItem","position":1,"name":"Home","item":"https:\/\/zatler.eu\/de\/"},{"@type":"ListItem","position":2,"name":"Shop","item":"https:\/\/zatler.eu\/de\/shop\/"},{"@type":"ListItem","position":3,"name":"Freistehender Bioethanol-Kamin TANGO 3 T\u00dcV, schwarz"}]},{"@type":"WebSite","@id":"https:\/\/zatler.eu\/de\/#website","url":"https:\/\/zatler.eu\/de\/","name":"Zatler.eu","description":"kreativnost bivanja","publisher":{"@id":"https:\/\/zatler.eu\/de\/#organization"},"potentialAction":[{"@type":"SearchAction","target":{"@type":"EntryPoint","urlTemplate":"https:\/\/zatler.eu\/de\/?s={search_term_string}"},"query-input":{"@type":"PropertyValueSpecification","valueRequired":true,"valueName":"search_term_string"}}],"inLanguage":"de"},{"@type":"Organization","@id":"https:\/\/zatler.eu\/de\/#organization","name":"Zatler.eu","url":"https:\/\/zatler.eu\/de\/","logo":{"@type":"ImageObject","inLanguage":"de","@id":"https:\/\/zatler.eu\/de\/#\/schema\/logo\/image\/","url":"https:\/\/zatler.eu\/wp-content\/uploads\/2022\/12\/Zatler-doo.png","contentUrl":"https:\/\/zatler.eu\/wp-content\/uploads\/2022\/12\/Zatler-doo.png","width":238,"height":141,"caption":"Zatler.eu"},"image":{"@id":"https:\/\/zatler.eu\/de\/#\/schema\/logo\/image\/"}}]}},"jetpack_sharing_enabled":true,"_links":{"self":[{"href":"https:\/\/zatler.eu\/de\/wp-json\/wp\/v2\/product\/246621","targetHints":{"allow":["GET"]}}],"collection":[{"href":"https:\/\/zatler.eu\/de\/wp-json\/wp\/v2\/product"}],"about":[{"href":"https:\/\/zatler.eu\/de\/wp-json\/wp\/v2\/types\/product"}],"replies":[{"embeddable":true,"href":"https:\/\/zatler.eu\/de\/wp-json\/wp\/v2\/comments?post=246621"}],"wp:featuredmedia":[{"embeddable":true,"href":"https:\/\/zatler.eu\/de\/wp-json\/wp\/v2\/media\/246125"}],"wp:attachment":[{"href":"https:\/\/zatler.eu\/de\/wp-json\/wp\/v2\/media?parent=246621"}],"wp:term":[{"taxonomy":"product_brand","embeddable":true,"href":"https:\/\/zatler.eu\/de\/wp-json\/wp\/v2\/product_brand?post=246621"},{"taxonomy":"product_cat","embeddable":true,"href":"https:\/\/zatler.eu\/de\/wp-json\/wp\/v2\/product_cat?post=246621"},{"taxonomy":"product_tag","embeddable":true,"href":"https:\/\/zatler.eu\/de\/wp-json\/wp\/v2\/product_tag?post=246621"}],"curies":[{"name":"wp","href":"https:\/\/api.w.org\/{rel}","templated":true}]}}