{"id":246626,"date":"2023-02-16T11:35:43","date_gmt":"2023-02-16T11:35:43","guid":{"rendered":"https:\/\/zatler.eu\/izdelek\/galina-tuev-bioethanol-tischkamin\/"},"modified":"2025-06-05T06:31:34","modified_gmt":"2025-06-05T06:31:34","slug":"galina-tuev-bioethanol-tischkamin","status":"publish","type":"product","link":"https:\/\/zatler.eu\/de\/produkt\/galina-tuev-bioethanol-tischkamin\/","title":{"rendered":"GALINA T\u00dcV Bioethanol-Tischkamin"},"content":{"rendered":"<p>Merkmale und Vorteile:<\/p>\n<ul>\n<li>Sie verbrennen Biobrennstoff in einem Biobrennstoffkocher, den Sie in einen in den Biobrennstoffkocher gestellten Beh\u00e4lter f\u00fcllen, anz\u00fcnden und das Feuer sofort genie\u00dfen.<\/li>\n<li>Wenn er brennt, hebt er die Raumtemperatur um ca. 2-3 Grad an - ideal f\u00fcr k\u00fchlere Abende.<\/li>\n<li>Rauchfrei - bei der Verbrennung werden kein Rauch und keine sch\u00e4dlichen Stoffe freigesetzt, sondern nur Wasserdampf und Kohlendioxid in kleinen Mengen, die wir selbst ausatmen, so dass es v\u00f6llig umweltfreundlich ist.<\/li>\n<li>Es ist leicht und einfach zu tragen.<\/li>\n<li>Sicherheitsglas zum Schutz vor Feuer.<\/li>\n<li>Hergestellt aus hochwertigem Stahl, der ihn f\u00fcr viele Jahre haltbar macht.<\/li>\n<li>Gef\u00e4rbt mit einem speziell ausgew\u00e4hlten permanenten Farbstoff, dessen Mischung eine hohe Temperaturbest\u00e4ndigkeit gew\u00e4hrleistet.<\/li>\n<li>Die glatte Oberfl\u00e4che mit gleichm\u00e4\u00dfiger Textur macht es einfach zu benutzen und zu pflegen.<\/li>\n<li>Der l\u00e4ngliche Brennstofftank erm\u00f6glicht eine sch\u00f6ne Pr\u00e4sentation des Feuers in der Mitte des Biokamins.<\/li>\n<li>Langlebiger Biokraftstofftank aus Edelstahl.<\/li>\n<li>Zertifiziert f\u00fcr Sicherheit durch T\u00dcV Rheinnland Polen.<\/li>\n<li>Ausgestattet mit einem Sicherheits-Bioswale, um das Auslaufen von Kraftstoff zu verhindern.<\/li>\n<li>Volumen der Biowanne: 0,3 Liter.<\/li>\n<li>Sie k\u00f6nnen ihn jederzeit mit dem mitgelieferten Griff ausschalten.<\/li>\n<li>Platz, um dekorative Elemente wie Steine, Kristalle oder Holz zu arrangieren.<\/li>\n<\/ul>\n<p>Enth\u00e4lt:<\/p>\n<ul>\n<li>Galina Bio-Kamin<\/li>\n<li>Biokraftstoff-Halter<\/li>\n<li>Geh\u00e4rtete Glasplatten - 2 St\u00fcck<\/li>\n<li>Handgriff zum Feuerl\u00f6schen<\/li>\n<li>Gebrauchsanweisung<\/li>\n<\/ul>\n","protected":false},"excerpt":{"rendered":"<div id=\"tw-target-text-container\" class=\"tw-ta-container F0azHf tw-nfl\" tabindex=\"0\">\n<p id=\"tw-target-text\" class=\"tw-data-text tw-text-large tw-ta\" dir=\"ltr\" data-placeholder=\"Prevod\"><span class=\"Y2IQFc\" lang=\"sl\">Der Biokamin GALINA ist ein Vorschlag f\u00fcr alle, die einen freistehenden Biokamin suchen. Die M\u00f6glichkeit, ihn an jedem beliebigen Ort aufzustellen und sein interessantes Design machen ihn ideal f\u00fcr gro\u00dfe Wohnr\u00e4ume, B\u00fcros und Wohnungen. Bei gutem Wetter kann er auch als Dekoration f\u00fcr eine Terrasse oder einen Garten dienen, z.B. an warmen Sommerabenden. Vor allem an langen Winternachmittagen ist er die perfekte Erg\u00e4nzung zu einer modernen Einrichtung. Mit seinen schlichten, eleganten Formen und dem Material, aus dem er gefertigt ist, f\u00fcgt sich der Kamin perfekt in die Gestaltung des Raumes ein, schafft eine gem\u00fctliche Atmosph\u00e4re und l\u00e4sst Sie mit einem echten Feuer in Ber\u00fchrung kommen. Die robuste Konstruktion und die Glasscheiben auf beiden Seiten des Kamins machen ihn sicher in der Anwendung und sch\u00fctzen Kinder und Haustiere vor Gefahren. Wie jeder freistehende Kamin kann er an jeden beliebigen Ort gestellt werden.       <\/span><\/p>\n<\/div>\n<div id=\"tw-target-rmn-container\" class=\"tw-target-rmn tw-ta-container F0azHf tw-nfl\">\n<pre id=\"tw-target-rmn\" class=\"tw-data-placeholder tw-text-small tw-ta\" dir=\"ltr\" data-placeholder=\"\"><\/pre>\n<\/div>\n<div class=\"iYB33c\">\n<div class=\"dlJLJe\">\n<div data-cviv=\"false\" data-ved=\"2ahUKEwjvn-Ce-5b9AhUXhP0HHaO1AAoQz_AEegQIBRAP\"><\/div>\n<\/div>\n<div id=\"tw-tmenu\" class=\"tw-menu\"><\/div>\n<\/div>\n","protected":false},"featured_media":246117,"comment_status":"closed","ping_status":"closed","template":"","meta":{"_et_pb_use_builder":"","_et_pb_old_content":"","_et_gb_content_width":""},"product_brand":[],"product_cat":[147,148,146],"product_tag":[],"class_list":{"0":"post-246626","1":"product","2":"type-product","3":"status-publish","4":"has-post-thumbnail","6":"product_cat-bioethanol-kamine","7":"product_cat-freistehende-bioethanol-kamine","8":"product_cat-kamine-feuerstellen","10":"first","11":"instock","12":"taxable","13":"shipping-taxable","14":"purchasable","15":"product-type-simple"},"yoast_head":"<!-- This site is optimized with the Yoast SEO plugin v26.8 - https:\/\/yoast.com\/product\/yoast-seo-wordpress\/ -->\n<title>GALINA T\u00dcV Bioethanol-Tischkamin - Zatler.eu<\/title>\n<meta name=\"robots\" content=\"index, follow, max-snippet:-1, max-image-preview:large, max-video-preview:-1\" \/>\n<link rel=\"canonical\" href=\"https:\/\/zatler.eu\/de\/produkt\/galina-tuev-bioethanol-tischkamin\/\" \/>\n<meta property=\"og:locale\" content=\"de_DE\" \/>\n<meta property=\"og:type\" content=\"article\" \/>\n<meta property=\"og:title\" content=\"GALINA T\u00dcV Bioethanol-Tischkamin - Zatler.eu\" \/>\n<meta property=\"og:description\" content=\"Der Biokamin GALINA ist ein Vorschlag f\u00fcr alle, die einen freistehenden Biokamin suchen. Die M\u00f6glichkeit, ihn an jedem beliebigen Ort aufzustellen und sein interessantes Design machen ihn ideal f\u00fcr gro\u00dfe Wohnr\u00e4ume, B\u00fcros und Wohnungen. Bei gutem Wetter kann er auch als Dekoration f\u00fcr eine Terrasse oder einen Garten dienen, z.B. an warmen Sommerabenden. Vor allem an langen Winternachmittagen ist er die perfekte Erg\u00e4nzung zu einer modernen Einrichtung. Mit seinen schlichten, eleganten Formen und dem Material, aus dem er gefertigt ist, f\u00fcgt sich der Kamin perfekt in die Gestaltung des Raumes ein, schafft eine gem\u00fctliche Atmosph\u00e4re und l\u00e4sst Sie mit einem echten Feuer in Ber\u00fchrung kommen. Die robuste Konstruktion und die Glasscheiben auf beiden Seiten des Kamins machen ihn sicher in der Anwendung und sch\u00fctzen Kinder und Haustiere vor Gefahren. Wie jeder freistehende Kamin kann er an jeden beliebigen Ort gestellt werden.\" \/>\n<meta property=\"og:url\" content=\"https:\/\/zatler.eu\/de\/produkt\/galina-tuev-bioethanol-tischkamin\/\" \/>\n<meta property=\"og:site_name\" content=\"Zatler.eu\" \/>\n<meta property=\"article:modified_time\" content=\"2025-06-05T06:31:34+00:00\" \/>\n<meta property=\"og:image\" content=\"https:\/\/zatler.eu\/wp-content\/uploads\/2023\/02\/wiz5galina_30642.jpg\" \/>\n\t<meta property=\"og:image:width\" content=\"1000\" \/>\n\t<meta property=\"og:image:height\" content=\"1000\" \/>\n\t<meta property=\"og:image:type\" content=\"image\/jpeg\" \/>\n<meta name=\"twitter:card\" content=\"summary_large_image\" \/>\n<meta name=\"twitter:label1\" content=\"Gesch\u00e4tzte Lesezeit\" \/>\n\t<meta name=\"twitter:data1\" content=\"1\u00a0Minute\" \/>\n<script type=\"application\/ld+json\" class=\"yoast-schema-graph\">{\"@context\":\"https:\/\/schema.org\",\"@graph\":[{\"@type\":\"WebPage\",\"@id\":\"https:\/\/zatler.eu\/de\/produkt\/galina-tuev-bioethanol-tischkamin\/\",\"url\":\"https:\/\/zatler.eu\/de\/produkt\/galina-tuev-bioethanol-tischkamin\/\",\"name\":\"GALINA T\u00dcV Bioethanol-Tischkamin - Zatler.eu\",\"isPartOf\":{\"@id\":\"https:\/\/zatler.eu\/de\/#website\"},\"primaryImageOfPage\":{\"@id\":\"https:\/\/zatler.eu\/de\/produkt\/galina-tuev-bioethanol-tischkamin\/#primaryimage\"},\"image\":{\"@id\":\"https:\/\/zatler.eu\/de\/produkt\/galina-tuev-bioethanol-tischkamin\/#primaryimage\"},\"thumbnailUrl\":\"https:\/\/zatler.eu\/wp-content\/uploads\/2023\/02\/wiz5galina_30642.jpg\",\"datePublished\":\"2023-02-16T11:35:43+00:00\",\"dateModified\":\"2025-06-05T06:31:34+00:00\",\"breadcrumb\":{\"@id\":\"https:\/\/zatler.eu\/de\/produkt\/galina-tuev-bioethanol-tischkamin\/#breadcrumb\"},\"inLanguage\":\"de\",\"potentialAction\":[{\"@type\":\"ReadAction\",\"target\":[\"https:\/\/zatler.eu\/de\/produkt\/galina-tuev-bioethanol-tischkamin\/\"]}]},{\"@type\":\"ImageObject\",\"inLanguage\":\"de\",\"@id\":\"https:\/\/zatler.eu\/de\/produkt\/galina-tuev-bioethanol-tischkamin\/#primaryimage\",\"url\":\"https:\/\/zatler.eu\/wp-content\/uploads\/2023\/02\/wiz5galina_30642.jpg\",\"contentUrl\":\"https:\/\/zatler.eu\/wp-content\/uploads\/2023\/02\/wiz5galina_30642.jpg\",\"width\":1000,\"height\":1000},{\"@type\":\"BreadcrumbList\",\"@id\":\"https:\/\/zatler.eu\/de\/produkt\/galina-tuev-bioethanol-tischkamin\/#breadcrumb\",\"itemListElement\":[{\"@type\":\"ListItem\",\"position\":1,\"name\":\"Home\",\"item\":\"https:\/\/zatler.eu\/de\/\"},{\"@type\":\"ListItem\",\"position\":2,\"name\":\"Shop\",\"item\":\"https:\/\/zatler.eu\/de\/shop\/\"},{\"@type\":\"ListItem\",\"position\":3,\"name\":\"GALINA T\u00dcV Bioethanol-Tischkamin\"}]},{\"@type\":\"WebSite\",\"@id\":\"https:\/\/zatler.eu\/de\/#website\",\"url\":\"https:\/\/zatler.eu\/de\/\",\"name\":\"Zatler.eu\",\"description\":\"kreativnost bivanja\",\"publisher\":{\"@id\":\"https:\/\/zatler.eu\/de\/#organization\"},\"potentialAction\":[{\"@type\":\"SearchAction\",\"target\":{\"@type\":\"EntryPoint\",\"urlTemplate\":\"https:\/\/zatler.eu\/de\/?s={search_term_string}\"},\"query-input\":{\"@type\":\"PropertyValueSpecification\",\"valueRequired\":true,\"valueName\":\"search_term_string\"}}],\"inLanguage\":\"de\"},{\"@type\":\"Organization\",\"@id\":\"https:\/\/zatler.eu\/de\/#organization\",\"name\":\"Zatler.eu\",\"url\":\"https:\/\/zatler.eu\/de\/\",\"logo\":{\"@type\":\"ImageObject\",\"inLanguage\":\"de\",\"@id\":\"https:\/\/zatler.eu\/de\/#\/schema\/logo\/image\/\",\"url\":\"https:\/\/zatler.eu\/wp-content\/uploads\/2022\/12\/Zatler-doo.png\",\"contentUrl\":\"https:\/\/zatler.eu\/wp-content\/uploads\/2022\/12\/Zatler-doo.png\",\"width\":238,\"height\":141,\"caption\":\"Zatler.eu\"},\"image\":{\"@id\":\"https:\/\/zatler.eu\/de\/#\/schema\/logo\/image\/\"}}]}<\/script>\n<!-- \/ Yoast SEO plugin. -->","yoast_head_json":{"title":"GALINA T\u00dcV Bioethanol-Tischkamin - Zatler.eu","robots":{"index":"index","follow":"follow","max-snippet":"max-snippet:-1","max-image-preview":"max-image-preview:large","max-video-preview":"max-video-preview:-1"},"canonical":"https:\/\/zatler.eu\/de\/produkt\/galina-tuev-bioethanol-tischkamin\/","og_locale":"de_DE","og_type":"article","og_title":"GALINA T\u00dcV Bioethanol-Tischkamin - Zatler.eu","og_description":"Der Biokamin GALINA ist ein Vorschlag f\u00fcr alle, die einen freistehenden Biokamin suchen. Die M\u00f6glichkeit, ihn an jedem beliebigen Ort aufzustellen und sein interessantes Design machen ihn ideal f\u00fcr gro\u00dfe Wohnr\u00e4ume, B\u00fcros und Wohnungen. Bei gutem Wetter kann er auch als Dekoration f\u00fcr eine Terrasse oder einen Garten dienen, z.B. an warmen Sommerabenden. Vor allem an langen Winternachmittagen ist er die perfekte Erg\u00e4nzung zu einer modernen Einrichtung. Mit seinen schlichten, eleganten Formen und dem Material, aus dem er gefertigt ist, f\u00fcgt sich der Kamin perfekt in die Gestaltung des Raumes ein, schafft eine gem\u00fctliche Atmosph\u00e4re und l\u00e4sst Sie mit einem echten Feuer in Ber\u00fchrung kommen. Die robuste Konstruktion und die Glasscheiben auf beiden Seiten des Kamins machen ihn sicher in der Anwendung und sch\u00fctzen Kinder und Haustiere vor Gefahren. Wie jeder freistehende Kamin kann er an jeden beliebigen Ort gestellt werden.","og_url":"https:\/\/zatler.eu\/de\/produkt\/galina-tuev-bioethanol-tischkamin\/","og_site_name":"Zatler.eu","article_modified_time":"2025-06-05T06:31:34+00:00","og_image":[{"width":1000,"height":1000,"url":"https:\/\/zatler.eu\/wp-content\/uploads\/2023\/02\/wiz5galina_30642.jpg","type":"image\/jpeg"}],"twitter_card":"summary_large_image","twitter_misc":{"Gesch\u00e4tzte Lesezeit":"1\u00a0Minute"},"schema":{"@context":"https:\/\/schema.org","@graph":[{"@type":"WebPage","@id":"https:\/\/zatler.eu\/de\/produkt\/galina-tuev-bioethanol-tischkamin\/","url":"https:\/\/zatler.eu\/de\/produkt\/galina-tuev-bioethanol-tischkamin\/","name":"GALINA T\u00dcV Bioethanol-Tischkamin - Zatler.eu","isPartOf":{"@id":"https:\/\/zatler.eu\/de\/#website"},"primaryImageOfPage":{"@id":"https:\/\/zatler.eu\/de\/produkt\/galina-tuev-bioethanol-tischkamin\/#primaryimage"},"image":{"@id":"https:\/\/zatler.eu\/de\/produkt\/galina-tuev-bioethanol-tischkamin\/#primaryimage"},"thumbnailUrl":"https:\/\/zatler.eu\/wp-content\/uploads\/2023\/02\/wiz5galina_30642.jpg","datePublished":"2023-02-16T11:35:43+00:00","dateModified":"2025-06-05T06:31:34+00:00","breadcrumb":{"@id":"https:\/\/zatler.eu\/de\/produkt\/galina-tuev-bioethanol-tischkamin\/#breadcrumb"},"inLanguage":"de","potentialAction":[{"@type":"ReadAction","target":["https:\/\/zatler.eu\/de\/produkt\/galina-tuev-bioethanol-tischkamin\/"]}]},{"@type":"ImageObject","inLanguage":"de","@id":"https:\/\/zatler.eu\/de\/produkt\/galina-tuev-bioethanol-tischkamin\/#primaryimage","url":"https:\/\/zatler.eu\/wp-content\/uploads\/2023\/02\/wiz5galina_30642.jpg","contentUrl":"https:\/\/zatler.eu\/wp-content\/uploads\/2023\/02\/wiz5galina_30642.jpg","width":1000,"height":1000},{"@type":"BreadcrumbList","@id":"https:\/\/zatler.eu\/de\/produkt\/galina-tuev-bioethanol-tischkamin\/#breadcrumb","itemListElement":[{"@type":"ListItem","position":1,"name":"Home","item":"https:\/\/zatler.eu\/de\/"},{"@type":"ListItem","position":2,"name":"Shop","item":"https:\/\/zatler.eu\/de\/shop\/"},{"@type":"ListItem","position":3,"name":"GALINA T\u00dcV Bioethanol-Tischkamin"}]},{"@type":"WebSite","@id":"https:\/\/zatler.eu\/de\/#website","url":"https:\/\/zatler.eu\/de\/","name":"Zatler.eu","description":"kreativnost bivanja","publisher":{"@id":"https:\/\/zatler.eu\/de\/#organization"},"potentialAction":[{"@type":"SearchAction","target":{"@type":"EntryPoint","urlTemplate":"https:\/\/zatler.eu\/de\/?s={search_term_string}"},"query-input":{"@type":"PropertyValueSpecification","valueRequired":true,"valueName":"search_term_string"}}],"inLanguage":"de"},{"@type":"Organization","@id":"https:\/\/zatler.eu\/de\/#organization","name":"Zatler.eu","url":"https:\/\/zatler.eu\/de\/","logo":{"@type":"ImageObject","inLanguage":"de","@id":"https:\/\/zatler.eu\/de\/#\/schema\/logo\/image\/","url":"https:\/\/zatler.eu\/wp-content\/uploads\/2022\/12\/Zatler-doo.png","contentUrl":"https:\/\/zatler.eu\/wp-content\/uploads\/2022\/12\/Zatler-doo.png","width":238,"height":141,"caption":"Zatler.eu"},"image":{"@id":"https:\/\/zatler.eu\/de\/#\/schema\/logo\/image\/"}}]}},"jetpack_sharing_enabled":true,"_links":{"self":[{"href":"https:\/\/zatler.eu\/de\/wp-json\/wp\/v2\/product\/246626","targetHints":{"allow":["GET"]}}],"collection":[{"href":"https:\/\/zatler.eu\/de\/wp-json\/wp\/v2\/product"}],"about":[{"href":"https:\/\/zatler.eu\/de\/wp-json\/wp\/v2\/types\/product"}],"replies":[{"embeddable":true,"href":"https:\/\/zatler.eu\/de\/wp-json\/wp\/v2\/comments?post=246626"}],"wp:featuredmedia":[{"embeddable":true,"href":"https:\/\/zatler.eu\/de\/wp-json\/wp\/v2\/media\/246117"}],"wp:attachment":[{"href":"https:\/\/zatler.eu\/de\/wp-json\/wp\/v2\/media?parent=246626"}],"wp:term":[{"taxonomy":"product_brand","embeddable":true,"href":"https:\/\/zatler.eu\/de\/wp-json\/wp\/v2\/product_brand?post=246626"},{"taxonomy":"product_cat","embeddable":true,"href":"https:\/\/zatler.eu\/de\/wp-json\/wp\/v2\/product_cat?post=246626"},{"taxonomy":"product_tag","embeddable":true,"href":"https:\/\/zatler.eu\/de\/wp-json\/wp\/v2\/product_tag?post=246626"}],"curies":[{"name":"wp","href":"https:\/\/api.w.org\/{rel}","templated":true}]}}