{"id":246704,"date":"2023-02-10T10:39:00","date_gmt":"2023-02-10T10:39:00","guid":{"rendered":"https:\/\/zatler.eu\/izdelek\/blumentopf-corten-ampolleta-l\/"},"modified":"2025-06-05T06:32:57","modified_gmt":"2025-06-05T06:32:57","slug":"blumentopf-corten-ampolleta-l","status":"publish","type":"product","link":"https:\/\/zatler.eu\/de\/produkt\/blumentopf-corten-ampolleta-l\/","title":{"rendered":"Blumentopf Corten AMPOLLETA L"},"content":{"rendered":"<p>60x60x110<\/p>\n","protected":false},"excerpt":{"rendered":"<p>AMPOLLETA L ist ein gro\u00dfer Gartencontainer. Er wurde aus 2 mm dickem Cortenstahl hergestellt. T\u00f6pfe aus Cortenstahl sind sehr haltbar und wartungsfrei. An der Unterseite befinden sich Entw\u00e4sserungsl\u00f6cher. Das Design dieses Blocks wird von vielen Architekten sehr gesch\u00e4tzt. Er kann als Garten-, Balkon- und Terrassentopf verwendet werden. Er passt auch perfekt in Pavillons, Terrassen, Parks und st\u00e4dtische Bereiche. Er eignet sich perfekt als Erg\u00e4nzung zu industriellen, rustikalen, norwegischen, modernistischen und vielen anderen Stilen. Der klumpige Topf sieht beeindruckend aus, besonders in Pflanzenkompositionen, z.B. Zierblumen.         <\/p>\n","protected":false},"featured_media":245707,"comment_status":"open","ping_status":"closed","template":"","meta":{"_et_pb_use_builder":"","_et_pb_old_content":"","_et_gb_content_width":""},"product_brand":[],"product_cat":[127,152,124],"product_tag":[],"class_list":{"0":"post-246704","1":"product","2":"type-product","3":"status-publish","4":"has-post-thumbnail","6":"product_cat-cor-ten-blumentopfe","7":"product_cat-geometrisch-unberechenbar","8":"product_cat-korten-de","10":"first","11":"instock","12":"taxable","13":"shipping-taxable","14":"purchasable","15":"product-type-simple"},"yoast_head":"<!-- This site is optimized with the Yoast SEO plugin v26.8 - https:\/\/yoast.com\/product\/yoast-seo-wordpress\/ -->\n<title>Blumentopf Corten AMPOLLETA L - Zatler.eu<\/title>\n<meta name=\"robots\" content=\"index, follow, max-snippet:-1, max-image-preview:large, max-video-preview:-1\" \/>\n<link rel=\"canonical\" href=\"https:\/\/zatler.eu\/de\/produkt\/blumentopf-corten-ampolleta-l\/\" \/>\n<meta property=\"og:locale\" content=\"de_DE\" \/>\n<meta property=\"og:type\" content=\"article\" \/>\n<meta property=\"og:title\" content=\"Blumentopf Corten AMPOLLETA L - Zatler.eu\" \/>\n<meta property=\"og:description\" content=\"AMPOLLETA L ist ein gro\u00dfer Gartencontainer. Er wurde aus 2 mm dickem Cortenstahl hergestellt. T\u00f6pfe aus Cortenstahl sind sehr haltbar und wartungsfrei. An der Unterseite befinden sich Entw\u00e4sserungsl\u00f6cher. Das Design dieses Blocks wird von vielen Architekten sehr gesch\u00e4tzt. Er kann als Garten-, Balkon- und Terrassentopf verwendet werden. Er passt auch perfekt in Pavillons, Terrassen, Parks und st\u00e4dtische Bereiche. Er eignet sich perfekt als Erg\u00e4nzung zu industriellen, rustikalen, norwegischen, modernistischen und vielen anderen Stilen. Der klumpige Topf sieht beeindruckend aus, besonders in Pflanzenkompositionen, z.B. Zierblumen.\" \/>\n<meta property=\"og:url\" content=\"https:\/\/zatler.eu\/de\/produkt\/blumentopf-corten-ampolleta-l\/\" \/>\n<meta property=\"og:site_name\" content=\"Zatler.eu\" \/>\n<meta property=\"article:modified_time\" content=\"2025-06-05T06:32:57+00:00\" \/>\n<meta property=\"og:image\" content=\"https:\/\/zatler.eu\/wp-content\/uploads\/2023\/02\/designer-pot-corten-Ampoletta_2-1-cortena.jpg\" \/>\n\t<meta property=\"og:image:width\" content=\"1200\" \/>\n\t<meta property=\"og:image:height\" content=\"900\" \/>\n\t<meta property=\"og:image:type\" content=\"image\/jpeg\" \/>\n<meta name=\"twitter:card\" content=\"summary_large_image\" \/>\n<script type=\"application\/ld+json\" class=\"yoast-schema-graph\">{\"@context\":\"https:\/\/schema.org\",\"@graph\":[{\"@type\":\"WebPage\",\"@id\":\"https:\/\/zatler.eu\/de\/produkt\/blumentopf-corten-ampolleta-l\/\",\"url\":\"https:\/\/zatler.eu\/de\/produkt\/blumentopf-corten-ampolleta-l\/\",\"name\":\"Blumentopf Corten AMPOLLETA L - Zatler.eu\",\"isPartOf\":{\"@id\":\"https:\/\/zatler.eu\/de\/#website\"},\"primaryImageOfPage\":{\"@id\":\"https:\/\/zatler.eu\/de\/produkt\/blumentopf-corten-ampolleta-l\/#primaryimage\"},\"image\":{\"@id\":\"https:\/\/zatler.eu\/de\/produkt\/blumentopf-corten-ampolleta-l\/#primaryimage\"},\"thumbnailUrl\":\"https:\/\/zatler.eu\/wp-content\/uploads\/2023\/02\/designer-pot-corten-Ampoletta_2-1-cortena.jpg\",\"datePublished\":\"2023-02-10T10:39:00+00:00\",\"dateModified\":\"2025-06-05T06:32:57+00:00\",\"breadcrumb\":{\"@id\":\"https:\/\/zatler.eu\/de\/produkt\/blumentopf-corten-ampolleta-l\/#breadcrumb\"},\"inLanguage\":\"de\",\"potentialAction\":[{\"@type\":\"ReadAction\",\"target\":[\"https:\/\/zatler.eu\/de\/produkt\/blumentopf-corten-ampolleta-l\/\"]}]},{\"@type\":\"ImageObject\",\"inLanguage\":\"de\",\"@id\":\"https:\/\/zatler.eu\/de\/produkt\/blumentopf-corten-ampolleta-l\/#primaryimage\",\"url\":\"https:\/\/zatler.eu\/wp-content\/uploads\/2023\/02\/designer-pot-corten-Ampoletta_2-1-cortena.jpg\",\"contentUrl\":\"https:\/\/zatler.eu\/wp-content\/uploads\/2023\/02\/designer-pot-corten-Ampoletta_2-1-cortena.jpg\",\"width\":1200,\"height\":900},{\"@type\":\"BreadcrumbList\",\"@id\":\"https:\/\/zatler.eu\/de\/produkt\/blumentopf-corten-ampolleta-l\/#breadcrumb\",\"itemListElement\":[{\"@type\":\"ListItem\",\"position\":1,\"name\":\"Home\",\"item\":\"https:\/\/zatler.eu\/de\/\"},{\"@type\":\"ListItem\",\"position\":2,\"name\":\"Shop\",\"item\":\"https:\/\/zatler.eu\/de\/shop\/\"},{\"@type\":\"ListItem\",\"position\":3,\"name\":\"Blumentopf Corten AMPOLLETA L\"}]},{\"@type\":\"WebSite\",\"@id\":\"https:\/\/zatler.eu\/de\/#website\",\"url\":\"https:\/\/zatler.eu\/de\/\",\"name\":\"Zatler.eu\",\"description\":\"kreativnost bivanja\",\"publisher\":{\"@id\":\"https:\/\/zatler.eu\/de\/#organization\"},\"potentialAction\":[{\"@type\":\"SearchAction\",\"target\":{\"@type\":\"EntryPoint\",\"urlTemplate\":\"https:\/\/zatler.eu\/de\/?s={search_term_string}\"},\"query-input\":{\"@type\":\"PropertyValueSpecification\",\"valueRequired\":true,\"valueName\":\"search_term_string\"}}],\"inLanguage\":\"de\"},{\"@type\":\"Organization\",\"@id\":\"https:\/\/zatler.eu\/de\/#organization\",\"name\":\"Zatler.eu\",\"url\":\"https:\/\/zatler.eu\/de\/\",\"logo\":{\"@type\":\"ImageObject\",\"inLanguage\":\"de\",\"@id\":\"https:\/\/zatler.eu\/de\/#\/schema\/logo\/image\/\",\"url\":\"https:\/\/zatler.eu\/wp-content\/uploads\/2022\/12\/Zatler-doo.png\",\"contentUrl\":\"https:\/\/zatler.eu\/wp-content\/uploads\/2022\/12\/Zatler-doo.png\",\"width\":238,\"height\":141,\"caption\":\"Zatler.eu\"},\"image\":{\"@id\":\"https:\/\/zatler.eu\/de\/#\/schema\/logo\/image\/\"}}]}<\/script>\n<!-- \/ Yoast SEO plugin. -->","yoast_head_json":{"title":"Blumentopf Corten AMPOLLETA L - Zatler.eu","robots":{"index":"index","follow":"follow","max-snippet":"max-snippet:-1","max-image-preview":"max-image-preview:large","max-video-preview":"max-video-preview:-1"},"canonical":"https:\/\/zatler.eu\/de\/produkt\/blumentopf-corten-ampolleta-l\/","og_locale":"de_DE","og_type":"article","og_title":"Blumentopf Corten AMPOLLETA L - Zatler.eu","og_description":"AMPOLLETA L ist ein gro\u00dfer Gartencontainer. Er wurde aus 2 mm dickem Cortenstahl hergestellt. T\u00f6pfe aus Cortenstahl sind sehr haltbar und wartungsfrei. An der Unterseite befinden sich Entw\u00e4sserungsl\u00f6cher. Das Design dieses Blocks wird von vielen Architekten sehr gesch\u00e4tzt. Er kann als Garten-, Balkon- und Terrassentopf verwendet werden. Er passt auch perfekt in Pavillons, Terrassen, Parks und st\u00e4dtische Bereiche. Er eignet sich perfekt als Erg\u00e4nzung zu industriellen, rustikalen, norwegischen, modernistischen und vielen anderen Stilen. Der klumpige Topf sieht beeindruckend aus, besonders in Pflanzenkompositionen, z.B. Zierblumen.","og_url":"https:\/\/zatler.eu\/de\/produkt\/blumentopf-corten-ampolleta-l\/","og_site_name":"Zatler.eu","article_modified_time":"2025-06-05T06:32:57+00:00","og_image":[{"width":1200,"height":900,"url":"https:\/\/zatler.eu\/wp-content\/uploads\/2023\/02\/designer-pot-corten-Ampoletta_2-1-cortena.jpg","type":"image\/jpeg"}],"twitter_card":"summary_large_image","schema":{"@context":"https:\/\/schema.org","@graph":[{"@type":"WebPage","@id":"https:\/\/zatler.eu\/de\/produkt\/blumentopf-corten-ampolleta-l\/","url":"https:\/\/zatler.eu\/de\/produkt\/blumentopf-corten-ampolleta-l\/","name":"Blumentopf Corten AMPOLLETA L - Zatler.eu","isPartOf":{"@id":"https:\/\/zatler.eu\/de\/#website"},"primaryImageOfPage":{"@id":"https:\/\/zatler.eu\/de\/produkt\/blumentopf-corten-ampolleta-l\/#primaryimage"},"image":{"@id":"https:\/\/zatler.eu\/de\/produkt\/blumentopf-corten-ampolleta-l\/#primaryimage"},"thumbnailUrl":"https:\/\/zatler.eu\/wp-content\/uploads\/2023\/02\/designer-pot-corten-Ampoletta_2-1-cortena.jpg","datePublished":"2023-02-10T10:39:00+00:00","dateModified":"2025-06-05T06:32:57+00:00","breadcrumb":{"@id":"https:\/\/zatler.eu\/de\/produkt\/blumentopf-corten-ampolleta-l\/#breadcrumb"},"inLanguage":"de","potentialAction":[{"@type":"ReadAction","target":["https:\/\/zatler.eu\/de\/produkt\/blumentopf-corten-ampolleta-l\/"]}]},{"@type":"ImageObject","inLanguage":"de","@id":"https:\/\/zatler.eu\/de\/produkt\/blumentopf-corten-ampolleta-l\/#primaryimage","url":"https:\/\/zatler.eu\/wp-content\/uploads\/2023\/02\/designer-pot-corten-Ampoletta_2-1-cortena.jpg","contentUrl":"https:\/\/zatler.eu\/wp-content\/uploads\/2023\/02\/designer-pot-corten-Ampoletta_2-1-cortena.jpg","width":1200,"height":900},{"@type":"BreadcrumbList","@id":"https:\/\/zatler.eu\/de\/produkt\/blumentopf-corten-ampolleta-l\/#breadcrumb","itemListElement":[{"@type":"ListItem","position":1,"name":"Home","item":"https:\/\/zatler.eu\/de\/"},{"@type":"ListItem","position":2,"name":"Shop","item":"https:\/\/zatler.eu\/de\/shop\/"},{"@type":"ListItem","position":3,"name":"Blumentopf Corten AMPOLLETA L"}]},{"@type":"WebSite","@id":"https:\/\/zatler.eu\/de\/#website","url":"https:\/\/zatler.eu\/de\/","name":"Zatler.eu","description":"kreativnost bivanja","publisher":{"@id":"https:\/\/zatler.eu\/de\/#organization"},"potentialAction":[{"@type":"SearchAction","target":{"@type":"EntryPoint","urlTemplate":"https:\/\/zatler.eu\/de\/?s={search_term_string}"},"query-input":{"@type":"PropertyValueSpecification","valueRequired":true,"valueName":"search_term_string"}}],"inLanguage":"de"},{"@type":"Organization","@id":"https:\/\/zatler.eu\/de\/#organization","name":"Zatler.eu","url":"https:\/\/zatler.eu\/de\/","logo":{"@type":"ImageObject","inLanguage":"de","@id":"https:\/\/zatler.eu\/de\/#\/schema\/logo\/image\/","url":"https:\/\/zatler.eu\/wp-content\/uploads\/2022\/12\/Zatler-doo.png","contentUrl":"https:\/\/zatler.eu\/wp-content\/uploads\/2022\/12\/Zatler-doo.png","width":238,"height":141,"caption":"Zatler.eu"},"image":{"@id":"https:\/\/zatler.eu\/de\/#\/schema\/logo\/image\/"}}]}},"jetpack_sharing_enabled":true,"_links":{"self":[{"href":"https:\/\/zatler.eu\/de\/wp-json\/wp\/v2\/product\/246704","targetHints":{"allow":["GET"]}}],"collection":[{"href":"https:\/\/zatler.eu\/de\/wp-json\/wp\/v2\/product"}],"about":[{"href":"https:\/\/zatler.eu\/de\/wp-json\/wp\/v2\/types\/product"}],"replies":[{"embeddable":true,"href":"https:\/\/zatler.eu\/de\/wp-json\/wp\/v2\/comments?post=246704"}],"wp:featuredmedia":[{"embeddable":true,"href":"https:\/\/zatler.eu\/de\/wp-json\/wp\/v2\/media\/245707"}],"wp:attachment":[{"href":"https:\/\/zatler.eu\/de\/wp-json\/wp\/v2\/media?parent=246704"}],"wp:term":[{"taxonomy":"product_brand","embeddable":true,"href":"https:\/\/zatler.eu\/de\/wp-json\/wp\/v2\/product_brand?post=246704"},{"taxonomy":"product_cat","embeddable":true,"href":"https:\/\/zatler.eu\/de\/wp-json\/wp\/v2\/product_cat?post=246704"},{"taxonomy":"product_tag","embeddable":true,"href":"https:\/\/zatler.eu\/de\/wp-json\/wp\/v2\/product_tag?post=246704"}],"curies":[{"name":"wp","href":"https:\/\/api.w.org\/{rel}","templated":true}]}}