{"id":246724,"date":"2023-02-16T07:46:39","date_gmt":"2023-02-16T07:46:39","guid":{"rendered":"https:\/\/zatler.eu\/izdelek\/wandkamin-fuer-bioethanol-delta-900-tuev-rechts-verglast\/"},"modified":"2025-06-05T06:33:25","modified_gmt":"2025-06-05T06:33:25","slug":"wandkamin-fuer-bioethanol-delta-900-tuev-rechts-verglast","status":"publish","type":"product","link":"https:\/\/zatler.eu\/de\/produkt\/wandkamin-fuer-bioethanol-delta-900-tuev-rechts-verglast\/","title":{"rendered":"Wandkamin f\u00fcr Bioethanol DELTA 900 T\u00dcV, rechts, verglast"},"content":{"rendered":"<div id=\"KnM9nf\">\n<ul>\n<li id=\"tw-smenu\" class=\"tw-menu\">Beidseitige Sicht auf das Feuer dank des abgewinkelten Designs.<\/li>\n<li class=\"tw-menu\"><span class=\"Y2IQFc\" lang=\"sl\">Der Ethanolkocher verbrennt mit Biobrennstoff, den Sie in einen Beh\u00e4lter f\u00fcllen, den Sie in das Ger\u00e4t stellen, mit einem Feuerzeug anz\u00fcnden und sofort genie\u00dfen.  <\/span><\/li>\n<li class=\"tw-menu\"><span class=\"Y2IQFc\" lang=\"sl\">Wenn er brennt, hebt er die Raumtemperatur um etwa 2-3 Grad an, was ihn ideal f\u00fcr k\u00fchlere Abende macht.  <\/span><\/li>\n<li class=\"tw-menu\"><span class=\"Y2IQFc\" lang=\"sl\">Rauch- und schadstofffrei - erzeugt bei der Verbrennung keinen Rauch oder sch\u00e4dliche Substanzen, sondern nur Wasserdampf und Kohlendioxid in kleinen Mengen, die Sie selbst ausatmen, und ist somit v\u00f6llig umweltfreundlich.  <\/span><\/li>\n<li class=\"tw-menu\"><span class=\"Y2IQFc\" lang=\"sl\">Eingebautes oder an der Wand montiertes Modell.  <\/span><\/li>\n<li class=\"tw-menu\"><span class=\"Y2IQFc\" lang=\"sl\">Hitzebest\u00e4ndige Farbe.  <\/span><\/li>\n<li class=\"tw-menu\"><span class=\"Y2IQFc\" lang=\"sl\">Farbe schwarz, pulverbeschichtet.  <\/span><\/li>\n<li class=\"tw-menu\"><span class=\"Y2IQFc\" lang=\"sl\">Die matte Oberfl\u00e4che mit gleichm\u00e4\u00dfiger Textur macht es einfach in der Anwendung und pflegeleicht.  <\/span><\/li>\n<li class=\"tw-menu\"><span class=\"Y2IQFc\" lang=\"sl\">Zwei Linien des Feuers<\/span><\/li>\n<li class=\"tw-menu\"><span class=\"Y2IQFc\" lang=\"sl\">Ausgestattet mit einem sicheren Biokraftstofftank mit einem auslaufsicheren Deckel.  <\/span><\/li>\n<li class=\"tw-menu\"><span class=\"Y2IQFc\" lang=\"sl\">Bio-Liner Kapazit\u00e4t 1 l.  <\/span><\/li>\n<li class=\"tw-menu\"><span class=\"Y2IQFc\" lang=\"sl\">Sicherheitsglas zum Schutz vor Feuer.  <\/span><\/li>\n<li class=\"tw-menu\"><span class=\"Y2IQFc\" lang=\"sl\">Sicherheitszertifikat T\u00dcV Rheinnland Polen.  <\/span><\/li>\n<li class=\"tw-menu\"><span class=\"Y2IQFc\" lang=\"sl\">Jederzeit l\u00f6schbar; mit L\u00f6schdeckel geliefert.  <\/span><\/li>\n<li class=\"tw-menu\"><span class=\"Y2IQFc\" lang=\"sl\">Platz f\u00fcr dekorative Elemente, z.B. Steine, Kristalle oder Holz. <\/span><\/li>\n<\/ul>\n<\/div>\n<div class=\"oSioSc\">\n<div id=\"tw-target\">\n<div id=\"kAz1tf\" class=\"g9WsWb\">\n<div id=\"tw-target-text-container\" class=\"tw-ta-container F0azHf tw-nfl\" tabindex=\"0\">\n<p><strong>Das Set enth\u00e4lt:<\/strong><\/p>\n<div id=\"KnM9nf\">\n<ul>\n<li id=\"tw-smenu\" class=\"tw-menu\">Delta Eck-Ethanol-Kamin<\/li>\n<li>Geh\u00e4rtetes Glas, Sicherheitsglas.<\/li>\n<li class=\"tw-menu\">Bio-Beh\u00e4lter zum Einstellen der Flammenh\u00f6he<\/li>\n<li class=\"tw-menu\">Feuerl\u00f6scher aus Stahl.<\/li>\n<li class=\"tw-menu\">Vorgefertigte Teile.<\/li>\n<li class=\"tw-menu\">Anweisungen zur Verwendung.<\/li>\n<\/ul>\n<\/div>\n<\/div>\n<\/div>\n<\/div>\n<\/div>\n","protected":false},"excerpt":{"rendered":"<p><span class=\"Y2IQFc\" lang=\"sl\">Der rechtsseitige Delta Ethanol-Eckkamin mit Verglasung ist ein modernes, luftloses, umweltfreundlich betriebenes Ger\u00e4t. Er eignet sich perfekt f\u00fcr offene R\u00e4ume, in denen Sie, wenn Sie ihn in einer Ecke aufh\u00e4ngen, die Sicht auf das Feuer von zwei Seiten genie\u00dfen k\u00f6nnen; ideal f\u00fcr Verbindungsr\u00e4ume. Der Delta Ethanol Eckkamin ist in verschiedenen L\u00e4ngen und Ausf\u00fchrungen mit oder ohne Glas erh\u00e4ltlich, um sowohl kleinen als auch gro\u00dfen Innenr\u00e4umen gerecht zu werden.  <\/span><\/p>\n","protected":false},"featured_media":246068,"comment_status":"closed","ping_status":"closed","template":"","meta":{"_et_pb_use_builder":"","_et_pb_old_content":"","_et_gb_content_width":""},"product_brand":[],"product_cat":[147,153,146],"product_tag":[],"class_list":{"0":"post-246724","1":"product","2":"type-product","3":"status-publish","4":"has-post-thumbnail","6":"product_cat-bioethanol-kamine","7":"product_cat-eckkamine-fur-bioethanol","8":"product_cat-kamine-feuerstellen","10":"first","11":"instock","12":"taxable","13":"shipping-taxable","14":"purchasable","15":"product-type-simple"},"yoast_head":"<!-- This site is optimized with the Yoast SEO plugin v26.8 - https:\/\/yoast.com\/product\/yoast-seo-wordpress\/ -->\n<title>Wandkamin f\u00fcr Bioethanol DELTA 900 T\u00dcV, rechts, verglast - Zatler.eu<\/title>\n<meta name=\"robots\" content=\"index, follow, max-snippet:-1, max-image-preview:large, max-video-preview:-1\" \/>\n<link rel=\"canonical\" href=\"https:\/\/zatler.eu\/de\/produkt\/wandkamin-fuer-bioethanol-delta-900-tuev-rechts-verglast\/\" \/>\n<meta property=\"og:locale\" content=\"de_DE\" \/>\n<meta property=\"og:type\" content=\"article\" \/>\n<meta property=\"og:title\" content=\"Wandkamin f\u00fcr Bioethanol DELTA 900 T\u00dcV, rechts, verglast - Zatler.eu\" \/>\n<meta property=\"og:description\" content=\"Der rechtsseitige Delta Ethanol-Eckkamin mit Verglasung ist ein modernes, luftloses, umweltfreundlich betriebenes Ger\u00e4t. Er eignet sich perfekt f\u00fcr offene R\u00e4ume, in denen Sie, wenn Sie ihn in einer Ecke aufh\u00e4ngen, die Sicht auf das Feuer von zwei Seiten genie\u00dfen k\u00f6nnen; ideal f\u00fcr Verbindungsr\u00e4ume. Der Delta Ethanol Eckkamin ist in verschiedenen L\u00e4ngen und Ausf\u00fchrungen mit oder ohne Glas erh\u00e4ltlich, um sowohl kleinen als auch gro\u00dfen Innenr\u00e4umen gerecht zu werden.\" \/>\n<meta property=\"og:url\" content=\"https:\/\/zatler.eu\/de\/produkt\/wandkamin-fuer-bioethanol-delta-900-tuev-rechts-verglast\/\" \/>\n<meta property=\"og:site_name\" content=\"Zatler.eu\" \/>\n<meta property=\"article:modified_time\" content=\"2025-06-05T06:33:25+00:00\" \/>\n<meta property=\"og:image\" content=\"https:\/\/zatler.eu\/wp-content\/uploads\/2023\/02\/1_39890.png\" \/>\n\t<meta property=\"og:image:width\" content=\"650\" \/>\n\t<meta property=\"og:image:height\" content=\"650\" \/>\n\t<meta property=\"og:image:type\" content=\"image\/png\" \/>\n<meta name=\"twitter:card\" content=\"summary_large_image\" \/>\n<meta name=\"twitter:label1\" content=\"Gesch\u00e4tzte Lesezeit\" \/>\n\t<meta name=\"twitter:data1\" content=\"1\u00a0Minute\" \/>\n<script type=\"application\/ld+json\" class=\"yoast-schema-graph\">{\"@context\":\"https:\/\/schema.org\",\"@graph\":[{\"@type\":\"WebPage\",\"@id\":\"https:\/\/zatler.eu\/de\/produkt\/wandkamin-fuer-bioethanol-delta-900-tuev-rechts-verglast\/\",\"url\":\"https:\/\/zatler.eu\/de\/produkt\/wandkamin-fuer-bioethanol-delta-900-tuev-rechts-verglast\/\",\"name\":\"Wandkamin f\u00fcr Bioethanol DELTA 900 T\u00dcV, rechts, verglast - Zatler.eu\",\"isPartOf\":{\"@id\":\"https:\/\/zatler.eu\/de\/#website\"},\"primaryImageOfPage\":{\"@id\":\"https:\/\/zatler.eu\/de\/produkt\/wandkamin-fuer-bioethanol-delta-900-tuev-rechts-verglast\/#primaryimage\"},\"image\":{\"@id\":\"https:\/\/zatler.eu\/de\/produkt\/wandkamin-fuer-bioethanol-delta-900-tuev-rechts-verglast\/#primaryimage\"},\"thumbnailUrl\":\"https:\/\/zatler.eu\/wp-content\/uploads\/2023\/02\/1_39890.png\",\"datePublished\":\"2023-02-16T07:46:39+00:00\",\"dateModified\":\"2025-06-05T06:33:25+00:00\",\"breadcrumb\":{\"@id\":\"https:\/\/zatler.eu\/de\/produkt\/wandkamin-fuer-bioethanol-delta-900-tuev-rechts-verglast\/#breadcrumb\"},\"inLanguage\":\"de\",\"potentialAction\":[{\"@type\":\"ReadAction\",\"target\":[\"https:\/\/zatler.eu\/de\/produkt\/wandkamin-fuer-bioethanol-delta-900-tuev-rechts-verglast\/\"]}]},{\"@type\":\"ImageObject\",\"inLanguage\":\"de\",\"@id\":\"https:\/\/zatler.eu\/de\/produkt\/wandkamin-fuer-bioethanol-delta-900-tuev-rechts-verglast\/#primaryimage\",\"url\":\"https:\/\/zatler.eu\/wp-content\/uploads\/2023\/02\/1_39890.png\",\"contentUrl\":\"https:\/\/zatler.eu\/wp-content\/uploads\/2023\/02\/1_39890.png\",\"width\":650,\"height\":650},{\"@type\":\"BreadcrumbList\",\"@id\":\"https:\/\/zatler.eu\/de\/produkt\/wandkamin-fuer-bioethanol-delta-900-tuev-rechts-verglast\/#breadcrumb\",\"itemListElement\":[{\"@type\":\"ListItem\",\"position\":1,\"name\":\"Home\",\"item\":\"https:\/\/zatler.eu\/de\/\"},{\"@type\":\"ListItem\",\"position\":2,\"name\":\"Shop\",\"item\":\"https:\/\/zatler.eu\/de\/shop\/\"},{\"@type\":\"ListItem\",\"position\":3,\"name\":\"Wandkamin f\u00fcr Bioethanol DELTA 900 T\u00dcV, rechts, verglast\"}]},{\"@type\":\"WebSite\",\"@id\":\"https:\/\/zatler.eu\/de\/#website\",\"url\":\"https:\/\/zatler.eu\/de\/\",\"name\":\"Zatler.eu\",\"description\":\"kreativnost bivanja\",\"publisher\":{\"@id\":\"https:\/\/zatler.eu\/de\/#organization\"},\"potentialAction\":[{\"@type\":\"SearchAction\",\"target\":{\"@type\":\"EntryPoint\",\"urlTemplate\":\"https:\/\/zatler.eu\/de\/?s={search_term_string}\"},\"query-input\":{\"@type\":\"PropertyValueSpecification\",\"valueRequired\":true,\"valueName\":\"search_term_string\"}}],\"inLanguage\":\"de\"},{\"@type\":\"Organization\",\"@id\":\"https:\/\/zatler.eu\/de\/#organization\",\"name\":\"Zatler.eu\",\"url\":\"https:\/\/zatler.eu\/de\/\",\"logo\":{\"@type\":\"ImageObject\",\"inLanguage\":\"de\",\"@id\":\"https:\/\/zatler.eu\/de\/#\/schema\/logo\/image\/\",\"url\":\"https:\/\/zatler.eu\/wp-content\/uploads\/2022\/12\/Zatler-doo.png\",\"contentUrl\":\"https:\/\/zatler.eu\/wp-content\/uploads\/2022\/12\/Zatler-doo.png\",\"width\":238,\"height\":141,\"caption\":\"Zatler.eu\"},\"image\":{\"@id\":\"https:\/\/zatler.eu\/de\/#\/schema\/logo\/image\/\"}}]}<\/script>\n<!-- \/ Yoast SEO plugin. -->","yoast_head_json":{"title":"Wandkamin f\u00fcr Bioethanol DELTA 900 T\u00dcV, rechts, verglast - Zatler.eu","robots":{"index":"index","follow":"follow","max-snippet":"max-snippet:-1","max-image-preview":"max-image-preview:large","max-video-preview":"max-video-preview:-1"},"canonical":"https:\/\/zatler.eu\/de\/produkt\/wandkamin-fuer-bioethanol-delta-900-tuev-rechts-verglast\/","og_locale":"de_DE","og_type":"article","og_title":"Wandkamin f\u00fcr Bioethanol DELTA 900 T\u00dcV, rechts, verglast - Zatler.eu","og_description":"Der rechtsseitige Delta Ethanol-Eckkamin mit Verglasung ist ein modernes, luftloses, umweltfreundlich betriebenes Ger\u00e4t. Er eignet sich perfekt f\u00fcr offene R\u00e4ume, in denen Sie, wenn Sie ihn in einer Ecke aufh\u00e4ngen, die Sicht auf das Feuer von zwei Seiten genie\u00dfen k\u00f6nnen; ideal f\u00fcr Verbindungsr\u00e4ume. Der Delta Ethanol Eckkamin ist in verschiedenen L\u00e4ngen und Ausf\u00fchrungen mit oder ohne Glas erh\u00e4ltlich, um sowohl kleinen als auch gro\u00dfen Innenr\u00e4umen gerecht zu werden.","og_url":"https:\/\/zatler.eu\/de\/produkt\/wandkamin-fuer-bioethanol-delta-900-tuev-rechts-verglast\/","og_site_name":"Zatler.eu","article_modified_time":"2025-06-05T06:33:25+00:00","og_image":[{"width":650,"height":650,"url":"https:\/\/zatler.eu\/wp-content\/uploads\/2023\/02\/1_39890.png","type":"image\/png"}],"twitter_card":"summary_large_image","twitter_misc":{"Gesch\u00e4tzte Lesezeit":"1\u00a0Minute"},"schema":{"@context":"https:\/\/schema.org","@graph":[{"@type":"WebPage","@id":"https:\/\/zatler.eu\/de\/produkt\/wandkamin-fuer-bioethanol-delta-900-tuev-rechts-verglast\/","url":"https:\/\/zatler.eu\/de\/produkt\/wandkamin-fuer-bioethanol-delta-900-tuev-rechts-verglast\/","name":"Wandkamin f\u00fcr Bioethanol DELTA 900 T\u00dcV, rechts, verglast - Zatler.eu","isPartOf":{"@id":"https:\/\/zatler.eu\/de\/#website"},"primaryImageOfPage":{"@id":"https:\/\/zatler.eu\/de\/produkt\/wandkamin-fuer-bioethanol-delta-900-tuev-rechts-verglast\/#primaryimage"},"image":{"@id":"https:\/\/zatler.eu\/de\/produkt\/wandkamin-fuer-bioethanol-delta-900-tuev-rechts-verglast\/#primaryimage"},"thumbnailUrl":"https:\/\/zatler.eu\/wp-content\/uploads\/2023\/02\/1_39890.png","datePublished":"2023-02-16T07:46:39+00:00","dateModified":"2025-06-05T06:33:25+00:00","breadcrumb":{"@id":"https:\/\/zatler.eu\/de\/produkt\/wandkamin-fuer-bioethanol-delta-900-tuev-rechts-verglast\/#breadcrumb"},"inLanguage":"de","potentialAction":[{"@type":"ReadAction","target":["https:\/\/zatler.eu\/de\/produkt\/wandkamin-fuer-bioethanol-delta-900-tuev-rechts-verglast\/"]}]},{"@type":"ImageObject","inLanguage":"de","@id":"https:\/\/zatler.eu\/de\/produkt\/wandkamin-fuer-bioethanol-delta-900-tuev-rechts-verglast\/#primaryimage","url":"https:\/\/zatler.eu\/wp-content\/uploads\/2023\/02\/1_39890.png","contentUrl":"https:\/\/zatler.eu\/wp-content\/uploads\/2023\/02\/1_39890.png","width":650,"height":650},{"@type":"BreadcrumbList","@id":"https:\/\/zatler.eu\/de\/produkt\/wandkamin-fuer-bioethanol-delta-900-tuev-rechts-verglast\/#breadcrumb","itemListElement":[{"@type":"ListItem","position":1,"name":"Home","item":"https:\/\/zatler.eu\/de\/"},{"@type":"ListItem","position":2,"name":"Shop","item":"https:\/\/zatler.eu\/de\/shop\/"},{"@type":"ListItem","position":3,"name":"Wandkamin f\u00fcr Bioethanol DELTA 900 T\u00dcV, rechts, verglast"}]},{"@type":"WebSite","@id":"https:\/\/zatler.eu\/de\/#website","url":"https:\/\/zatler.eu\/de\/","name":"Zatler.eu","description":"kreativnost bivanja","publisher":{"@id":"https:\/\/zatler.eu\/de\/#organization"},"potentialAction":[{"@type":"SearchAction","target":{"@type":"EntryPoint","urlTemplate":"https:\/\/zatler.eu\/de\/?s={search_term_string}"},"query-input":{"@type":"PropertyValueSpecification","valueRequired":true,"valueName":"search_term_string"}}],"inLanguage":"de"},{"@type":"Organization","@id":"https:\/\/zatler.eu\/de\/#organization","name":"Zatler.eu","url":"https:\/\/zatler.eu\/de\/","logo":{"@type":"ImageObject","inLanguage":"de","@id":"https:\/\/zatler.eu\/de\/#\/schema\/logo\/image\/","url":"https:\/\/zatler.eu\/wp-content\/uploads\/2022\/12\/Zatler-doo.png","contentUrl":"https:\/\/zatler.eu\/wp-content\/uploads\/2022\/12\/Zatler-doo.png","width":238,"height":141,"caption":"Zatler.eu"},"image":{"@id":"https:\/\/zatler.eu\/de\/#\/schema\/logo\/image\/"}}]}},"jetpack_sharing_enabled":true,"_links":{"self":[{"href":"https:\/\/zatler.eu\/de\/wp-json\/wp\/v2\/product\/246724","targetHints":{"allow":["GET"]}}],"collection":[{"href":"https:\/\/zatler.eu\/de\/wp-json\/wp\/v2\/product"}],"about":[{"href":"https:\/\/zatler.eu\/de\/wp-json\/wp\/v2\/types\/product"}],"replies":[{"embeddable":true,"href":"https:\/\/zatler.eu\/de\/wp-json\/wp\/v2\/comments?post=246724"}],"wp:featuredmedia":[{"embeddable":true,"href":"https:\/\/zatler.eu\/de\/wp-json\/wp\/v2\/media\/246068"}],"wp:attachment":[{"href":"https:\/\/zatler.eu\/de\/wp-json\/wp\/v2\/media?parent=246724"}],"wp:term":[{"taxonomy":"product_brand","embeddable":true,"href":"https:\/\/zatler.eu\/de\/wp-json\/wp\/v2\/product_brand?post=246724"},{"taxonomy":"product_cat","embeddable":true,"href":"https:\/\/zatler.eu\/de\/wp-json\/wp\/v2\/product_cat?post=246724"},{"taxonomy":"product_tag","embeddable":true,"href":"https:\/\/zatler.eu\/de\/wp-json\/wp\/v2\/product_tag?post=246724"}],"curies":[{"name":"wp","href":"https:\/\/api.w.org\/{rel}","templated":true}]}}