{"id":246806,"date":"2023-02-10T10:40:24","date_gmt":"2023-02-10T10:40:24","guid":{"rendered":"https:\/\/zatler.eu\/izdelek\/corten-coccina-1-gartenkueche-grill\/"},"modified":"2025-06-05T06:35:07","modified_gmt":"2025-06-05T06:35:07","slug":"corten-coccina-1-gartenkueche-grill","status":"publish","type":"product","link":"https:\/\/zatler.eu\/de\/produkt\/corten-coccina-1-gartenkueche-grill\/","title":{"rendered":"Corten COCCINA 1 Gartenk\u00fcche\/Grill"},"content":{"rendered":"<p>90x90x106<\/p>\n","protected":false},"excerpt":{"rendered":"<p>COCCINA 1 ist ein kleiner trapezf\u00f6rmiger Grill, Feuerstelle und Au\u00dfenk\u00fcche in einem. Der Korpus besteht aus Cortenstahl und die Grillplatte und der Grillrost sind aus rostfreiem Stahl - f\u00fcr den Kontakt mit Lebensmitteln ausgelegt. Der Grill verf\u00fcgt \u00fcber eine herausnehmbare Aschelade zur einfachen Reinigung. Wir haben in das Gestell ein Regal eingebaut, das als Ablage f\u00fcr K\u00fcchenutensilien oder einfach als Holzregal verwendet werden kann. Der Artikel wird standardm\u00e4\u00dfig mit verstellbaren Beinen geliefert, aber es ist auch m\u00f6glich, R\u00e4der oder Heringe mit Bremsen zu verwenden, wenn der Kunde dies w\u00fcnscht. Perfekt f\u00fcr Profis und Amateure des Kochens unter freiem Himmel. Ideal f\u00fcr Terrassen, Balkone, G\u00e4rten, Festivals oder Korten&gt;Andere organisierte Veranstaltungen.      <\/p>\n","protected":false},"featured_media":245953,"comment_status":"open","ping_status":"closed","template":"","meta":{"_et_pb_use_builder":"","_et_pb_old_content":"","_et_gb_content_width":""},"product_brand":[],"product_cat":[160,124],"product_tag":[],"class_list":{"0":"post-246806","1":"product","2":"type-product","3":"status-publish","4":"has-post-thumbnail","6":"product_cat-grills-kamine-de","7":"product_cat-korten-de","9":"first","10":"instock","11":"taxable","12":"shipping-taxable","13":"purchasable","14":"product-type-simple"},"yoast_head":"<!-- This site is optimized with the Yoast SEO plugin v26.8 - https:\/\/yoast.com\/product\/yoast-seo-wordpress\/ -->\n<title>Corten COCCINA 1 Gartenk\u00fcche\/Grill - Zatler.eu<\/title>\n<meta name=\"robots\" content=\"index, follow, max-snippet:-1, max-image-preview:large, max-video-preview:-1\" \/>\n<link rel=\"canonical\" href=\"https:\/\/zatler.eu\/de\/produkt\/corten-coccina-1-gartenkueche-grill\/\" \/>\n<meta property=\"og:locale\" content=\"de_DE\" \/>\n<meta property=\"og:type\" content=\"article\" \/>\n<meta property=\"og:title\" content=\"Corten COCCINA 1 Gartenk\u00fcche\/Grill - Zatler.eu\" \/>\n<meta property=\"og:description\" content=\"COCCINA 1 ist ein kleiner trapezf\u00f6rmiger Grill, Feuerstelle und Au\u00dfenk\u00fcche in einem. Der Korpus besteht aus Cortenstahl und die Grillplatte und der Grillrost sind aus rostfreiem Stahl - f\u00fcr den Kontakt mit Lebensmitteln ausgelegt. Der Grill verf\u00fcgt \u00fcber eine herausnehmbare Aschelade zur einfachen Reinigung. Wir haben in das Gestell ein Regal eingebaut, das als Ablage f\u00fcr K\u00fcchenutensilien oder einfach als Holzregal verwendet werden kann. Der Artikel wird standardm\u00e4\u00dfig mit verstellbaren Beinen geliefert, aber es ist auch m\u00f6glich, R\u00e4der oder Heringe mit Bremsen zu verwenden, wenn der Kunde dies w\u00fcnscht. Perfekt f\u00fcr Profis und Amateure des Kochens unter freiem Himmel. Ideal f\u00fcr Terrassen, Balkone, G\u00e4rten, Festivals oder Korten&gt;Andere organisierte Veranstaltungen.\" \/>\n<meta property=\"og:url\" content=\"https:\/\/zatler.eu\/de\/produkt\/corten-coccina-1-gartenkueche-grill\/\" \/>\n<meta property=\"og:site_name\" content=\"Zatler.eu\" \/>\n<meta property=\"article:modified_time\" content=\"2025-06-05T06:35:07+00:00\" \/>\n<meta property=\"og:image\" content=\"https:\/\/zatler.eu\/wp-content\/uploads\/2023\/02\/metal-garden-kitchen-coccina-1-corten-b-cortena.jpg\" \/>\n\t<meta property=\"og:image:width\" content=\"1200\" \/>\n\t<meta property=\"og:image:height\" content=\"900\" \/>\n\t<meta property=\"og:image:type\" content=\"image\/jpeg\" \/>\n<meta name=\"twitter:card\" content=\"summary_large_image\" \/>\n<script type=\"application\/ld+json\" class=\"yoast-schema-graph\">{\"@context\":\"https:\/\/schema.org\",\"@graph\":[{\"@type\":\"WebPage\",\"@id\":\"https:\/\/zatler.eu\/de\/produkt\/corten-coccina-1-gartenkueche-grill\/\",\"url\":\"https:\/\/zatler.eu\/de\/produkt\/corten-coccina-1-gartenkueche-grill\/\",\"name\":\"Corten COCCINA 1 Gartenk\u00fcche\/Grill - Zatler.eu\",\"isPartOf\":{\"@id\":\"https:\/\/zatler.eu\/de\/#website\"},\"primaryImageOfPage\":{\"@id\":\"https:\/\/zatler.eu\/de\/produkt\/corten-coccina-1-gartenkueche-grill\/#primaryimage\"},\"image\":{\"@id\":\"https:\/\/zatler.eu\/de\/produkt\/corten-coccina-1-gartenkueche-grill\/#primaryimage\"},\"thumbnailUrl\":\"https:\/\/zatler.eu\/wp-content\/uploads\/2023\/02\/metal-garden-kitchen-coccina-1-corten-b-cortena.jpg\",\"datePublished\":\"2023-02-10T10:40:24+00:00\",\"dateModified\":\"2025-06-05T06:35:07+00:00\",\"breadcrumb\":{\"@id\":\"https:\/\/zatler.eu\/de\/produkt\/corten-coccina-1-gartenkueche-grill\/#breadcrumb\"},\"inLanguage\":\"de\",\"potentialAction\":[{\"@type\":\"ReadAction\",\"target\":[\"https:\/\/zatler.eu\/de\/produkt\/corten-coccina-1-gartenkueche-grill\/\"]}]},{\"@type\":\"ImageObject\",\"inLanguage\":\"de\",\"@id\":\"https:\/\/zatler.eu\/de\/produkt\/corten-coccina-1-gartenkueche-grill\/#primaryimage\",\"url\":\"https:\/\/zatler.eu\/wp-content\/uploads\/2023\/02\/metal-garden-kitchen-coccina-1-corten-b-cortena.jpg\",\"contentUrl\":\"https:\/\/zatler.eu\/wp-content\/uploads\/2023\/02\/metal-garden-kitchen-coccina-1-corten-b-cortena.jpg\",\"width\":1200,\"height\":900},{\"@type\":\"BreadcrumbList\",\"@id\":\"https:\/\/zatler.eu\/de\/produkt\/corten-coccina-1-gartenkueche-grill\/#breadcrumb\",\"itemListElement\":[{\"@type\":\"ListItem\",\"position\":1,\"name\":\"Home\",\"item\":\"https:\/\/zatler.eu\/de\/\"},{\"@type\":\"ListItem\",\"position\":2,\"name\":\"Shop\",\"item\":\"https:\/\/zatler.eu\/de\/shop\/\"},{\"@type\":\"ListItem\",\"position\":3,\"name\":\"Corten COCCINA 1 Gartenk\u00fcche\/Grill\"}]},{\"@type\":\"WebSite\",\"@id\":\"https:\/\/zatler.eu\/de\/#website\",\"url\":\"https:\/\/zatler.eu\/de\/\",\"name\":\"Zatler.eu\",\"description\":\"kreativnost bivanja\",\"publisher\":{\"@id\":\"https:\/\/zatler.eu\/de\/#organization\"},\"potentialAction\":[{\"@type\":\"SearchAction\",\"target\":{\"@type\":\"EntryPoint\",\"urlTemplate\":\"https:\/\/zatler.eu\/de\/?s={search_term_string}\"},\"query-input\":{\"@type\":\"PropertyValueSpecification\",\"valueRequired\":true,\"valueName\":\"search_term_string\"}}],\"inLanguage\":\"de\"},{\"@type\":\"Organization\",\"@id\":\"https:\/\/zatler.eu\/de\/#organization\",\"name\":\"Zatler.eu\",\"url\":\"https:\/\/zatler.eu\/de\/\",\"logo\":{\"@type\":\"ImageObject\",\"inLanguage\":\"de\",\"@id\":\"https:\/\/zatler.eu\/de\/#\/schema\/logo\/image\/\",\"url\":\"https:\/\/zatler.eu\/wp-content\/uploads\/2022\/12\/Zatler-doo.png\",\"contentUrl\":\"https:\/\/zatler.eu\/wp-content\/uploads\/2022\/12\/Zatler-doo.png\",\"width\":238,\"height\":141,\"caption\":\"Zatler.eu\"},\"image\":{\"@id\":\"https:\/\/zatler.eu\/de\/#\/schema\/logo\/image\/\"}}]}<\/script>\n<!-- \/ Yoast SEO plugin. -->","yoast_head_json":{"title":"Corten COCCINA 1 Gartenk\u00fcche\/Grill - Zatler.eu","robots":{"index":"index","follow":"follow","max-snippet":"max-snippet:-1","max-image-preview":"max-image-preview:large","max-video-preview":"max-video-preview:-1"},"canonical":"https:\/\/zatler.eu\/de\/produkt\/corten-coccina-1-gartenkueche-grill\/","og_locale":"de_DE","og_type":"article","og_title":"Corten COCCINA 1 Gartenk\u00fcche\/Grill - Zatler.eu","og_description":"COCCINA 1 ist ein kleiner trapezf\u00f6rmiger Grill, Feuerstelle und Au\u00dfenk\u00fcche in einem. Der Korpus besteht aus Cortenstahl und die Grillplatte und der Grillrost sind aus rostfreiem Stahl - f\u00fcr den Kontakt mit Lebensmitteln ausgelegt. Der Grill verf\u00fcgt \u00fcber eine herausnehmbare Aschelade zur einfachen Reinigung. Wir haben in das Gestell ein Regal eingebaut, das als Ablage f\u00fcr K\u00fcchenutensilien oder einfach als Holzregal verwendet werden kann. Der Artikel wird standardm\u00e4\u00dfig mit verstellbaren Beinen geliefert, aber es ist auch m\u00f6glich, R\u00e4der oder Heringe mit Bremsen zu verwenden, wenn der Kunde dies w\u00fcnscht. Perfekt f\u00fcr Profis und Amateure des Kochens unter freiem Himmel. Ideal f\u00fcr Terrassen, Balkone, G\u00e4rten, Festivals oder Korten&gt;Andere organisierte Veranstaltungen.","og_url":"https:\/\/zatler.eu\/de\/produkt\/corten-coccina-1-gartenkueche-grill\/","og_site_name":"Zatler.eu","article_modified_time":"2025-06-05T06:35:07+00:00","og_image":[{"width":1200,"height":900,"url":"https:\/\/zatler.eu\/wp-content\/uploads\/2023\/02\/metal-garden-kitchen-coccina-1-corten-b-cortena.jpg","type":"image\/jpeg"}],"twitter_card":"summary_large_image","schema":{"@context":"https:\/\/schema.org","@graph":[{"@type":"WebPage","@id":"https:\/\/zatler.eu\/de\/produkt\/corten-coccina-1-gartenkueche-grill\/","url":"https:\/\/zatler.eu\/de\/produkt\/corten-coccina-1-gartenkueche-grill\/","name":"Corten COCCINA 1 Gartenk\u00fcche\/Grill - Zatler.eu","isPartOf":{"@id":"https:\/\/zatler.eu\/de\/#website"},"primaryImageOfPage":{"@id":"https:\/\/zatler.eu\/de\/produkt\/corten-coccina-1-gartenkueche-grill\/#primaryimage"},"image":{"@id":"https:\/\/zatler.eu\/de\/produkt\/corten-coccina-1-gartenkueche-grill\/#primaryimage"},"thumbnailUrl":"https:\/\/zatler.eu\/wp-content\/uploads\/2023\/02\/metal-garden-kitchen-coccina-1-corten-b-cortena.jpg","datePublished":"2023-02-10T10:40:24+00:00","dateModified":"2025-06-05T06:35:07+00:00","breadcrumb":{"@id":"https:\/\/zatler.eu\/de\/produkt\/corten-coccina-1-gartenkueche-grill\/#breadcrumb"},"inLanguage":"de","potentialAction":[{"@type":"ReadAction","target":["https:\/\/zatler.eu\/de\/produkt\/corten-coccina-1-gartenkueche-grill\/"]}]},{"@type":"ImageObject","inLanguage":"de","@id":"https:\/\/zatler.eu\/de\/produkt\/corten-coccina-1-gartenkueche-grill\/#primaryimage","url":"https:\/\/zatler.eu\/wp-content\/uploads\/2023\/02\/metal-garden-kitchen-coccina-1-corten-b-cortena.jpg","contentUrl":"https:\/\/zatler.eu\/wp-content\/uploads\/2023\/02\/metal-garden-kitchen-coccina-1-corten-b-cortena.jpg","width":1200,"height":900},{"@type":"BreadcrumbList","@id":"https:\/\/zatler.eu\/de\/produkt\/corten-coccina-1-gartenkueche-grill\/#breadcrumb","itemListElement":[{"@type":"ListItem","position":1,"name":"Home","item":"https:\/\/zatler.eu\/de\/"},{"@type":"ListItem","position":2,"name":"Shop","item":"https:\/\/zatler.eu\/de\/shop\/"},{"@type":"ListItem","position":3,"name":"Corten COCCINA 1 Gartenk\u00fcche\/Grill"}]},{"@type":"WebSite","@id":"https:\/\/zatler.eu\/de\/#website","url":"https:\/\/zatler.eu\/de\/","name":"Zatler.eu","description":"kreativnost bivanja","publisher":{"@id":"https:\/\/zatler.eu\/de\/#organization"},"potentialAction":[{"@type":"SearchAction","target":{"@type":"EntryPoint","urlTemplate":"https:\/\/zatler.eu\/de\/?s={search_term_string}"},"query-input":{"@type":"PropertyValueSpecification","valueRequired":true,"valueName":"search_term_string"}}],"inLanguage":"de"},{"@type":"Organization","@id":"https:\/\/zatler.eu\/de\/#organization","name":"Zatler.eu","url":"https:\/\/zatler.eu\/de\/","logo":{"@type":"ImageObject","inLanguage":"de","@id":"https:\/\/zatler.eu\/de\/#\/schema\/logo\/image\/","url":"https:\/\/zatler.eu\/wp-content\/uploads\/2022\/12\/Zatler-doo.png","contentUrl":"https:\/\/zatler.eu\/wp-content\/uploads\/2022\/12\/Zatler-doo.png","width":238,"height":141,"caption":"Zatler.eu"},"image":{"@id":"https:\/\/zatler.eu\/de\/#\/schema\/logo\/image\/"}}]}},"jetpack_sharing_enabled":true,"_links":{"self":[{"href":"https:\/\/zatler.eu\/de\/wp-json\/wp\/v2\/product\/246806","targetHints":{"allow":["GET"]}}],"collection":[{"href":"https:\/\/zatler.eu\/de\/wp-json\/wp\/v2\/product"}],"about":[{"href":"https:\/\/zatler.eu\/de\/wp-json\/wp\/v2\/types\/product"}],"replies":[{"embeddable":true,"href":"https:\/\/zatler.eu\/de\/wp-json\/wp\/v2\/comments?post=246806"}],"wp:featuredmedia":[{"embeddable":true,"href":"https:\/\/zatler.eu\/de\/wp-json\/wp\/v2\/media\/245953"}],"wp:attachment":[{"href":"https:\/\/zatler.eu\/de\/wp-json\/wp\/v2\/media?parent=246806"}],"wp:term":[{"taxonomy":"product_brand","embeddable":true,"href":"https:\/\/zatler.eu\/de\/wp-json\/wp\/v2\/product_brand?post=246806"},{"taxonomy":"product_cat","embeddable":true,"href":"https:\/\/zatler.eu\/de\/wp-json\/wp\/v2\/product_cat?post=246806"},{"taxonomy":"product_tag","embeddable":true,"href":"https:\/\/zatler.eu\/de\/wp-json\/wp\/v2\/product_tag?post=246806"}],"curies":[{"name":"wp","href":"https:\/\/api.w.org\/{rel}","templated":true}]}}