{"id":246807,"date":"2023-02-10T10:40:25","date_gmt":"2023-02-10T10:40:25","guid":{"rendered":"https:\/\/zatler.eu\/izdelek\/corten-tischgrill-mesa-1\/"},"modified":"2025-06-05T06:35:08","modified_gmt":"2025-06-05T06:35:08","slug":"corten-tischgrill-mesa-1","status":"publish","type":"product","link":"https:\/\/zatler.eu\/de\/produkt\/corten-tischgrill-mesa-1\/","title":{"rendered":"Corten-Tischgrill MESA 1"},"content":{"rendered":"<p>78x50x82<\/p>\n","protected":false},"excerpt":{"rendered":"<p>MESA 1 ist ein kleiner, geometrischer Tisch aus Cor-tenstahl. Er erg\u00e4nzt die Serie COCCINA perfekt mit einer zus\u00e4tzlichen Arbeitsplatte, einem Regal f\u00fcr Zubeh\u00f6r oder Platz f\u00fcr Holz. Er ist standardm\u00e4\u00dfig mit verstellbaren Beinen ausgestattet, kann aber mit Rollen versehen werden, um den Tisch mobiler zu machen. Perfekt f\u00fcr Verkostungen, Pr\u00e4sentationen, Feste oder einfach auf der Terrasse oder im Garten.   <\/p>\n","protected":false},"featured_media":245957,"comment_status":"open","ping_status":"closed","template":"","meta":{"_et_pb_use_builder":"","_et_pb_old_content":"","_et_gb_content_width":""},"product_brand":[],"product_cat":[160],"product_tag":[],"class_list":{"0":"post-246807","1":"product","2":"type-product","3":"status-publish","4":"has-post-thumbnail","6":"product_cat-grills-kamine-de","8":"first","9":"instock","10":"taxable","11":"shipping-taxable","12":"purchasable","13":"product-type-simple"},"yoast_head":"<!-- This site is optimized with the Yoast SEO plugin v26.8 - https:\/\/yoast.com\/product\/yoast-seo-wordpress\/ -->\n<title>Corten-Tischgrill MESA 1 - Zatler.eu<\/title>\n<meta name=\"robots\" content=\"index, follow, max-snippet:-1, max-image-preview:large, max-video-preview:-1\" \/>\n<link rel=\"canonical\" href=\"https:\/\/zatler.eu\/de\/produkt\/corten-tischgrill-mesa-1\/\" \/>\n<meta property=\"og:locale\" content=\"de_DE\" \/>\n<meta property=\"og:type\" content=\"article\" \/>\n<meta property=\"og:title\" content=\"Corten-Tischgrill MESA 1 - Zatler.eu\" \/>\n<meta property=\"og:description\" content=\"MESA 1 ist ein kleiner, geometrischer Tisch aus Cor-tenstahl. Er erg\u00e4nzt die Serie COCCINA perfekt mit einer zus\u00e4tzlichen Arbeitsplatte, einem Regal f\u00fcr Zubeh\u00f6r oder Platz f\u00fcr Holz. Er ist standardm\u00e4\u00dfig mit verstellbaren Beinen ausgestattet, kann aber mit Rollen versehen werden, um den Tisch mobiler zu machen. Perfekt f\u00fcr Verkostungen, Pr\u00e4sentationen, Feste oder einfach auf der Terrasse oder im Garten.\" \/>\n<meta property=\"og:url\" content=\"https:\/\/zatler.eu\/de\/produkt\/corten-tischgrill-mesa-1\/\" \/>\n<meta property=\"og:site_name\" content=\"Zatler.eu\" \/>\n<meta property=\"article:modified_time\" content=\"2025-06-05T06:35:08+00:00\" \/>\n<meta property=\"og:image\" content=\"https:\/\/zatler.eu\/wp-content\/uploads\/2023\/02\/table-kitchen-garden-pomocnik-mesa-1-corten-b-cortena.jpg\" \/>\n\t<meta property=\"og:image:width\" content=\"1200\" \/>\n\t<meta property=\"og:image:height\" content=\"900\" \/>\n\t<meta property=\"og:image:type\" content=\"image\/jpeg\" \/>\n<meta name=\"twitter:card\" content=\"summary_large_image\" \/>\n<script type=\"application\/ld+json\" class=\"yoast-schema-graph\">{\"@context\":\"https:\/\/schema.org\",\"@graph\":[{\"@type\":\"WebPage\",\"@id\":\"https:\/\/zatler.eu\/de\/produkt\/corten-tischgrill-mesa-1\/\",\"url\":\"https:\/\/zatler.eu\/de\/produkt\/corten-tischgrill-mesa-1\/\",\"name\":\"Corten-Tischgrill MESA 1 - Zatler.eu\",\"isPartOf\":{\"@id\":\"https:\/\/zatler.eu\/de\/#website\"},\"primaryImageOfPage\":{\"@id\":\"https:\/\/zatler.eu\/de\/produkt\/corten-tischgrill-mesa-1\/#primaryimage\"},\"image\":{\"@id\":\"https:\/\/zatler.eu\/de\/produkt\/corten-tischgrill-mesa-1\/#primaryimage\"},\"thumbnailUrl\":\"https:\/\/zatler.eu\/wp-content\/uploads\/2023\/02\/table-kitchen-garden-pomocnik-mesa-1-corten-b-cortena.jpg\",\"datePublished\":\"2023-02-10T10:40:25+00:00\",\"dateModified\":\"2025-06-05T06:35:08+00:00\",\"breadcrumb\":{\"@id\":\"https:\/\/zatler.eu\/de\/produkt\/corten-tischgrill-mesa-1\/#breadcrumb\"},\"inLanguage\":\"de\",\"potentialAction\":[{\"@type\":\"ReadAction\",\"target\":[\"https:\/\/zatler.eu\/de\/produkt\/corten-tischgrill-mesa-1\/\"]}]},{\"@type\":\"ImageObject\",\"inLanguage\":\"de\",\"@id\":\"https:\/\/zatler.eu\/de\/produkt\/corten-tischgrill-mesa-1\/#primaryimage\",\"url\":\"https:\/\/zatler.eu\/wp-content\/uploads\/2023\/02\/table-kitchen-garden-pomocnik-mesa-1-corten-b-cortena.jpg\",\"contentUrl\":\"https:\/\/zatler.eu\/wp-content\/uploads\/2023\/02\/table-kitchen-garden-pomocnik-mesa-1-corten-b-cortena.jpg\",\"width\":1200,\"height\":900},{\"@type\":\"BreadcrumbList\",\"@id\":\"https:\/\/zatler.eu\/de\/produkt\/corten-tischgrill-mesa-1\/#breadcrumb\",\"itemListElement\":[{\"@type\":\"ListItem\",\"position\":1,\"name\":\"Home\",\"item\":\"https:\/\/zatler.eu\/de\/\"},{\"@type\":\"ListItem\",\"position\":2,\"name\":\"Shop\",\"item\":\"https:\/\/zatler.eu\/de\/shop\/\"},{\"@type\":\"ListItem\",\"position\":3,\"name\":\"Corten-Tischgrill MESA 1\"}]},{\"@type\":\"WebSite\",\"@id\":\"https:\/\/zatler.eu\/de\/#website\",\"url\":\"https:\/\/zatler.eu\/de\/\",\"name\":\"Zatler.eu\",\"description\":\"kreativnost bivanja\",\"publisher\":{\"@id\":\"https:\/\/zatler.eu\/de\/#organization\"},\"potentialAction\":[{\"@type\":\"SearchAction\",\"target\":{\"@type\":\"EntryPoint\",\"urlTemplate\":\"https:\/\/zatler.eu\/de\/?s={search_term_string}\"},\"query-input\":{\"@type\":\"PropertyValueSpecification\",\"valueRequired\":true,\"valueName\":\"search_term_string\"}}],\"inLanguage\":\"de\"},{\"@type\":\"Organization\",\"@id\":\"https:\/\/zatler.eu\/de\/#organization\",\"name\":\"Zatler.eu\",\"url\":\"https:\/\/zatler.eu\/de\/\",\"logo\":{\"@type\":\"ImageObject\",\"inLanguage\":\"de\",\"@id\":\"https:\/\/zatler.eu\/de\/#\/schema\/logo\/image\/\",\"url\":\"https:\/\/zatler.eu\/wp-content\/uploads\/2022\/12\/Zatler-doo.png\",\"contentUrl\":\"https:\/\/zatler.eu\/wp-content\/uploads\/2022\/12\/Zatler-doo.png\",\"width\":238,\"height\":141,\"caption\":\"Zatler.eu\"},\"image\":{\"@id\":\"https:\/\/zatler.eu\/de\/#\/schema\/logo\/image\/\"}}]}<\/script>\n<!-- \/ Yoast SEO plugin. -->","yoast_head_json":{"title":"Corten-Tischgrill MESA 1 - Zatler.eu","robots":{"index":"index","follow":"follow","max-snippet":"max-snippet:-1","max-image-preview":"max-image-preview:large","max-video-preview":"max-video-preview:-1"},"canonical":"https:\/\/zatler.eu\/de\/produkt\/corten-tischgrill-mesa-1\/","og_locale":"de_DE","og_type":"article","og_title":"Corten-Tischgrill MESA 1 - Zatler.eu","og_description":"MESA 1 ist ein kleiner, geometrischer Tisch aus Cor-tenstahl. Er erg\u00e4nzt die Serie COCCINA perfekt mit einer zus\u00e4tzlichen Arbeitsplatte, einem Regal f\u00fcr Zubeh\u00f6r oder Platz f\u00fcr Holz. Er ist standardm\u00e4\u00dfig mit verstellbaren Beinen ausgestattet, kann aber mit Rollen versehen werden, um den Tisch mobiler zu machen. Perfekt f\u00fcr Verkostungen, Pr\u00e4sentationen, Feste oder einfach auf der Terrasse oder im Garten.","og_url":"https:\/\/zatler.eu\/de\/produkt\/corten-tischgrill-mesa-1\/","og_site_name":"Zatler.eu","article_modified_time":"2025-06-05T06:35:08+00:00","og_image":[{"width":1200,"height":900,"url":"https:\/\/zatler.eu\/wp-content\/uploads\/2023\/02\/table-kitchen-garden-pomocnik-mesa-1-corten-b-cortena.jpg","type":"image\/jpeg"}],"twitter_card":"summary_large_image","schema":{"@context":"https:\/\/schema.org","@graph":[{"@type":"WebPage","@id":"https:\/\/zatler.eu\/de\/produkt\/corten-tischgrill-mesa-1\/","url":"https:\/\/zatler.eu\/de\/produkt\/corten-tischgrill-mesa-1\/","name":"Corten-Tischgrill MESA 1 - Zatler.eu","isPartOf":{"@id":"https:\/\/zatler.eu\/de\/#website"},"primaryImageOfPage":{"@id":"https:\/\/zatler.eu\/de\/produkt\/corten-tischgrill-mesa-1\/#primaryimage"},"image":{"@id":"https:\/\/zatler.eu\/de\/produkt\/corten-tischgrill-mesa-1\/#primaryimage"},"thumbnailUrl":"https:\/\/zatler.eu\/wp-content\/uploads\/2023\/02\/table-kitchen-garden-pomocnik-mesa-1-corten-b-cortena.jpg","datePublished":"2023-02-10T10:40:25+00:00","dateModified":"2025-06-05T06:35:08+00:00","breadcrumb":{"@id":"https:\/\/zatler.eu\/de\/produkt\/corten-tischgrill-mesa-1\/#breadcrumb"},"inLanguage":"de","potentialAction":[{"@type":"ReadAction","target":["https:\/\/zatler.eu\/de\/produkt\/corten-tischgrill-mesa-1\/"]}]},{"@type":"ImageObject","inLanguage":"de","@id":"https:\/\/zatler.eu\/de\/produkt\/corten-tischgrill-mesa-1\/#primaryimage","url":"https:\/\/zatler.eu\/wp-content\/uploads\/2023\/02\/table-kitchen-garden-pomocnik-mesa-1-corten-b-cortena.jpg","contentUrl":"https:\/\/zatler.eu\/wp-content\/uploads\/2023\/02\/table-kitchen-garden-pomocnik-mesa-1-corten-b-cortena.jpg","width":1200,"height":900},{"@type":"BreadcrumbList","@id":"https:\/\/zatler.eu\/de\/produkt\/corten-tischgrill-mesa-1\/#breadcrumb","itemListElement":[{"@type":"ListItem","position":1,"name":"Home","item":"https:\/\/zatler.eu\/de\/"},{"@type":"ListItem","position":2,"name":"Shop","item":"https:\/\/zatler.eu\/de\/shop\/"},{"@type":"ListItem","position":3,"name":"Corten-Tischgrill MESA 1"}]},{"@type":"WebSite","@id":"https:\/\/zatler.eu\/de\/#website","url":"https:\/\/zatler.eu\/de\/","name":"Zatler.eu","description":"kreativnost bivanja","publisher":{"@id":"https:\/\/zatler.eu\/de\/#organization"},"potentialAction":[{"@type":"SearchAction","target":{"@type":"EntryPoint","urlTemplate":"https:\/\/zatler.eu\/de\/?s={search_term_string}"},"query-input":{"@type":"PropertyValueSpecification","valueRequired":true,"valueName":"search_term_string"}}],"inLanguage":"de"},{"@type":"Organization","@id":"https:\/\/zatler.eu\/de\/#organization","name":"Zatler.eu","url":"https:\/\/zatler.eu\/de\/","logo":{"@type":"ImageObject","inLanguage":"de","@id":"https:\/\/zatler.eu\/de\/#\/schema\/logo\/image\/","url":"https:\/\/zatler.eu\/wp-content\/uploads\/2022\/12\/Zatler-doo.png","contentUrl":"https:\/\/zatler.eu\/wp-content\/uploads\/2022\/12\/Zatler-doo.png","width":238,"height":141,"caption":"Zatler.eu"},"image":{"@id":"https:\/\/zatler.eu\/de\/#\/schema\/logo\/image\/"}}]}},"jetpack_sharing_enabled":true,"_links":{"self":[{"href":"https:\/\/zatler.eu\/de\/wp-json\/wp\/v2\/product\/246807","targetHints":{"allow":["GET"]}}],"collection":[{"href":"https:\/\/zatler.eu\/de\/wp-json\/wp\/v2\/product"}],"about":[{"href":"https:\/\/zatler.eu\/de\/wp-json\/wp\/v2\/types\/product"}],"replies":[{"embeddable":true,"href":"https:\/\/zatler.eu\/de\/wp-json\/wp\/v2\/comments?post=246807"}],"wp:featuredmedia":[{"embeddable":true,"href":"https:\/\/zatler.eu\/de\/wp-json\/wp\/v2\/media\/245957"}],"wp:attachment":[{"href":"https:\/\/zatler.eu\/de\/wp-json\/wp\/v2\/media?parent=246807"}],"wp:term":[{"taxonomy":"product_brand","embeddable":true,"href":"https:\/\/zatler.eu\/de\/wp-json\/wp\/v2\/product_brand?post=246807"},{"taxonomy":"product_cat","embeddable":true,"href":"https:\/\/zatler.eu\/de\/wp-json\/wp\/v2\/product_cat?post=246807"},{"taxonomy":"product_tag","embeddable":true,"href":"https:\/\/zatler.eu\/de\/wp-json\/wp\/v2\/product_tag?post=246807"}],"curies":[{"name":"wp","href":"https:\/\/api.w.org\/{rel}","templated":true}]}}