{"id":246853,"date":"2025-07-08T08:52:09","date_gmt":"2025-07-08T08:52:09","guid":{"rendered":"https:\/\/zatler.eu\/izdelek\/klassische-kehrmaschine-2x120l\/"},"modified":"2025-06-05T06:35:38","modified_gmt":"2025-06-05T06:35:38","slug":"klassische-kehrmaschine-2x120l","status":"publish","type":"product","link":"https:\/\/zatler.eu\/de\/produkt\/klassische-kehrmaschine-2x120l\/","title":{"rendered":"Klassische Kehrmaschine, 2x120L"},"content":{"rendered":"<p dir=\"ltr\" data-placeholder=\"Prevod\">Dieser M\u00fcllbeutel f\u00fcr <strong>2 x 120-Liter-Beh\u00e4lter<\/strong> ist ideal, um Ihre M\u00fclltonnen vor den Blicken von Besuchern und vor allem von Ihnen zu verstecken, die sie t\u00e4glich sehen.<\/p>\n<p id=\"tw-target-text\" class=\"tw-data-text tw-text-large tw-ta\" dir=\"ltr\" data-placeholder=\"Prevod\"><span class=\"Y2IQFc\" lang=\"sl\">Der \u201e\u00d6ko-Trend\u201c hat zweifellos Einzug in unser t\u00e4gliches Leben gehalten und dazu beigetragen, dass sich die M\u00fclleimer auf unseren Grundst\u00fccken vervielfacht haben, was die \u00c4sthetik der Umgebung unserer H\u00e4user auf weniger angenehme Weise beeintr\u00e4chtigt. Das moderne Design der selektiven M\u00fclleimer ist die L\u00f6sung, um Harmonie und Ordnung zu erhalten. Die Konstruktion ist f\u00fcr den bequemen t\u00e4glichen Gebrauch ausgelegt. Das doppelseitige T\u00fcrsystem erleichtert die Installation der Struktur und erm\u00f6glicht das \u00d6ffnen sowohl von oben als auch von vorne. Das klassische anthrazitfarbene Design bietet zus\u00e4tzliche M\u00f6glichkeiten, den Beh\u00e4lter an der vorderen Reling auszurichten. Der obere Deckel ist mit Haken f\u00fcr ein einfaches \u00d6ffnen und Verriegelungen f\u00fcr eine sichere Benutzung ausgestattet, w\u00e4hrend die Unterseite der Struktur \u00fcber einen niedrigen Profilrahmen verf\u00fcgt, um das Aufstellen und Entfernen der Abfallbeh\u00e4lter zu erleichtern.     <\/span><\/p>\n<p>Der M\u00fclleimer hat oben einen Deckel, der sich \u00f6ffnen l\u00e4sst, damit Sie beim Entsorgen Ihres M\u00fclls leichten Zugang zu den Beh\u00e4ltern haben. Er kann auch leicht von vorne entriegelt werden, wenn der Beh\u00e4lter f\u00fcr die M\u00fcllabfuhr aus der Tonne genommen werden muss. <\/p>\n<p>Er hat zwei einzeln zu \u00f6ffnende T\u00fcren mit einem Verriegelungssystem an der Vorderseite, so dass die Beh\u00e4lter leicht entnommen und geleert werden k\u00f6nnen. Der M\u00fcllcontainer ist aus hochwertigem, verzinktem Stahl gefertigt, wodurch er sehr robust, langlebig, wasserdicht und rostfrei ist. Dieser \u201eAufbewahrungs\u201c-Beh\u00e4lter fasst 2 120-Liter-Beh\u00e4lter und passt zu jedem Gartendekor.  <\/p>\n<p>Spezifikationen<\/p>\n<ul>\n<li>Farbe: Anthrazit<\/li>\n<li>Material: verzinkter Stahl<\/li>\n<li>Abmessungen: <strong>118 x 70 x 115 cm (B x T x H)<\/strong><\/li>\n<li>Innenma\u00dfe (jedes Teil):<strong> 59 x 70 x 113 cm (B x T x H)<\/strong><\/li>\n<li>Zwei T\u00fcren mit Schlie\u00dfsystem<\/li>\n<li>Interne Ketten, die am Deckel des Containers befestigt sind; dadurch muss der Deckel des Containers beim Entleeren des M\u00fclls nicht mehr ber\u00fchrt werden<\/li>\n<\/ul>\n<p>Eine Anleitung f\u00fcr den Zusammenbau des Beh\u00e4lters finden Sie HIER: <a href=\"https:\/\/zatler.eu\/wp-content\/uploads\/2024\/09\/2-Door-Bin-Box.pdf\">2 Door Bin Box<\/a><\/p>\n<p dir=\"ltr\" data-placeholder=\"Prevod\">\n","protected":false},"excerpt":{"rendered":"<p><strong>Lieferung: 25 Arbeitstage<\/strong><\/p>\n<p>Der M\u00fclleimer sorgt f\u00fcr perfekte Ordnung in Ihrer Umgebung - statt bunter und unattraktiver Beh\u00e4lter sind Ihre M\u00fclltonnen sicher vor der Witterung versteckt; und Ihr Garten oder sogar die Fassade Ihres Hauses wird mit dem M\u00fclleimer perfekt aufger\u00e4umt und sch\u00f6n anzusehen sein.<\/p>\n","protected":false},"featured_media":247077,"comment_status":"closed","ping_status":"closed","template":"","meta":{"_et_pb_use_builder":"","_et_pb_old_content":"","_et_gb_content_width":""},"product_brand":[],"product_cat":[161],"product_tag":[],"class_list":{"0":"post-246853","1":"product","2":"type-product","3":"status-publish","4":"has-post-thumbnail","6":"product_cat-kehrmaschinen","8":"first","9":"instock","10":"sale","11":"purchasable","12":"product-type-simple"},"yoast_head":"<!-- This site is optimized with the Yoast SEO plugin v26.8 - https:\/\/yoast.com\/product\/yoast-seo-wordpress\/ -->\n<title>Klassische Kehrmaschine, 2x120L - Zatler.eu<\/title>\n<meta name=\"robots\" content=\"index, follow, max-snippet:-1, max-image-preview:large, max-video-preview:-1\" \/>\n<link rel=\"canonical\" href=\"https:\/\/zatler.eu\/de\/produkt\/klassische-kehrmaschine-2x120l\/\" \/>\n<meta property=\"og:locale\" content=\"de_DE\" \/>\n<meta property=\"og:type\" content=\"article\" \/>\n<meta property=\"og:title\" content=\"Klassische Kehrmaschine, 2x120L - Zatler.eu\" \/>\n<meta property=\"og:description\" content=\"Lieferung: 25 Arbeitstage Der M\u00fclleimer sorgt f\u00fcr perfekte Ordnung in Ihrer Umgebung - statt bunter und unattraktiver Beh\u00e4lter sind Ihre M\u00fclltonnen sicher vor der Witterung versteckt; und Ihr Garten oder sogar die Fassade Ihres Hauses wird mit dem M\u00fclleimer perfekt aufger\u00e4umt und sch\u00f6n anzusehen sein.\" \/>\n<meta property=\"og:url\" content=\"https:\/\/zatler.eu\/de\/produkt\/klassische-kehrmaschine-2x120l\/\" \/>\n<meta property=\"og:site_name\" content=\"Zatler.eu\" \/>\n<meta property=\"og:image\" content=\"https:\/\/zatler.eu\/wp-content\/uploads\/2024\/09\/2-door-box-2_X.jpg\" \/>\n\t<meta property=\"og:image:width\" content=\"2000\" \/>\n\t<meta property=\"og:image:height\" content=\"2000\" \/>\n\t<meta property=\"og:image:type\" content=\"image\/jpeg\" \/>\n<meta name=\"twitter:card\" content=\"summary_large_image\" \/>\n<meta name=\"twitter:label1\" content=\"Gesch\u00e4tzte Lesezeit\" \/>\n\t<meta name=\"twitter:data1\" content=\"2\u00a0Minuten\" \/>\n<script type=\"application\/ld+json\" class=\"yoast-schema-graph\">{\"@context\":\"https:\/\/schema.org\",\"@graph\":[{\"@type\":\"WebPage\",\"@id\":\"https:\/\/zatler.eu\/de\/produkt\/klassische-kehrmaschine-2x120l\/\",\"url\":\"https:\/\/zatler.eu\/de\/produkt\/klassische-kehrmaschine-2x120l\/\",\"name\":\"Klassische Kehrmaschine, 2x120L - Zatler.eu\",\"isPartOf\":{\"@id\":\"https:\/\/zatler.eu\/de\/#website\"},\"primaryImageOfPage\":{\"@id\":\"https:\/\/zatler.eu\/de\/produkt\/klassische-kehrmaschine-2x120l\/#primaryimage\"},\"image\":{\"@id\":\"https:\/\/zatler.eu\/de\/produkt\/klassische-kehrmaschine-2x120l\/#primaryimage\"},\"thumbnailUrl\":\"https:\/\/zatler.eu\/wp-content\/uploads\/2025\/07\/WhatsApp-Image-2025-07-10-at-09.40.23-1.jpeg\",\"datePublished\":\"2025-07-08T08:52:09+00:00\",\"breadcrumb\":{\"@id\":\"https:\/\/zatler.eu\/de\/produkt\/klassische-kehrmaschine-2x120l\/#breadcrumb\"},\"inLanguage\":\"de\",\"potentialAction\":[{\"@type\":\"ReadAction\",\"target\":[\"https:\/\/zatler.eu\/de\/produkt\/klassische-kehrmaschine-2x120l\/\"]}]},{\"@type\":\"ImageObject\",\"inLanguage\":\"de\",\"@id\":\"https:\/\/zatler.eu\/de\/produkt\/klassische-kehrmaschine-2x120l\/#primaryimage\",\"url\":\"https:\/\/zatler.eu\/wp-content\/uploads\/2025\/07\/WhatsApp-Image-2025-07-10-at-09.40.23-1.jpeg\",\"contentUrl\":\"https:\/\/zatler.eu\/wp-content\/uploads\/2025\/07\/WhatsApp-Image-2025-07-10-at-09.40.23-1.jpeg\",\"width\":700,\"height\":700},{\"@type\":\"BreadcrumbList\",\"@id\":\"https:\/\/zatler.eu\/de\/produkt\/klassische-kehrmaschine-2x120l\/#breadcrumb\",\"itemListElement\":[{\"@type\":\"ListItem\",\"position\":1,\"name\":\"Home\",\"item\":\"https:\/\/zatler.eu\/de\/\"},{\"@type\":\"ListItem\",\"position\":2,\"name\":\"Shop\",\"item\":\"https:\/\/zatler.eu\/de\/shop\/\"},{\"@type\":\"ListItem\",\"position\":3,\"name\":\"Klassische Kehrmaschine, 2x120L\"}]},{\"@type\":\"WebSite\",\"@id\":\"https:\/\/zatler.eu\/de\/#website\",\"url\":\"https:\/\/zatler.eu\/de\/\",\"name\":\"Zatler.eu\",\"description\":\"kreativnost bivanja\",\"publisher\":{\"@id\":\"https:\/\/zatler.eu\/de\/#organization\"},\"potentialAction\":[{\"@type\":\"SearchAction\",\"target\":{\"@type\":\"EntryPoint\",\"urlTemplate\":\"https:\/\/zatler.eu\/de\/?s={search_term_string}\"},\"query-input\":{\"@type\":\"PropertyValueSpecification\",\"valueRequired\":true,\"valueName\":\"search_term_string\"}}],\"inLanguage\":\"de\"},{\"@type\":\"Organization\",\"@id\":\"https:\/\/zatler.eu\/de\/#organization\",\"name\":\"Zatler.eu\",\"url\":\"https:\/\/zatler.eu\/de\/\",\"logo\":{\"@type\":\"ImageObject\",\"inLanguage\":\"de\",\"@id\":\"https:\/\/zatler.eu\/de\/#\/schema\/logo\/image\/\",\"url\":\"https:\/\/zatler.eu\/wp-content\/uploads\/2022\/12\/Zatler-doo.png\",\"contentUrl\":\"https:\/\/zatler.eu\/wp-content\/uploads\/2022\/12\/Zatler-doo.png\",\"width\":238,\"height\":141,\"caption\":\"Zatler.eu\"},\"image\":{\"@id\":\"https:\/\/zatler.eu\/de\/#\/schema\/logo\/image\/\"}}]}<\/script>\n<!-- \/ Yoast SEO plugin. -->","yoast_head_json":{"title":"Klassische Kehrmaschine, 2x120L - Zatler.eu","robots":{"index":"index","follow":"follow","max-snippet":"max-snippet:-1","max-image-preview":"max-image-preview:large","max-video-preview":"max-video-preview:-1"},"canonical":"https:\/\/zatler.eu\/de\/produkt\/klassische-kehrmaschine-2x120l\/","og_locale":"de_DE","og_type":"article","og_title":"Klassische Kehrmaschine, 2x120L - Zatler.eu","og_description":"Lieferung: 25 Arbeitstage Der M\u00fclleimer sorgt f\u00fcr perfekte Ordnung in Ihrer Umgebung - statt bunter und unattraktiver Beh\u00e4lter sind Ihre M\u00fclltonnen sicher vor der Witterung versteckt; und Ihr Garten oder sogar die Fassade Ihres Hauses wird mit dem M\u00fclleimer perfekt aufger\u00e4umt und sch\u00f6n anzusehen sein.","og_url":"https:\/\/zatler.eu\/de\/produkt\/klassische-kehrmaschine-2x120l\/","og_site_name":"Zatler.eu","og_image":[{"width":2000,"height":2000,"url":"https:\/\/zatler.eu\/wp-content\/uploads\/2024\/09\/2-door-box-2_X.jpg","type":"image\/jpeg"}],"twitter_card":"summary_large_image","twitter_misc":{"Gesch\u00e4tzte Lesezeit":"2\u00a0Minuten"},"schema":{"@context":"https:\/\/schema.org","@graph":[{"@type":"WebPage","@id":"https:\/\/zatler.eu\/de\/produkt\/klassische-kehrmaschine-2x120l\/","url":"https:\/\/zatler.eu\/de\/produkt\/klassische-kehrmaschine-2x120l\/","name":"Klassische Kehrmaschine, 2x120L - Zatler.eu","isPartOf":{"@id":"https:\/\/zatler.eu\/de\/#website"},"primaryImageOfPage":{"@id":"https:\/\/zatler.eu\/de\/produkt\/klassische-kehrmaschine-2x120l\/#primaryimage"},"image":{"@id":"https:\/\/zatler.eu\/de\/produkt\/klassische-kehrmaschine-2x120l\/#primaryimage"},"thumbnailUrl":"https:\/\/zatler.eu\/wp-content\/uploads\/2025\/07\/WhatsApp-Image-2025-07-10-at-09.40.23-1.jpeg","datePublished":"2025-07-08T08:52:09+00:00","breadcrumb":{"@id":"https:\/\/zatler.eu\/de\/produkt\/klassische-kehrmaschine-2x120l\/#breadcrumb"},"inLanguage":"de","potentialAction":[{"@type":"ReadAction","target":["https:\/\/zatler.eu\/de\/produkt\/klassische-kehrmaschine-2x120l\/"]}]},{"@type":"ImageObject","inLanguage":"de","@id":"https:\/\/zatler.eu\/de\/produkt\/klassische-kehrmaschine-2x120l\/#primaryimage","url":"https:\/\/zatler.eu\/wp-content\/uploads\/2025\/07\/WhatsApp-Image-2025-07-10-at-09.40.23-1.jpeg","contentUrl":"https:\/\/zatler.eu\/wp-content\/uploads\/2025\/07\/WhatsApp-Image-2025-07-10-at-09.40.23-1.jpeg","width":700,"height":700},{"@type":"BreadcrumbList","@id":"https:\/\/zatler.eu\/de\/produkt\/klassische-kehrmaschine-2x120l\/#breadcrumb","itemListElement":[{"@type":"ListItem","position":1,"name":"Home","item":"https:\/\/zatler.eu\/de\/"},{"@type":"ListItem","position":2,"name":"Shop","item":"https:\/\/zatler.eu\/de\/shop\/"},{"@type":"ListItem","position":3,"name":"Klassische Kehrmaschine, 2x120L"}]},{"@type":"WebSite","@id":"https:\/\/zatler.eu\/de\/#website","url":"https:\/\/zatler.eu\/de\/","name":"Zatler.eu","description":"kreativnost bivanja","publisher":{"@id":"https:\/\/zatler.eu\/de\/#organization"},"potentialAction":[{"@type":"SearchAction","target":{"@type":"EntryPoint","urlTemplate":"https:\/\/zatler.eu\/de\/?s={search_term_string}"},"query-input":{"@type":"PropertyValueSpecification","valueRequired":true,"valueName":"search_term_string"}}],"inLanguage":"de"},{"@type":"Organization","@id":"https:\/\/zatler.eu\/de\/#organization","name":"Zatler.eu","url":"https:\/\/zatler.eu\/de\/","logo":{"@type":"ImageObject","inLanguage":"de","@id":"https:\/\/zatler.eu\/de\/#\/schema\/logo\/image\/","url":"https:\/\/zatler.eu\/wp-content\/uploads\/2022\/12\/Zatler-doo.png","contentUrl":"https:\/\/zatler.eu\/wp-content\/uploads\/2022\/12\/Zatler-doo.png","width":238,"height":141,"caption":"Zatler.eu"},"image":{"@id":"https:\/\/zatler.eu\/de\/#\/schema\/logo\/image\/"}}]}},"jetpack_sharing_enabled":true,"_links":{"self":[{"href":"https:\/\/zatler.eu\/de\/wp-json\/wp\/v2\/product\/246853","targetHints":{"allow":["GET"]}}],"collection":[{"href":"https:\/\/zatler.eu\/de\/wp-json\/wp\/v2\/product"}],"about":[{"href":"https:\/\/zatler.eu\/de\/wp-json\/wp\/v2\/types\/product"}],"replies":[{"embeddable":true,"href":"https:\/\/zatler.eu\/de\/wp-json\/wp\/v2\/comments?post=246853"}],"wp:featuredmedia":[{"embeddable":true,"href":"https:\/\/zatler.eu\/de\/wp-json\/wp\/v2\/media\/247077"}],"wp:attachment":[{"href":"https:\/\/zatler.eu\/de\/wp-json\/wp\/v2\/media?parent=246853"}],"wp:term":[{"taxonomy":"product_brand","embeddable":true,"href":"https:\/\/zatler.eu\/de\/wp-json\/wp\/v2\/product_brand?post=246853"},{"taxonomy":"product_cat","embeddable":true,"href":"https:\/\/zatler.eu\/de\/wp-json\/wp\/v2\/product_cat?post=246853"},{"taxonomy":"product_tag","embeddable":true,"href":"https:\/\/zatler.eu\/de\/wp-json\/wp\/v2\/product_tag?post=246853"}],"curies":[{"name":"wp","href":"https:\/\/api.w.org\/{rel}","templated":true}]}}