{"id":246854,"date":"2025-03-21T12:22:28","date_gmt":"2025-03-21T12:22:28","guid":{"rendered":"https:\/\/zatler.eu\/izdelek\/50-nature-akustikplatten-aus-holz-240x60-cm-eiche-dunkel\/"},"modified":"2025-06-05T06:35:41","modified_gmt":"2025-06-05T06:35:41","slug":"50-nature-akustikplatten-aus-holz-240x60-cm-eiche-dunkel","status":"publish","type":"product","link":"https:\/\/zatler.eu\/de\/produkt\/50-nature-akustikplatten-aus-holz-240x60-cm-eiche-dunkel\/","title":{"rendered":"-50% NATURE Akustikplatten aus Holz 240&#215;60 cm - Eiche Dunkel"},"content":{"rendered":"<p>MIN. BESTELLUNG: 2 St\u00fcck! Sie k\u00f6nnen nur eine gerade Anzahl von Paneelen bestellen, d.h. 2,4,6,8,10.     3,5,7.<\/p>\n<p style=\"text-align: left;\">Akustische Holzpaneele sind eine Nummer, die Topdesigner und Designliebhaber begeistert. Sie sind das perfekte dekorative und akustische Accessoire, das sich f\u00fcr die Wand- oder Deckenmontage eignet. Sie k\u00f6nnen verwendet werden, um modische Trennw\u00e4nde zu schaffen, die man nicht ignorieren kann. Hochwertige Akustikpaneele sind resistent gegen raue Bedingungen und k\u00f6nnen daher in K\u00fcchen, B\u00e4dern, Fluren, Gesch\u00e4ftsr\u00e4umen und sogar an der Decke angebracht werden.   <\/p>\n<p style=\"text-align: left;\"><img loading=\"lazy\" decoding=\"async\" class=\"alignnone size-medium wp-image-245039\" src=\"https:\/\/zatler.eu\/wp-content\/uploads\/2025\/03\/8101-1-300x300.jpg\" alt=\"\" width=\"300\" height=\"300\"><\/p>\n<h3 class=\"image-with-text__heading h1\">F\u00fcr Zuhause oder das B\u00fcro<\/h3>\n<div class=\"image-with-text__text rte body\">\n<p>Akustikpaneele sind die perfekte akustische und dekorative L\u00f6sung f\u00fcr jedes Zuhause oder jeden gewerblichen Raum. Ihr warmes und anspruchsvolles Design passt perfekt in jeden Raum. <\/p>\n<\/div>\n<h3>Umweltfreundlich<\/h3>\n<div class=\"rte\">\n<p>Die Akustikplatten sind FSC-zertifiziert f\u00fcr die sichere Nutzung von W\u00e4ldern und aus Eiche gefertigt. Nat\u00fcrlich, langlebig, sch\u00f6n. <\/p>\n<h3>Die perfekte akustische L\u00f6sung<\/h3>\n<div class=\"rte\">\n<p>Akustikholzplatten haben auch schallabsorbierende Eigenschaften und sind daher akustisch wirksam. Sie absorbieren nachweislich die Ausbreitung von Schallwellen und verbessern so die akustischen Eigenschaften eines Raums erheblich. Akustikpaneele reduzieren den L\u00e4rm um bis zu 50%, was eine beruhigende Wirkung auf das Wohn- oder Arbeitsumfeld hat.  <\/p>\n<h3>Angenehme Umgebung<\/h3>\n<div class=\"rte\">\n<p>Akustikpaneele sorgen f\u00fcr eine ruhige und beruhigende Umgebung in Ihrem Zuhause, Ihrem B\u00fcro oder Ihren Gesch\u00e4ftsr\u00e4umen.<\/p>\n<h3>Einfache Installation<\/h3>\n<p>Akustikpaneele sind extrem einfach zu montieren und Sie k\u00f6nnen sie selbst anbringen. Die Holzpaneele sind bis zu 240 cm hoch und 60 cm breit, so dass sie in den meisten Wohnr\u00e4umen und B\u00fcros vom Boden bis zur Decke installiert werden k\u00f6nnen. <\/p>\n<p><iframe loading=\"lazy\" title=\"YouTube-Video-Player\" src=\"https:\/\/www.youtube.com\/embed\/MwVyCk1nubY\" width=\"560\" height=\"315\" frameborder=\"0\" allowfullscreen=\"allowfullscreen\"><\/iframe><\/p>\n<h3><strong>Technische Merkmale:<\/strong><\/h3>\n<ul>\n<li>Nur die vordere Lamelle ist im gleichen Farbton gef\u00e4rbt (nicht die Seiten, siehe Bilder).<\/li>\n<li>H\u00f6he 240 cm, Breite 60 cm, Dicke 1,6 cm<\/li>\n<li>Lamellenst\u00e4rke 0,8 cm, Filzst\u00e4rke 0,8 cm<\/li>\n<li>Gewicht: 11 kg<\/li>\n<li>15 Lamellen pro Paneel<\/li>\n<li>Material: Holz, Eiche (MDF, Holzfurnier)<\/li>\n<li>Farbe: schwarzer Sockel, Lamellen aus dunkler Eiche\/polierter Eiche<\/li>\n<li>In verschiedenen Farben erh\u00e4ltlich<\/li>\n<li>Holz ist ein nat\u00fcrliches Material mit einem einzigartigen Farbton<\/li>\n<\/ul>\n<p><img loading=\"lazy\" decoding=\"async\" class=\"alignnone size-medium wp-image-245040\" src=\"https:\/\/zatler.eu\/wp-content\/uploads\/2025\/03\/8101-2-300x300.jpg\" alt=\"\" width=\"300\" height=\"300\"><\/p>\n<\/div>\n<\/div>\n<\/div>\n","protected":false},"excerpt":{"rendered":"<p>MIN. BESTELLUNG: 2 St\u00fcck! Sie k\u00f6nnen nur eine gerade Anzahl von Paneelen bestellen, d.h. 2,4,6,8,10. 3,5,7. Akustische Holzpaneele sind eine Nummer, die Topdesigner und Designliebhaber begeistert. Sie sind das perfekte dekorative und akustische Accessoire, das sich f\u00fcr die Wand- oder Deckenmontage eignet. Sie k\u00f6nnen verwendet werden, um modische Trennw\u00e4nde zu schaffen, die man nicht ignorieren [&hellip;]<\/p>\n","protected":false},"featured_media":246318,"comment_status":"open","ping_status":"closed","template":"","meta":{"_et_pb_use_builder":"","_et_pb_old_content":"","_et_gb_content_width":""},"product_brand":[],"product_cat":[162],"product_tag":[163,164,165,166,167],"class_list":{"0":"post-246854","1":"product","2":"type-product","3":"status-publish","4":"has-post-thumbnail","6":"product_cat-akustische-holzplatten","7":"product_tag-3d-akustikholzplatten","8":"product_tag-akustische-holzplatten","9":"product_tag-holzpaneele","10":"product_tag-holzplatten","11":"product_tag-wandpaneele","13":"first","14":"outofstock","15":"sale","16":"taxable","17":"shipping-taxable","18":"purchasable","19":"product-type-simple"},"yoast_head":"<!-- This site is optimized with the Yoast SEO plugin v26.8 - https:\/\/yoast.com\/product\/yoast-seo-wordpress\/ -->\n<title>-50% NATURE Akustikplatten aus Holz 240x60 cm - Eiche Dunkel - Zatler.eu<\/title>\n<meta name=\"robots\" content=\"index, follow, max-snippet:-1, max-image-preview:large, max-video-preview:-1\" \/>\n<link rel=\"canonical\" href=\"https:\/\/zatler.eu\/de\/produkt\/50-nature-akustikplatten-aus-holz-240x60-cm-eiche-dunkel\/\" \/>\n<meta property=\"og:locale\" content=\"de_DE\" \/>\n<meta property=\"og:type\" content=\"article\" \/>\n<meta property=\"og:title\" content=\"-50% NATURE Akustikplatten aus Holz 240x60 cm - Eiche Dunkel - Zatler.eu\" \/>\n<meta property=\"og:description\" content=\"MIN. BESTELLUNG: 2 St\u00fcck! Sie k\u00f6nnen nur eine gerade Anzahl von Paneelen bestellen, d.h. 2,4,6,8,10. 3,5,7. Akustische Holzpaneele sind eine Nummer, die Topdesigner und Designliebhaber begeistert. Sie sind das perfekte dekorative und akustische Accessoire, das sich f\u00fcr die Wand- oder Deckenmontage eignet. Sie k\u00f6nnen verwendet werden, um modische Trennw\u00e4nde zu schaffen, die man nicht ignorieren [&hellip;]\" \/>\n<meta property=\"og:url\" content=\"https:\/\/zatler.eu\/de\/produkt\/50-nature-akustikplatten-aus-holz-240x60-cm-eiche-dunkel\/\" \/>\n<meta property=\"og:site_name\" content=\"Zatler.eu\" \/>\n<meta property=\"article:modified_time\" content=\"2025-06-05T06:35:41+00:00\" \/>\n<meta property=\"og:image\" content=\"https:\/\/zatler.eu\/wp-content\/uploads\/2025\/03\/8101-3-853x1024.jpg\" \/>\n\t<meta property=\"og:image:width\" content=\"853\" \/>\n\t<meta property=\"og:image:height\" content=\"1024\" \/>\n\t<meta property=\"og:image:type\" content=\"image\/jpeg\" \/>\n<meta name=\"twitter:card\" content=\"summary_large_image\" \/>\n<meta name=\"twitter:label1\" content=\"Gesch\u00e4tzte Lesezeit\" \/>\n\t<meta name=\"twitter:data1\" content=\"2\u00a0Minuten\" \/>\n<script type=\"application\/ld+json\" class=\"yoast-schema-graph\">{\"@context\":\"https:\/\/schema.org\",\"@graph\":[{\"@type\":\"WebPage\",\"@id\":\"https:\/\/zatler.eu\/de\/produkt\/50-nature-akustikplatten-aus-holz-240x60-cm-eiche-dunkel\/\",\"url\":\"https:\/\/zatler.eu\/de\/produkt\/50-nature-akustikplatten-aus-holz-240x60-cm-eiche-dunkel\/\",\"name\":\"-50% NATURE Akustikplatten aus Holz 240x60 cm - Eiche Dunkel - Zatler.eu\",\"isPartOf\":{\"@id\":\"https:\/\/zatler.eu\/de\/#website\"},\"primaryImageOfPage\":{\"@id\":\"https:\/\/zatler.eu\/de\/produkt\/50-nature-akustikplatten-aus-holz-240x60-cm-eiche-dunkel\/#primaryimage\"},\"image\":{\"@id\":\"https:\/\/zatler.eu\/de\/produkt\/50-nature-akustikplatten-aus-holz-240x60-cm-eiche-dunkel\/#primaryimage\"},\"thumbnailUrl\":\"https:\/\/zatler.eu\/wp-content\/uploads\/2025\/03\/8101-3.jpg\",\"datePublished\":\"2025-03-21T12:22:28+00:00\",\"dateModified\":\"2025-06-05T06:35:41+00:00\",\"breadcrumb\":{\"@id\":\"https:\/\/zatler.eu\/de\/produkt\/50-nature-akustikplatten-aus-holz-240x60-cm-eiche-dunkel\/#breadcrumb\"},\"inLanguage\":\"de\",\"potentialAction\":[{\"@type\":\"ReadAction\",\"target\":[\"https:\/\/zatler.eu\/de\/produkt\/50-nature-akustikplatten-aus-holz-240x60-cm-eiche-dunkel\/\"]}]},{\"@type\":\"ImageObject\",\"inLanguage\":\"de\",\"@id\":\"https:\/\/zatler.eu\/de\/produkt\/50-nature-akustikplatten-aus-holz-240x60-cm-eiche-dunkel\/#primaryimage\",\"url\":\"https:\/\/zatler.eu\/wp-content\/uploads\/2025\/03\/8101-3.jpg\",\"contentUrl\":\"https:\/\/zatler.eu\/wp-content\/uploads\/2025\/03\/8101-3.jpg\",\"width\":2000,\"height\":2400},{\"@type\":\"BreadcrumbList\",\"@id\":\"https:\/\/zatler.eu\/de\/produkt\/50-nature-akustikplatten-aus-holz-240x60-cm-eiche-dunkel\/#breadcrumb\",\"itemListElement\":[{\"@type\":\"ListItem\",\"position\":1,\"name\":\"Home\",\"item\":\"https:\/\/zatler.eu\/de\/\"},{\"@type\":\"ListItem\",\"position\":2,\"name\":\"Shop\",\"item\":\"https:\/\/zatler.eu\/de\/shop\/\"},{\"@type\":\"ListItem\",\"position\":3,\"name\":\"-50% NATURE Akustikplatten aus Holz 240&#215;60 cm &#8211; Eiche Dunkel\"}]},{\"@type\":\"WebSite\",\"@id\":\"https:\/\/zatler.eu\/de\/#website\",\"url\":\"https:\/\/zatler.eu\/de\/\",\"name\":\"Zatler.eu\",\"description\":\"kreativnost bivanja\",\"publisher\":{\"@id\":\"https:\/\/zatler.eu\/de\/#organization\"},\"potentialAction\":[{\"@type\":\"SearchAction\",\"target\":{\"@type\":\"EntryPoint\",\"urlTemplate\":\"https:\/\/zatler.eu\/de\/?s={search_term_string}\"},\"query-input\":{\"@type\":\"PropertyValueSpecification\",\"valueRequired\":true,\"valueName\":\"search_term_string\"}}],\"inLanguage\":\"de\"},{\"@type\":\"Organization\",\"@id\":\"https:\/\/zatler.eu\/de\/#organization\",\"name\":\"Zatler.eu\",\"url\":\"https:\/\/zatler.eu\/de\/\",\"logo\":{\"@type\":\"ImageObject\",\"inLanguage\":\"de\",\"@id\":\"https:\/\/zatler.eu\/de\/#\/schema\/logo\/image\/\",\"url\":\"https:\/\/zatler.eu\/wp-content\/uploads\/2022\/12\/Zatler-doo.png\",\"contentUrl\":\"https:\/\/zatler.eu\/wp-content\/uploads\/2022\/12\/Zatler-doo.png\",\"width\":238,\"height\":141,\"caption\":\"Zatler.eu\"},\"image\":{\"@id\":\"https:\/\/zatler.eu\/de\/#\/schema\/logo\/image\/\"}}]}<\/script>\n<!-- \/ Yoast SEO plugin. -->","yoast_head_json":{"title":"-50% NATURE Akustikplatten aus Holz 240x60 cm - Eiche Dunkel - Zatler.eu","robots":{"index":"index","follow":"follow","max-snippet":"max-snippet:-1","max-image-preview":"max-image-preview:large","max-video-preview":"max-video-preview:-1"},"canonical":"https:\/\/zatler.eu\/de\/produkt\/50-nature-akustikplatten-aus-holz-240x60-cm-eiche-dunkel\/","og_locale":"de_DE","og_type":"article","og_title":"-50% NATURE Akustikplatten aus Holz 240x60 cm - Eiche Dunkel - Zatler.eu","og_description":"MIN. BESTELLUNG: 2 St\u00fcck! Sie k\u00f6nnen nur eine gerade Anzahl von Paneelen bestellen, d.h. 2,4,6,8,10. 3,5,7. Akustische Holzpaneele sind eine Nummer, die Topdesigner und Designliebhaber begeistert. Sie sind das perfekte dekorative und akustische Accessoire, das sich f\u00fcr die Wand- oder Deckenmontage eignet. Sie k\u00f6nnen verwendet werden, um modische Trennw\u00e4nde zu schaffen, die man nicht ignorieren [&hellip;]","og_url":"https:\/\/zatler.eu\/de\/produkt\/50-nature-akustikplatten-aus-holz-240x60-cm-eiche-dunkel\/","og_site_name":"Zatler.eu","article_modified_time":"2025-06-05T06:35:41+00:00","og_image":[{"width":853,"height":1024,"url":"https:\/\/zatler.eu\/wp-content\/uploads\/2025\/03\/8101-3-853x1024.jpg","type":"image\/jpeg"}],"twitter_card":"summary_large_image","twitter_misc":{"Gesch\u00e4tzte Lesezeit":"2\u00a0Minuten"},"schema":{"@context":"https:\/\/schema.org","@graph":[{"@type":"WebPage","@id":"https:\/\/zatler.eu\/de\/produkt\/50-nature-akustikplatten-aus-holz-240x60-cm-eiche-dunkel\/","url":"https:\/\/zatler.eu\/de\/produkt\/50-nature-akustikplatten-aus-holz-240x60-cm-eiche-dunkel\/","name":"-50% NATURE Akustikplatten aus Holz 240x60 cm - Eiche Dunkel - Zatler.eu","isPartOf":{"@id":"https:\/\/zatler.eu\/de\/#website"},"primaryImageOfPage":{"@id":"https:\/\/zatler.eu\/de\/produkt\/50-nature-akustikplatten-aus-holz-240x60-cm-eiche-dunkel\/#primaryimage"},"image":{"@id":"https:\/\/zatler.eu\/de\/produkt\/50-nature-akustikplatten-aus-holz-240x60-cm-eiche-dunkel\/#primaryimage"},"thumbnailUrl":"https:\/\/zatler.eu\/wp-content\/uploads\/2025\/03\/8101-3.jpg","datePublished":"2025-03-21T12:22:28+00:00","dateModified":"2025-06-05T06:35:41+00:00","breadcrumb":{"@id":"https:\/\/zatler.eu\/de\/produkt\/50-nature-akustikplatten-aus-holz-240x60-cm-eiche-dunkel\/#breadcrumb"},"inLanguage":"de","potentialAction":[{"@type":"ReadAction","target":["https:\/\/zatler.eu\/de\/produkt\/50-nature-akustikplatten-aus-holz-240x60-cm-eiche-dunkel\/"]}]},{"@type":"ImageObject","inLanguage":"de","@id":"https:\/\/zatler.eu\/de\/produkt\/50-nature-akustikplatten-aus-holz-240x60-cm-eiche-dunkel\/#primaryimage","url":"https:\/\/zatler.eu\/wp-content\/uploads\/2025\/03\/8101-3.jpg","contentUrl":"https:\/\/zatler.eu\/wp-content\/uploads\/2025\/03\/8101-3.jpg","width":2000,"height":2400},{"@type":"BreadcrumbList","@id":"https:\/\/zatler.eu\/de\/produkt\/50-nature-akustikplatten-aus-holz-240x60-cm-eiche-dunkel\/#breadcrumb","itemListElement":[{"@type":"ListItem","position":1,"name":"Home","item":"https:\/\/zatler.eu\/de\/"},{"@type":"ListItem","position":2,"name":"Shop","item":"https:\/\/zatler.eu\/de\/shop\/"},{"@type":"ListItem","position":3,"name":"-50% NATURE Akustikplatten aus Holz 240&#215;60 cm &#8211; Eiche Dunkel"}]},{"@type":"WebSite","@id":"https:\/\/zatler.eu\/de\/#website","url":"https:\/\/zatler.eu\/de\/","name":"Zatler.eu","description":"kreativnost bivanja","publisher":{"@id":"https:\/\/zatler.eu\/de\/#organization"},"potentialAction":[{"@type":"SearchAction","target":{"@type":"EntryPoint","urlTemplate":"https:\/\/zatler.eu\/de\/?s={search_term_string}"},"query-input":{"@type":"PropertyValueSpecification","valueRequired":true,"valueName":"search_term_string"}}],"inLanguage":"de"},{"@type":"Organization","@id":"https:\/\/zatler.eu\/de\/#organization","name":"Zatler.eu","url":"https:\/\/zatler.eu\/de\/","logo":{"@type":"ImageObject","inLanguage":"de","@id":"https:\/\/zatler.eu\/de\/#\/schema\/logo\/image\/","url":"https:\/\/zatler.eu\/wp-content\/uploads\/2022\/12\/Zatler-doo.png","contentUrl":"https:\/\/zatler.eu\/wp-content\/uploads\/2022\/12\/Zatler-doo.png","width":238,"height":141,"caption":"Zatler.eu"},"image":{"@id":"https:\/\/zatler.eu\/de\/#\/schema\/logo\/image\/"}}]}},"jetpack_sharing_enabled":true,"_links":{"self":[{"href":"https:\/\/zatler.eu\/de\/wp-json\/wp\/v2\/product\/246854","targetHints":{"allow":["GET"]}}],"collection":[{"href":"https:\/\/zatler.eu\/de\/wp-json\/wp\/v2\/product"}],"about":[{"href":"https:\/\/zatler.eu\/de\/wp-json\/wp\/v2\/types\/product"}],"replies":[{"embeddable":true,"href":"https:\/\/zatler.eu\/de\/wp-json\/wp\/v2\/comments?post=246854"}],"wp:featuredmedia":[{"embeddable":true,"href":"https:\/\/zatler.eu\/de\/wp-json\/wp\/v2\/media\/246318"}],"wp:attachment":[{"href":"https:\/\/zatler.eu\/de\/wp-json\/wp\/v2\/media?parent=246854"}],"wp:term":[{"taxonomy":"product_brand","embeddable":true,"href":"https:\/\/zatler.eu\/de\/wp-json\/wp\/v2\/product_brand?post=246854"},{"taxonomy":"product_cat","embeddable":true,"href":"https:\/\/zatler.eu\/de\/wp-json\/wp\/v2\/product_cat?post=246854"},{"taxonomy":"product_tag","embeddable":true,"href":"https:\/\/zatler.eu\/de\/wp-json\/wp\/v2\/product_tag?post=246854"}],"curies":[{"name":"wp","href":"https:\/\/api.w.org\/{rel}","templated":true}]}}