{"id":246872,"date":"2023-02-22T09:28:19","date_gmt":"2023-02-22T09:28:19","guid":{"rendered":"https:\/\/zatler.eu\/izdelek\/sierra-tuev-freistehender-bioethanol-kamin-schwarz-glasiert\/"},"modified":"2025-06-05T06:36:05","modified_gmt":"2025-06-05T06:36:05","slug":"sierra-tuev-freistehender-bioethanol-kamin-schwarz-glasiert","status":"publish","type":"product","link":"https:\/\/zatler.eu\/de\/produkt\/sierra-tuev-freistehender-bioethanol-kamin-schwarz-glasiert\/","title":{"rendered":"SIERRA T\u00dcV Freistehender Bioethanol-Kamin, schwarz, glasiert"},"content":{"rendered":"<p class=\"tw-data-text tw-text-large tw-ta\" dir=\"ltr\" data-placeholder=\"Prevod\">Bio<span class=\"Y2IQFc\" lang=\"sl\">Der Sierra Kamin mit Verglasung ist die perfekte L\u00f6sung f\u00fcr alle, die eine einzigartige Dekoration und Entspannung beim Anblick des Feuers suchen. Dank seines schlanken Designs kennt Sierra keine Grenzen und passt perfekt in jeden Raum. Er ist in Wei\u00df oder Schwarz erh\u00e4ltlich und das Glas kann jederzeit entfernt werden. Er sieht stilvoll aus und ist leicht zu reinigen.   <\/span><\/p>\n<p>Enth\u00e4lt:<\/p>\n<ul>\n<li dir=\"ltr\" data-placeholder=\"Prevod\">Sierra Ethanol-Kocher<\/li>\n<li>Geh\u00e4rtetes Glas Sicherheitsglas<\/li>\n<li>Bio-Beh\u00e4lter zum Einstellen der Flammenh\u00f6he<\/li>\n<li>Feuerl\u00f6scher aus Stahl<\/li>\n<li>Gebrauchsanweisung<\/li>\n<\/ul>\n<p id=\"tw-target-text\" class=\"tw-data-text tw-text-large tw-ta\" dir=\"ltr\" data-placeholder=\"Prevod\"><span class=\"Y2IQFc\" lang=\"sl\">Es gibt keine Einschr\u00e4nkungen f\u00fcr Biokamine, sie erfordern keine komplizierte Installation oder einen Anschluss an einen Schornstein und sie sind einfach zu installieren und zu verwenden. Sie k\u00f6nnen sowohl in einem gro\u00dfen Haus als auch in einer kleinen Wohnung installiert werden.  Biokamine sind auch eine gro\u00dfartige L\u00f6sung f\u00fcr die Inneneinrichtung. Die gro\u00dfe Auswahl an Produkten erm\u00f6glicht die originellsten Ideen.   <\/span><\/p>\n<p class=\"tw-data-text tw-text-large tw-ta\" dir=\"ltr\" data-placeholder=\"Prevod\"><span class=\"Y2IQFc\" lang=\"sl\">Sie werden mit Biobrennstoff in Form einer Fl\u00fcssigkeit verbrannt, die ein echtes Feuer verursacht. Je nach H\u00f6he der Flamme und Gr\u00f6\u00dfe des Innenraums erh\u00f6ht der Biobrennstoff die Temperatur um einige Grad Celsius. 100% der erzeugten W\u00e4rme wird an den Raum abgegeben, wodurch der Biobrennstoff zu einer zus\u00e4tzlichen Heizquelle wird.   F\u00fcllen Sie den Biokraftstoff einfach bis zu dem auf dem Beh\u00e4lter markierten Stand ein. Die Flamme kann jederzeit reguliert und gel\u00f6scht werden. Denken Sie daran, den Raum zu l\u00fcften, in dem sich der Biobrennstoff befindet.    <\/span><\/p>\n<p class=\"tw-data-text tw-text-large tw-ta\" dir=\"ltr\" data-placeholder=\"Prevod\"><span class=\"Y2IQFc\" lang=\"sl\">Selbstst\u00e4ndig, erfordert keine Montage, kann \u00fcberall aufgestellt werden. Es gen\u00fcgt, die in der Verpackung enthaltenen Teile gem\u00e4\u00df der Gebrauchsanweisung zusammenzubauen.   <\/span><\/p>\n<p class=\"tw-data-text tw-text-large tw-ta\" dir=\"ltr\" data-placeholder=\"Prevod\"><span class=\"Y2IQFc\" lang=\"sl\">Die Biokammern werden aus hochwertigen Materialien hergestellt. Der Produktionsprozess wird nach globalen Standards durchgef\u00fchrt, was durch das ISO 9001:2015 Zertifikat best\u00e4tigt wird. Der Produktionsprozess der Biokammern wird vom T\u00dcV Rheinland Polen \u00fcberwacht - die Biokammern haben das deutsche T\u00dcV-Sicherheitszertifikat. Der T\u00dcV-zertifizierte Tank verf\u00fcgt \u00fcber eine zus\u00e4tzliche Spezialkammer, die das Auslaufen von Kraftstoff im Falle einer versehentlichen \u00dcberf\u00fcllung des Tanks verhindert. Au\u00dferdem verf\u00fcgt er \u00fcber eine Anzeige f\u00fcr den maximalen Kraftstoffstand. Ein saugf\u00e4higer Einsatz in der Mitte des Tanks reduziert den Kraftstoffverbrauch und sch\u00fctzt vor dem Auslaufen von Biokraftstoffen im Falle eines Kippens.     <\/span><\/p>\n","protected":false},"excerpt":{"rendered":"<p id=\"tw-target-text\" class=\"tw-data-text tw-text-large tw-ta\" dir=\"ltr\" data-placeholder=\"Prevod\">Freistehende Sierra Biofaser mit stabiler Konstruktion. Die Verglasung an den vier Seiten des Biozauns bietet zus\u00e4tzlichen Schutz f\u00fcr Kinder und Haustiere. <\/p>\n","protected":false},"featured_media":246183,"comment_status":"closed","ping_status":"closed","template":"","meta":{"_et_pb_use_builder":"","_et_pb_old_content":"","_et_gb_content_width":""},"product_brand":[],"product_cat":[147,148,146],"product_tag":[],"class_list":{"0":"post-246872","1":"product","2":"type-product","3":"status-publish","4":"has-post-thumbnail","6":"product_cat-bioethanol-kamine","7":"product_cat-freistehende-bioethanol-kamine","8":"product_cat-kamine-feuerstellen","10":"first","11":"instock","12":"taxable","13":"shipping-taxable","14":"purchasable","15":"product-type-simple"},"yoast_head":"<!-- This site is optimized with the Yoast SEO plugin v26.8 - https:\/\/yoast.com\/product\/yoast-seo-wordpress\/ -->\n<title>SIERRA T\u00dcV Freistehender Bioethanol-Kamin, schwarz, glasiert - Zatler.eu<\/title>\n<meta name=\"robots\" content=\"index, follow, max-snippet:-1, max-image-preview:large, max-video-preview:-1\" \/>\n<link rel=\"canonical\" href=\"https:\/\/zatler.eu\/de\/produkt\/sierra-tuev-freistehender-bioethanol-kamin-schwarz-glasiert\/\" \/>\n<meta property=\"og:locale\" content=\"de_DE\" \/>\n<meta property=\"og:type\" content=\"article\" \/>\n<meta property=\"og:title\" content=\"SIERRA T\u00dcV Freistehender Bioethanol-Kamin, schwarz, glasiert - Zatler.eu\" \/>\n<meta property=\"og:description\" content=\"Freistehende Sierra Biofaser mit stabiler Konstruktion. Die Verglasung an den vier Seiten des Biozauns bietet zus\u00e4tzlichen Schutz f\u00fcr Kinder und Haustiere.\" \/>\n<meta property=\"og:url\" content=\"https:\/\/zatler.eu\/de\/produkt\/sierra-tuev-freistehender-bioethanol-kamin-schwarz-glasiert\/\" \/>\n<meta property=\"og:site_name\" content=\"Zatler.eu\" \/>\n<meta property=\"article:modified_time\" content=\"2025-06-05T06:36:05+00:00\" \/>\n<meta property=\"og:image\" content=\"https:\/\/zatler.eu\/wp-content\/uploads\/2023\/02\/100sierraprzeszklenie_39749.png\" \/>\n\t<meta property=\"og:image:width\" content=\"650\" \/>\n\t<meta property=\"og:image:height\" content=\"650\" \/>\n\t<meta property=\"og:image:type\" content=\"image\/png\" \/>\n<meta name=\"twitter:card\" content=\"summary_large_image\" \/>\n<meta name=\"twitter:label1\" content=\"Gesch\u00e4tzte Lesezeit\" \/>\n\t<meta name=\"twitter:data1\" content=\"2\u00a0Minuten\" \/>\n<script type=\"application\/ld+json\" class=\"yoast-schema-graph\">{\"@context\":\"https:\/\/schema.org\",\"@graph\":[{\"@type\":\"WebPage\",\"@id\":\"https:\/\/zatler.eu\/de\/produkt\/sierra-tuev-freistehender-bioethanol-kamin-schwarz-glasiert\/\",\"url\":\"https:\/\/zatler.eu\/de\/produkt\/sierra-tuev-freistehender-bioethanol-kamin-schwarz-glasiert\/\",\"name\":\"SIERRA T\u00dcV Freistehender Bioethanol-Kamin, schwarz, glasiert - Zatler.eu\",\"isPartOf\":{\"@id\":\"https:\/\/zatler.eu\/de\/#website\"},\"primaryImageOfPage\":{\"@id\":\"https:\/\/zatler.eu\/de\/produkt\/sierra-tuev-freistehender-bioethanol-kamin-schwarz-glasiert\/#primaryimage\"},\"image\":{\"@id\":\"https:\/\/zatler.eu\/de\/produkt\/sierra-tuev-freistehender-bioethanol-kamin-schwarz-glasiert\/#primaryimage\"},\"thumbnailUrl\":\"https:\/\/zatler.eu\/wp-content\/uploads\/2023\/02\/100sierraprzeszklenie_39749.png\",\"datePublished\":\"2023-02-22T09:28:19+00:00\",\"dateModified\":\"2025-06-05T06:36:05+00:00\",\"breadcrumb\":{\"@id\":\"https:\/\/zatler.eu\/de\/produkt\/sierra-tuev-freistehender-bioethanol-kamin-schwarz-glasiert\/#breadcrumb\"},\"inLanguage\":\"de\",\"potentialAction\":[{\"@type\":\"ReadAction\",\"target\":[\"https:\/\/zatler.eu\/de\/produkt\/sierra-tuev-freistehender-bioethanol-kamin-schwarz-glasiert\/\"]}]},{\"@type\":\"ImageObject\",\"inLanguage\":\"de\",\"@id\":\"https:\/\/zatler.eu\/de\/produkt\/sierra-tuev-freistehender-bioethanol-kamin-schwarz-glasiert\/#primaryimage\",\"url\":\"https:\/\/zatler.eu\/wp-content\/uploads\/2023\/02\/100sierraprzeszklenie_39749.png\",\"contentUrl\":\"https:\/\/zatler.eu\/wp-content\/uploads\/2023\/02\/100sierraprzeszklenie_39749.png\",\"width\":650,\"height\":650},{\"@type\":\"BreadcrumbList\",\"@id\":\"https:\/\/zatler.eu\/de\/produkt\/sierra-tuev-freistehender-bioethanol-kamin-schwarz-glasiert\/#breadcrumb\",\"itemListElement\":[{\"@type\":\"ListItem\",\"position\":1,\"name\":\"Home\",\"item\":\"https:\/\/zatler.eu\/de\/\"},{\"@type\":\"ListItem\",\"position\":2,\"name\":\"Shop\",\"item\":\"https:\/\/zatler.eu\/de\/shop\/\"},{\"@type\":\"ListItem\",\"position\":3,\"name\":\"SIERRA T\u00dcV Freistehender Bioethanol-Kamin, schwarz, glasiert\"}]},{\"@type\":\"WebSite\",\"@id\":\"https:\/\/zatler.eu\/de\/#website\",\"url\":\"https:\/\/zatler.eu\/de\/\",\"name\":\"Zatler.eu\",\"description\":\"kreativnost bivanja\",\"publisher\":{\"@id\":\"https:\/\/zatler.eu\/de\/#organization\"},\"potentialAction\":[{\"@type\":\"SearchAction\",\"target\":{\"@type\":\"EntryPoint\",\"urlTemplate\":\"https:\/\/zatler.eu\/de\/?s={search_term_string}\"},\"query-input\":{\"@type\":\"PropertyValueSpecification\",\"valueRequired\":true,\"valueName\":\"search_term_string\"}}],\"inLanguage\":\"de\"},{\"@type\":\"Organization\",\"@id\":\"https:\/\/zatler.eu\/de\/#organization\",\"name\":\"Zatler.eu\",\"url\":\"https:\/\/zatler.eu\/de\/\",\"logo\":{\"@type\":\"ImageObject\",\"inLanguage\":\"de\",\"@id\":\"https:\/\/zatler.eu\/de\/#\/schema\/logo\/image\/\",\"url\":\"https:\/\/zatler.eu\/wp-content\/uploads\/2022\/12\/Zatler-doo.png\",\"contentUrl\":\"https:\/\/zatler.eu\/wp-content\/uploads\/2022\/12\/Zatler-doo.png\",\"width\":238,\"height\":141,\"caption\":\"Zatler.eu\"},\"image\":{\"@id\":\"https:\/\/zatler.eu\/de\/#\/schema\/logo\/image\/\"}}]}<\/script>\n<!-- \/ Yoast SEO plugin. -->","yoast_head_json":{"title":"SIERRA T\u00dcV Freistehender Bioethanol-Kamin, schwarz, glasiert - Zatler.eu","robots":{"index":"index","follow":"follow","max-snippet":"max-snippet:-1","max-image-preview":"max-image-preview:large","max-video-preview":"max-video-preview:-1"},"canonical":"https:\/\/zatler.eu\/de\/produkt\/sierra-tuev-freistehender-bioethanol-kamin-schwarz-glasiert\/","og_locale":"de_DE","og_type":"article","og_title":"SIERRA T\u00dcV Freistehender Bioethanol-Kamin, schwarz, glasiert - Zatler.eu","og_description":"Freistehende Sierra Biofaser mit stabiler Konstruktion. Die Verglasung an den vier Seiten des Biozauns bietet zus\u00e4tzlichen Schutz f\u00fcr Kinder und Haustiere.","og_url":"https:\/\/zatler.eu\/de\/produkt\/sierra-tuev-freistehender-bioethanol-kamin-schwarz-glasiert\/","og_site_name":"Zatler.eu","article_modified_time":"2025-06-05T06:36:05+00:00","og_image":[{"width":650,"height":650,"url":"https:\/\/zatler.eu\/wp-content\/uploads\/2023\/02\/100sierraprzeszklenie_39749.png","type":"image\/png"}],"twitter_card":"summary_large_image","twitter_misc":{"Gesch\u00e4tzte Lesezeit":"2\u00a0Minuten"},"schema":{"@context":"https:\/\/schema.org","@graph":[{"@type":"WebPage","@id":"https:\/\/zatler.eu\/de\/produkt\/sierra-tuev-freistehender-bioethanol-kamin-schwarz-glasiert\/","url":"https:\/\/zatler.eu\/de\/produkt\/sierra-tuev-freistehender-bioethanol-kamin-schwarz-glasiert\/","name":"SIERRA T\u00dcV Freistehender Bioethanol-Kamin, schwarz, glasiert - Zatler.eu","isPartOf":{"@id":"https:\/\/zatler.eu\/de\/#website"},"primaryImageOfPage":{"@id":"https:\/\/zatler.eu\/de\/produkt\/sierra-tuev-freistehender-bioethanol-kamin-schwarz-glasiert\/#primaryimage"},"image":{"@id":"https:\/\/zatler.eu\/de\/produkt\/sierra-tuev-freistehender-bioethanol-kamin-schwarz-glasiert\/#primaryimage"},"thumbnailUrl":"https:\/\/zatler.eu\/wp-content\/uploads\/2023\/02\/100sierraprzeszklenie_39749.png","datePublished":"2023-02-22T09:28:19+00:00","dateModified":"2025-06-05T06:36:05+00:00","breadcrumb":{"@id":"https:\/\/zatler.eu\/de\/produkt\/sierra-tuev-freistehender-bioethanol-kamin-schwarz-glasiert\/#breadcrumb"},"inLanguage":"de","potentialAction":[{"@type":"ReadAction","target":["https:\/\/zatler.eu\/de\/produkt\/sierra-tuev-freistehender-bioethanol-kamin-schwarz-glasiert\/"]}]},{"@type":"ImageObject","inLanguage":"de","@id":"https:\/\/zatler.eu\/de\/produkt\/sierra-tuev-freistehender-bioethanol-kamin-schwarz-glasiert\/#primaryimage","url":"https:\/\/zatler.eu\/wp-content\/uploads\/2023\/02\/100sierraprzeszklenie_39749.png","contentUrl":"https:\/\/zatler.eu\/wp-content\/uploads\/2023\/02\/100sierraprzeszklenie_39749.png","width":650,"height":650},{"@type":"BreadcrumbList","@id":"https:\/\/zatler.eu\/de\/produkt\/sierra-tuev-freistehender-bioethanol-kamin-schwarz-glasiert\/#breadcrumb","itemListElement":[{"@type":"ListItem","position":1,"name":"Home","item":"https:\/\/zatler.eu\/de\/"},{"@type":"ListItem","position":2,"name":"Shop","item":"https:\/\/zatler.eu\/de\/shop\/"},{"@type":"ListItem","position":3,"name":"SIERRA T\u00dcV Freistehender Bioethanol-Kamin, schwarz, glasiert"}]},{"@type":"WebSite","@id":"https:\/\/zatler.eu\/de\/#website","url":"https:\/\/zatler.eu\/de\/","name":"Zatler.eu","description":"kreativnost bivanja","publisher":{"@id":"https:\/\/zatler.eu\/de\/#organization"},"potentialAction":[{"@type":"SearchAction","target":{"@type":"EntryPoint","urlTemplate":"https:\/\/zatler.eu\/de\/?s={search_term_string}"},"query-input":{"@type":"PropertyValueSpecification","valueRequired":true,"valueName":"search_term_string"}}],"inLanguage":"de"},{"@type":"Organization","@id":"https:\/\/zatler.eu\/de\/#organization","name":"Zatler.eu","url":"https:\/\/zatler.eu\/de\/","logo":{"@type":"ImageObject","inLanguage":"de","@id":"https:\/\/zatler.eu\/de\/#\/schema\/logo\/image\/","url":"https:\/\/zatler.eu\/wp-content\/uploads\/2022\/12\/Zatler-doo.png","contentUrl":"https:\/\/zatler.eu\/wp-content\/uploads\/2022\/12\/Zatler-doo.png","width":238,"height":141,"caption":"Zatler.eu"},"image":{"@id":"https:\/\/zatler.eu\/de\/#\/schema\/logo\/image\/"}}]}},"jetpack_sharing_enabled":true,"_links":{"self":[{"href":"https:\/\/zatler.eu\/de\/wp-json\/wp\/v2\/product\/246872","targetHints":{"allow":["GET"]}}],"collection":[{"href":"https:\/\/zatler.eu\/de\/wp-json\/wp\/v2\/product"}],"about":[{"href":"https:\/\/zatler.eu\/de\/wp-json\/wp\/v2\/types\/product"}],"replies":[{"embeddable":true,"href":"https:\/\/zatler.eu\/de\/wp-json\/wp\/v2\/comments?post=246872"}],"wp:featuredmedia":[{"embeddable":true,"href":"https:\/\/zatler.eu\/de\/wp-json\/wp\/v2\/media\/246183"}],"wp:attachment":[{"href":"https:\/\/zatler.eu\/de\/wp-json\/wp\/v2\/media?parent=246872"}],"wp:term":[{"taxonomy":"product_brand","embeddable":true,"href":"https:\/\/zatler.eu\/de\/wp-json\/wp\/v2\/product_brand?post=246872"},{"taxonomy":"product_cat","embeddable":true,"href":"https:\/\/zatler.eu\/de\/wp-json\/wp\/v2\/product_cat?post=246872"},{"taxonomy":"product_tag","embeddable":true,"href":"https:\/\/zatler.eu\/de\/wp-json\/wp\/v2\/product_tag?post=246872"}],"curies":[{"name":"wp","href":"https:\/\/api.w.org\/{rel}","templated":true}]}}