{"id":246873,"date":"2023-02-27T08:56:43","date_gmt":"2023-02-27T08:56:43","guid":{"rendered":"https:\/\/zatler.eu\/izdelek\/aussenleuchte-mekka-led-4000k-ip65\/"},"modified":"2025-06-05T06:36:06","modified_gmt":"2025-06-05T06:36:06","slug":"aussenleuchte-mekka-led-4000k-ip65","status":"publish","type":"product","link":"https:\/\/zatler.eu\/de\/produkt\/aussenleuchte-mekka-led-4000k-ip65\/","title":{"rendered":"Au\u00dfenleuchte Mekka, LED 4000K IP65"},"content":{"rendered":"<p>Die Mecca Lampe verzaubert mit ihrem besonderen Lichtstrahl, der eine Reflexion der ungew\u00f6hnlichen Form oder des Ausschnitts der Lampe ist. Das Licht wird vom K\u00f6rper der Lampe wundersch\u00f6n reflektiert und beleuchtet die Umgebung mit einer optimalen Leistung von 7W.  <\/p>\n<p>&nbsp;<\/p>\n<ul>\n<li id=\"tw-target-text\" class=\"tw-data-text tw-text-large tw-ta\" dir=\"ltr\" data-placeholder=\"Prevod\"><span class=\"Y2IQFc\" lang=\"sl\">Farbtemperatur (CCT): 4000K<\/span><\/li>\n<li dir=\"ltr\" data-placeholder=\"Prevod\">Wattleistung der Lampe: 7W<\/li>\n<li class=\"tw-data-text tw-text-large tw-ta\" dir=\"ltr\" data-placeholder=\"Prevod\"><span class=\"Y2IQFc\" lang=\"sl\">Lichtausbeute der Lampe (lm\/w): 110<\/span><\/li>\n<li class=\"tw-data-text tw-text-large tw-ta\" dir=\"ltr\" data-placeholder=\"Prevod\"><span class=\"Y2IQFc\" lang=\"sl\">I<\/span><span class=\"Y2IQFc\" lang=\"sl\">Farbwiedergabe-Index (Ra): 75<\/span><\/li>\n<li class=\"tw-data-text tw-text-large tw-ta\" dir=\"ltr\" data-placeholder=\"Prevod\"><span class=\"Y2IQFc\" lang=\"sl\">Lichtquelle: LED<\/span><\/li>\n<li class=\"tw-data-text tw-text-large tw-ta\" dir=\"ltr\" data-placeholder=\"Prevod\"><span class=\"Y2IQFc\" lang=\"sl\">Eingangsspannung (V): 100V-240V<\/span><\/li>\n<li class=\"tw-data-text tw-text-large tw-ta\" dir=\"ltr\" data-placeholder=\"Prevod\"><span class=\"Y2IQFc\" lang=\"sl\">Abstrahlwinkel (\u00b0): 120<\/span><\/li>\n<li class=\"tw-data-text tw-text-large tw-ta\" dir=\"ltr\" data-placeholder=\"Prevod\"><span class=\"Y2IQFc\" lang=\"sl\">Betriebstemperatur (\u2103): -25 - 50<\/span><\/li>\n<li class=\"tw-data-text tw-text-large tw-ta\" dir=\"ltr\" data-placeholder=\"Prevod\"><span class=\"Y2IQFc\" lang=\"sl\">Material Lampengeh\u00e4use: Aluminium<\/span><\/li>\n<li class=\"tw-data-text tw-text-large tw-ta\" dir=\"ltr\" data-placeholder=\"Prevod\"><span class=\"Y2IQFc\" lang=\"sl\">IP Schutzart: IP65<\/span><\/li>\n<li class=\"tw-data-text tw-text-large tw-ta\" dir=\"ltr\" data-placeholder=\"Prevod\"><span class=\"Y2IQFc\" lang=\"sl\">Verwendung: Garten<\/span><\/li>\n<li class=\"tw-data-text tw-text-large tw-ta\" dir=\"ltr\" data-placeholder=\"Prevod\"><span class=\"Y2IQFc\" lang=\"sl\">Abmessungen: 600*160*56 mm<\/span><\/li>\n<li dir=\"ltr\" data-placeholder=\"Prevod\">Zertifikat: CE<\/li>\n<li dir=\"ltr\" data-placeholder=\"Prevod\">Farbe: Schwarz<\/li>\n<li dir=\"ltr\" data-placeholder=\"Prevod\">Abmessungen: 600*120mm<\/li>\n<\/ul>\n","protected":false},"excerpt":{"rendered":"<p>Die Mecca Au\u00dfenleuchte mit runder Form, 4000K Lichttemperatur und einem speziellen Ausschnitt, der den Garten oder den Weg zur Haust\u00fcr abends zu einem angenehmen Erlebnis macht.<\/p>\n","protected":false},"featured_media":246208,"comment_status":"closed","ping_status":"closed","template":"","meta":{"_et_pb_use_builder":"","_et_pb_old_content":"","_et_gb_content_width":""},"product_brand":[],"product_cat":[170,172],"product_tag":[],"class_list":{"0":"post-246873","1":"product","2":"type-product","3":"status-publish","4":"has-post-thumbnail","6":"product_cat-beleuchtung","7":"product_cat-leuchten-fur-den-garten","9":"first","10":"outofstock","11":"taxable","12":"shipping-taxable","13":"purchasable","14":"product-type-variable"},"yoast_head":"<!-- This site is optimized with the Yoast SEO plugin v26.8 - https:\/\/yoast.com\/product\/yoast-seo-wordpress\/ -->\n<title>Au\u00dfenleuchte Mekka, LED 4000K IP65 - Zatler.eu<\/title>\n<meta name=\"robots\" content=\"index, follow, max-snippet:-1, max-image-preview:large, max-video-preview:-1\" \/>\n<link rel=\"canonical\" href=\"https:\/\/zatler.eu\/de\/produkt\/aussenleuchte-mekka-led-4000k-ip65\/\" \/>\n<meta property=\"og:locale\" content=\"de_DE\" \/>\n<meta property=\"og:type\" content=\"article\" \/>\n<meta property=\"og:title\" content=\"Au\u00dfenleuchte Mekka, LED 4000K IP65 - Zatler.eu\" \/>\n<meta property=\"og:description\" content=\"Die Mecca Au\u00dfenleuchte mit runder Form, 4000K Lichttemperatur und einem speziellen Ausschnitt, der den Garten oder den Weg zur Haust\u00fcr abends zu einem angenehmen Erlebnis macht.\" \/>\n<meta property=\"og:url\" content=\"https:\/\/zatler.eu\/de\/produkt\/aussenleuchte-mekka-led-4000k-ip65\/\" \/>\n<meta property=\"og:site_name\" content=\"Zatler.eu\" \/>\n<meta property=\"article:modified_time\" content=\"2025-06-05T06:36:06+00:00\" \/>\n<meta property=\"og:image\" content=\"https:\/\/zatler.eu\/wp-content\/uploads\/2023\/02\/image_1.jpg\" \/>\n\t<meta property=\"og:image:width\" content=\"800\" \/>\n\t<meta property=\"og:image:height\" content=\"800\" \/>\n\t<meta property=\"og:image:type\" content=\"image\/jpeg\" \/>\n<meta name=\"twitter:card\" content=\"summary_large_image\" \/>\n<script type=\"application\/ld+json\" class=\"yoast-schema-graph\">{\"@context\":\"https:\/\/schema.org\",\"@graph\":[{\"@type\":\"WebPage\",\"@id\":\"https:\/\/zatler.eu\/de\/produkt\/aussenleuchte-mekka-led-4000k-ip65\/\",\"url\":\"https:\/\/zatler.eu\/de\/produkt\/aussenleuchte-mekka-led-4000k-ip65\/\",\"name\":\"Au\u00dfenleuchte Mekka, LED 4000K IP65 - Zatler.eu\",\"isPartOf\":{\"@id\":\"https:\/\/zatler.eu\/de\/#website\"},\"primaryImageOfPage\":{\"@id\":\"https:\/\/zatler.eu\/de\/produkt\/aussenleuchte-mekka-led-4000k-ip65\/#primaryimage\"},\"image\":{\"@id\":\"https:\/\/zatler.eu\/de\/produkt\/aussenleuchte-mekka-led-4000k-ip65\/#primaryimage\"},\"thumbnailUrl\":\"https:\/\/zatler.eu\/wp-content\/uploads\/2023\/02\/image_1.jpg\",\"datePublished\":\"2023-02-27T08:56:43+00:00\",\"dateModified\":\"2025-06-05T06:36:06+00:00\",\"breadcrumb\":{\"@id\":\"https:\/\/zatler.eu\/de\/produkt\/aussenleuchte-mekka-led-4000k-ip65\/#breadcrumb\"},\"inLanguage\":\"de\",\"potentialAction\":[{\"@type\":\"ReadAction\",\"target\":[\"https:\/\/zatler.eu\/de\/produkt\/aussenleuchte-mekka-led-4000k-ip65\/\"]}]},{\"@type\":\"ImageObject\",\"inLanguage\":\"de\",\"@id\":\"https:\/\/zatler.eu\/de\/produkt\/aussenleuchte-mekka-led-4000k-ip65\/#primaryimage\",\"url\":\"https:\/\/zatler.eu\/wp-content\/uploads\/2023\/02\/image_1.jpg\",\"contentUrl\":\"https:\/\/zatler.eu\/wp-content\/uploads\/2023\/02\/image_1.jpg\",\"width\":800,\"height\":800},{\"@type\":\"BreadcrumbList\",\"@id\":\"https:\/\/zatler.eu\/de\/produkt\/aussenleuchte-mekka-led-4000k-ip65\/#breadcrumb\",\"itemListElement\":[{\"@type\":\"ListItem\",\"position\":1,\"name\":\"Home\",\"item\":\"https:\/\/zatler.eu\/de\/\"},{\"@type\":\"ListItem\",\"position\":2,\"name\":\"Shop\",\"item\":\"https:\/\/zatler.eu\/de\/shop\/\"},{\"@type\":\"ListItem\",\"position\":3,\"name\":\"Au\u00dfenleuchte Mekka, LED 4000K IP65\"}]},{\"@type\":\"WebSite\",\"@id\":\"https:\/\/zatler.eu\/de\/#website\",\"url\":\"https:\/\/zatler.eu\/de\/\",\"name\":\"Zatler.eu\",\"description\":\"kreativnost bivanja\",\"publisher\":{\"@id\":\"https:\/\/zatler.eu\/de\/#organization\"},\"potentialAction\":[{\"@type\":\"SearchAction\",\"target\":{\"@type\":\"EntryPoint\",\"urlTemplate\":\"https:\/\/zatler.eu\/de\/?s={search_term_string}\"},\"query-input\":{\"@type\":\"PropertyValueSpecification\",\"valueRequired\":true,\"valueName\":\"search_term_string\"}}],\"inLanguage\":\"de\"},{\"@type\":\"Organization\",\"@id\":\"https:\/\/zatler.eu\/de\/#organization\",\"name\":\"Zatler.eu\",\"url\":\"https:\/\/zatler.eu\/de\/\",\"logo\":{\"@type\":\"ImageObject\",\"inLanguage\":\"de\",\"@id\":\"https:\/\/zatler.eu\/de\/#\/schema\/logo\/image\/\",\"url\":\"https:\/\/zatler.eu\/wp-content\/uploads\/2022\/12\/Zatler-doo.png\",\"contentUrl\":\"https:\/\/zatler.eu\/wp-content\/uploads\/2022\/12\/Zatler-doo.png\",\"width\":238,\"height\":141,\"caption\":\"Zatler.eu\"},\"image\":{\"@id\":\"https:\/\/zatler.eu\/de\/#\/schema\/logo\/image\/\"}}]}<\/script>\n<!-- \/ Yoast SEO plugin. -->","yoast_head_json":{"title":"Au\u00dfenleuchte Mekka, LED 4000K IP65 - Zatler.eu","robots":{"index":"index","follow":"follow","max-snippet":"max-snippet:-1","max-image-preview":"max-image-preview:large","max-video-preview":"max-video-preview:-1"},"canonical":"https:\/\/zatler.eu\/de\/produkt\/aussenleuchte-mekka-led-4000k-ip65\/","og_locale":"de_DE","og_type":"article","og_title":"Au\u00dfenleuchte Mekka, LED 4000K IP65 - Zatler.eu","og_description":"Die Mecca Au\u00dfenleuchte mit runder Form, 4000K Lichttemperatur und einem speziellen Ausschnitt, der den Garten oder den Weg zur Haust\u00fcr abends zu einem angenehmen Erlebnis macht.","og_url":"https:\/\/zatler.eu\/de\/produkt\/aussenleuchte-mekka-led-4000k-ip65\/","og_site_name":"Zatler.eu","article_modified_time":"2025-06-05T06:36:06+00:00","og_image":[{"width":800,"height":800,"url":"https:\/\/zatler.eu\/wp-content\/uploads\/2023\/02\/image_1.jpg","type":"image\/jpeg"}],"twitter_card":"summary_large_image","schema":{"@context":"https:\/\/schema.org","@graph":[{"@type":"WebPage","@id":"https:\/\/zatler.eu\/de\/produkt\/aussenleuchte-mekka-led-4000k-ip65\/","url":"https:\/\/zatler.eu\/de\/produkt\/aussenleuchte-mekka-led-4000k-ip65\/","name":"Au\u00dfenleuchte Mekka, LED 4000K IP65 - Zatler.eu","isPartOf":{"@id":"https:\/\/zatler.eu\/de\/#website"},"primaryImageOfPage":{"@id":"https:\/\/zatler.eu\/de\/produkt\/aussenleuchte-mekka-led-4000k-ip65\/#primaryimage"},"image":{"@id":"https:\/\/zatler.eu\/de\/produkt\/aussenleuchte-mekka-led-4000k-ip65\/#primaryimage"},"thumbnailUrl":"https:\/\/zatler.eu\/wp-content\/uploads\/2023\/02\/image_1.jpg","datePublished":"2023-02-27T08:56:43+00:00","dateModified":"2025-06-05T06:36:06+00:00","breadcrumb":{"@id":"https:\/\/zatler.eu\/de\/produkt\/aussenleuchte-mekka-led-4000k-ip65\/#breadcrumb"},"inLanguage":"de","potentialAction":[{"@type":"ReadAction","target":["https:\/\/zatler.eu\/de\/produkt\/aussenleuchte-mekka-led-4000k-ip65\/"]}]},{"@type":"ImageObject","inLanguage":"de","@id":"https:\/\/zatler.eu\/de\/produkt\/aussenleuchte-mekka-led-4000k-ip65\/#primaryimage","url":"https:\/\/zatler.eu\/wp-content\/uploads\/2023\/02\/image_1.jpg","contentUrl":"https:\/\/zatler.eu\/wp-content\/uploads\/2023\/02\/image_1.jpg","width":800,"height":800},{"@type":"BreadcrumbList","@id":"https:\/\/zatler.eu\/de\/produkt\/aussenleuchte-mekka-led-4000k-ip65\/#breadcrumb","itemListElement":[{"@type":"ListItem","position":1,"name":"Home","item":"https:\/\/zatler.eu\/de\/"},{"@type":"ListItem","position":2,"name":"Shop","item":"https:\/\/zatler.eu\/de\/shop\/"},{"@type":"ListItem","position":3,"name":"Au\u00dfenleuchte Mekka, LED 4000K IP65"}]},{"@type":"WebSite","@id":"https:\/\/zatler.eu\/de\/#website","url":"https:\/\/zatler.eu\/de\/","name":"Zatler.eu","description":"kreativnost bivanja","publisher":{"@id":"https:\/\/zatler.eu\/de\/#organization"},"potentialAction":[{"@type":"SearchAction","target":{"@type":"EntryPoint","urlTemplate":"https:\/\/zatler.eu\/de\/?s={search_term_string}"},"query-input":{"@type":"PropertyValueSpecification","valueRequired":true,"valueName":"search_term_string"}}],"inLanguage":"de"},{"@type":"Organization","@id":"https:\/\/zatler.eu\/de\/#organization","name":"Zatler.eu","url":"https:\/\/zatler.eu\/de\/","logo":{"@type":"ImageObject","inLanguage":"de","@id":"https:\/\/zatler.eu\/de\/#\/schema\/logo\/image\/","url":"https:\/\/zatler.eu\/wp-content\/uploads\/2022\/12\/Zatler-doo.png","contentUrl":"https:\/\/zatler.eu\/wp-content\/uploads\/2022\/12\/Zatler-doo.png","width":238,"height":141,"caption":"Zatler.eu"},"image":{"@id":"https:\/\/zatler.eu\/de\/#\/schema\/logo\/image\/"}}]}},"jetpack_sharing_enabled":true,"_links":{"self":[{"href":"https:\/\/zatler.eu\/de\/wp-json\/wp\/v2\/product\/246873","targetHints":{"allow":["GET"]}}],"collection":[{"href":"https:\/\/zatler.eu\/de\/wp-json\/wp\/v2\/product"}],"about":[{"href":"https:\/\/zatler.eu\/de\/wp-json\/wp\/v2\/types\/product"}],"replies":[{"embeddable":true,"href":"https:\/\/zatler.eu\/de\/wp-json\/wp\/v2\/comments?post=246873"}],"wp:featuredmedia":[{"embeddable":true,"href":"https:\/\/zatler.eu\/de\/wp-json\/wp\/v2\/media\/246208"}],"wp:attachment":[{"href":"https:\/\/zatler.eu\/de\/wp-json\/wp\/v2\/media?parent=246873"}],"wp:term":[{"taxonomy":"product_brand","embeddable":true,"href":"https:\/\/zatler.eu\/de\/wp-json\/wp\/v2\/product_brand?post=246873"},{"taxonomy":"product_cat","embeddable":true,"href":"https:\/\/zatler.eu\/de\/wp-json\/wp\/v2\/product_cat?post=246873"},{"taxonomy":"product_tag","embeddable":true,"href":"https:\/\/zatler.eu\/de\/wp-json\/wp\/v2\/product_tag?post=246873"}],"curies":[{"name":"wp","href":"https:\/\/api.w.org\/{rel}","templated":true}]}}