{"id":246947,"date":"2023-02-10T10:39:50","date_gmt":"2023-02-10T10:39:50","guid":{"rendered":"https:\/\/zatler.eu\/izdelek\/corten-espada-c1-gartenplatte\/"},"modified":"2025-06-05T06:38:24","modified_gmt":"2025-06-05T06:38:24","slug":"corten-espada-c1-gartenplatte","status":"publish","type":"product","link":"https:\/\/zatler.eu\/de\/produkt\/corten-espada-c1-gartenplatte\/","title":{"rendered":"Corten ESPADA C1 Gartenplatte"},"content":{"rendered":"<p>90x15x60<\/p>\n","protected":false},"excerpt":{"rendered":"<p>ESPADA C1 ist eine niedrige, schmale und glatte Gartenplatte, die auch in der st\u00e4dtischen Architektur verwendet wird. Sie ist aus 2 mm dickem Cortenstahl gefertigt, hat einen Sockel mit Befestigungsl\u00f6chern und eine Reihe von Verst\u00e4rkungen, die proportional zu ihren Abmessungen sind. Die R\u00fcckwand ist ohne R\u00fcckwand (auf individuellen Wunsch kann die R\u00fcckwand auf allen Seiten geschlossen werden).  <\/p>\n","protected":false},"featured_media":245782,"comment_status":"open","ping_status":"closed","template":"","meta":{"_et_pb_use_builder":"","_et_pb_old_content":"","_et_gb_content_width":""},"product_brand":[],"product_cat":[145],"product_tag":[],"class_list":{"0":"post-246947","1":"product","2":"type-product","3":"status-publish","4":"has-post-thumbnail","6":"product_cat-gartenmauern","8":"first","9":"instock","10":"taxable","11":"shipping-taxable","12":"purchasable","13":"product-type-simple"},"yoast_head":"<!-- This site is optimized with the Yoast SEO plugin v26.8 - https:\/\/yoast.com\/product\/yoast-seo-wordpress\/ -->\n<title>Corten ESPADA C1 Gartenplatte - Zatler.eu<\/title>\n<meta name=\"robots\" content=\"index, follow, max-snippet:-1, max-image-preview:large, max-video-preview:-1\" \/>\n<link rel=\"canonical\" href=\"https:\/\/zatler.eu\/de\/produkt\/corten-espada-c1-gartenplatte\/\" \/>\n<meta property=\"og:locale\" content=\"de_DE\" \/>\n<meta property=\"og:type\" content=\"article\" \/>\n<meta property=\"og:title\" content=\"Corten ESPADA C1 Gartenplatte - Zatler.eu\" \/>\n<meta property=\"og:description\" content=\"ESPADA C1 ist eine niedrige, schmale und glatte Gartenplatte, die auch in der st\u00e4dtischen Architektur verwendet wird. Sie ist aus 2 mm dickem Cortenstahl gefertigt, hat einen Sockel mit Befestigungsl\u00f6chern und eine Reihe von Verst\u00e4rkungen, die proportional zu ihren Abmessungen sind. Die R\u00fcckwand ist ohne R\u00fcckwand (auf individuellen Wunsch kann die R\u00fcckwand auf allen Seiten geschlossen werden).\" \/>\n<meta property=\"og:url\" content=\"https:\/\/zatler.eu\/de\/produkt\/corten-espada-c1-gartenplatte\/\" \/>\n<meta property=\"og:site_name\" content=\"Zatler.eu\" \/>\n<meta property=\"article:modified_time\" content=\"2025-06-05T06:38:24+00:00\" \/>\n<meta property=\"og:image\" content=\"https:\/\/zatler.eu\/wp-content\/uploads\/2023\/02\/castle-panel-wall-steel-corten-MURO13_b-cortena.jpg\" \/>\n\t<meta property=\"og:image:width\" content=\"1200\" \/>\n\t<meta property=\"og:image:height\" content=\"900\" \/>\n\t<meta property=\"og:image:type\" content=\"image\/jpeg\" \/>\n<meta name=\"twitter:card\" content=\"summary_large_image\" \/>\n<script type=\"application\/ld+json\" class=\"yoast-schema-graph\">{\"@context\":\"https:\/\/schema.org\",\"@graph\":[{\"@type\":\"WebPage\",\"@id\":\"https:\/\/zatler.eu\/de\/produkt\/corten-espada-c1-gartenplatte\/\",\"url\":\"https:\/\/zatler.eu\/de\/produkt\/corten-espada-c1-gartenplatte\/\",\"name\":\"Corten ESPADA C1 Gartenplatte - Zatler.eu\",\"isPartOf\":{\"@id\":\"https:\/\/zatler.eu\/de\/#website\"},\"primaryImageOfPage\":{\"@id\":\"https:\/\/zatler.eu\/de\/produkt\/corten-espada-c1-gartenplatte\/#primaryimage\"},\"image\":{\"@id\":\"https:\/\/zatler.eu\/de\/produkt\/corten-espada-c1-gartenplatte\/#primaryimage\"},\"thumbnailUrl\":\"https:\/\/zatler.eu\/wp-content\/uploads\/2023\/02\/castle-panel-wall-steel-corten-MURO13_b-cortena.jpg\",\"datePublished\":\"2023-02-10T10:39:50+00:00\",\"dateModified\":\"2025-06-05T06:38:24+00:00\",\"breadcrumb\":{\"@id\":\"https:\/\/zatler.eu\/de\/produkt\/corten-espada-c1-gartenplatte\/#breadcrumb\"},\"inLanguage\":\"de\",\"potentialAction\":[{\"@type\":\"ReadAction\",\"target\":[\"https:\/\/zatler.eu\/de\/produkt\/corten-espada-c1-gartenplatte\/\"]}]},{\"@type\":\"ImageObject\",\"inLanguage\":\"de\",\"@id\":\"https:\/\/zatler.eu\/de\/produkt\/corten-espada-c1-gartenplatte\/#primaryimage\",\"url\":\"https:\/\/zatler.eu\/wp-content\/uploads\/2023\/02\/castle-panel-wall-steel-corten-MURO13_b-cortena.jpg\",\"contentUrl\":\"https:\/\/zatler.eu\/wp-content\/uploads\/2023\/02\/castle-panel-wall-steel-corten-MURO13_b-cortena.jpg\",\"width\":1200,\"height\":900},{\"@type\":\"BreadcrumbList\",\"@id\":\"https:\/\/zatler.eu\/de\/produkt\/corten-espada-c1-gartenplatte\/#breadcrumb\",\"itemListElement\":[{\"@type\":\"ListItem\",\"position\":1,\"name\":\"Home\",\"item\":\"https:\/\/zatler.eu\/de\/\"},{\"@type\":\"ListItem\",\"position\":2,\"name\":\"Shop\",\"item\":\"https:\/\/zatler.eu\/de\/shop\/\"},{\"@type\":\"ListItem\",\"position\":3,\"name\":\"Corten ESPADA C1 Gartenplatte\"}]},{\"@type\":\"WebSite\",\"@id\":\"https:\/\/zatler.eu\/de\/#website\",\"url\":\"https:\/\/zatler.eu\/de\/\",\"name\":\"Zatler.eu\",\"description\":\"kreativnost bivanja\",\"publisher\":{\"@id\":\"https:\/\/zatler.eu\/de\/#organization\"},\"potentialAction\":[{\"@type\":\"SearchAction\",\"target\":{\"@type\":\"EntryPoint\",\"urlTemplate\":\"https:\/\/zatler.eu\/de\/?s={search_term_string}\"},\"query-input\":{\"@type\":\"PropertyValueSpecification\",\"valueRequired\":true,\"valueName\":\"search_term_string\"}}],\"inLanguage\":\"de\"},{\"@type\":\"Organization\",\"@id\":\"https:\/\/zatler.eu\/de\/#organization\",\"name\":\"Zatler.eu\",\"url\":\"https:\/\/zatler.eu\/de\/\",\"logo\":{\"@type\":\"ImageObject\",\"inLanguage\":\"de\",\"@id\":\"https:\/\/zatler.eu\/de\/#\/schema\/logo\/image\/\",\"url\":\"https:\/\/zatler.eu\/wp-content\/uploads\/2022\/12\/Zatler-doo.png\",\"contentUrl\":\"https:\/\/zatler.eu\/wp-content\/uploads\/2022\/12\/Zatler-doo.png\",\"width\":238,\"height\":141,\"caption\":\"Zatler.eu\"},\"image\":{\"@id\":\"https:\/\/zatler.eu\/de\/#\/schema\/logo\/image\/\"}}]}<\/script>\n<!-- \/ Yoast SEO plugin. -->","yoast_head_json":{"title":"Corten ESPADA C1 Gartenplatte - Zatler.eu","robots":{"index":"index","follow":"follow","max-snippet":"max-snippet:-1","max-image-preview":"max-image-preview:large","max-video-preview":"max-video-preview:-1"},"canonical":"https:\/\/zatler.eu\/de\/produkt\/corten-espada-c1-gartenplatte\/","og_locale":"de_DE","og_type":"article","og_title":"Corten ESPADA C1 Gartenplatte - Zatler.eu","og_description":"ESPADA C1 ist eine niedrige, schmale und glatte Gartenplatte, die auch in der st\u00e4dtischen Architektur verwendet wird. Sie ist aus 2 mm dickem Cortenstahl gefertigt, hat einen Sockel mit Befestigungsl\u00f6chern und eine Reihe von Verst\u00e4rkungen, die proportional zu ihren Abmessungen sind. Die R\u00fcckwand ist ohne R\u00fcckwand (auf individuellen Wunsch kann die R\u00fcckwand auf allen Seiten geschlossen werden).","og_url":"https:\/\/zatler.eu\/de\/produkt\/corten-espada-c1-gartenplatte\/","og_site_name":"Zatler.eu","article_modified_time":"2025-06-05T06:38:24+00:00","og_image":[{"width":1200,"height":900,"url":"https:\/\/zatler.eu\/wp-content\/uploads\/2023\/02\/castle-panel-wall-steel-corten-MURO13_b-cortena.jpg","type":"image\/jpeg"}],"twitter_card":"summary_large_image","schema":{"@context":"https:\/\/schema.org","@graph":[{"@type":"WebPage","@id":"https:\/\/zatler.eu\/de\/produkt\/corten-espada-c1-gartenplatte\/","url":"https:\/\/zatler.eu\/de\/produkt\/corten-espada-c1-gartenplatte\/","name":"Corten ESPADA C1 Gartenplatte - Zatler.eu","isPartOf":{"@id":"https:\/\/zatler.eu\/de\/#website"},"primaryImageOfPage":{"@id":"https:\/\/zatler.eu\/de\/produkt\/corten-espada-c1-gartenplatte\/#primaryimage"},"image":{"@id":"https:\/\/zatler.eu\/de\/produkt\/corten-espada-c1-gartenplatte\/#primaryimage"},"thumbnailUrl":"https:\/\/zatler.eu\/wp-content\/uploads\/2023\/02\/castle-panel-wall-steel-corten-MURO13_b-cortena.jpg","datePublished":"2023-02-10T10:39:50+00:00","dateModified":"2025-06-05T06:38:24+00:00","breadcrumb":{"@id":"https:\/\/zatler.eu\/de\/produkt\/corten-espada-c1-gartenplatte\/#breadcrumb"},"inLanguage":"de","potentialAction":[{"@type":"ReadAction","target":["https:\/\/zatler.eu\/de\/produkt\/corten-espada-c1-gartenplatte\/"]}]},{"@type":"ImageObject","inLanguage":"de","@id":"https:\/\/zatler.eu\/de\/produkt\/corten-espada-c1-gartenplatte\/#primaryimage","url":"https:\/\/zatler.eu\/wp-content\/uploads\/2023\/02\/castle-panel-wall-steel-corten-MURO13_b-cortena.jpg","contentUrl":"https:\/\/zatler.eu\/wp-content\/uploads\/2023\/02\/castle-panel-wall-steel-corten-MURO13_b-cortena.jpg","width":1200,"height":900},{"@type":"BreadcrumbList","@id":"https:\/\/zatler.eu\/de\/produkt\/corten-espada-c1-gartenplatte\/#breadcrumb","itemListElement":[{"@type":"ListItem","position":1,"name":"Home","item":"https:\/\/zatler.eu\/de\/"},{"@type":"ListItem","position":2,"name":"Shop","item":"https:\/\/zatler.eu\/de\/shop\/"},{"@type":"ListItem","position":3,"name":"Corten ESPADA C1 Gartenplatte"}]},{"@type":"WebSite","@id":"https:\/\/zatler.eu\/de\/#website","url":"https:\/\/zatler.eu\/de\/","name":"Zatler.eu","description":"kreativnost bivanja","publisher":{"@id":"https:\/\/zatler.eu\/de\/#organization"},"potentialAction":[{"@type":"SearchAction","target":{"@type":"EntryPoint","urlTemplate":"https:\/\/zatler.eu\/de\/?s={search_term_string}"},"query-input":{"@type":"PropertyValueSpecification","valueRequired":true,"valueName":"search_term_string"}}],"inLanguage":"de"},{"@type":"Organization","@id":"https:\/\/zatler.eu\/de\/#organization","name":"Zatler.eu","url":"https:\/\/zatler.eu\/de\/","logo":{"@type":"ImageObject","inLanguage":"de","@id":"https:\/\/zatler.eu\/de\/#\/schema\/logo\/image\/","url":"https:\/\/zatler.eu\/wp-content\/uploads\/2022\/12\/Zatler-doo.png","contentUrl":"https:\/\/zatler.eu\/wp-content\/uploads\/2022\/12\/Zatler-doo.png","width":238,"height":141,"caption":"Zatler.eu"},"image":{"@id":"https:\/\/zatler.eu\/de\/#\/schema\/logo\/image\/"}}]}},"jetpack_sharing_enabled":true,"_links":{"self":[{"href":"https:\/\/zatler.eu\/de\/wp-json\/wp\/v2\/product\/246947","targetHints":{"allow":["GET"]}}],"collection":[{"href":"https:\/\/zatler.eu\/de\/wp-json\/wp\/v2\/product"}],"about":[{"href":"https:\/\/zatler.eu\/de\/wp-json\/wp\/v2\/types\/product"}],"replies":[{"embeddable":true,"href":"https:\/\/zatler.eu\/de\/wp-json\/wp\/v2\/comments?post=246947"}],"wp:featuredmedia":[{"embeddable":true,"href":"https:\/\/zatler.eu\/de\/wp-json\/wp\/v2\/media\/245782"}],"wp:attachment":[{"href":"https:\/\/zatler.eu\/de\/wp-json\/wp\/v2\/media?parent=246947"}],"wp:term":[{"taxonomy":"product_brand","embeddable":true,"href":"https:\/\/zatler.eu\/de\/wp-json\/wp\/v2\/product_brand?post=246947"},{"taxonomy":"product_cat","embeddable":true,"href":"https:\/\/zatler.eu\/de\/wp-json\/wp\/v2\/product_cat?post=246947"},{"taxonomy":"product_tag","embeddable":true,"href":"https:\/\/zatler.eu\/de\/wp-json\/wp\/v2\/product_tag?post=246947"}],"curies":[{"name":"wp","href":"https:\/\/api.w.org\/{rel}","templated":true}]}}