{"id":247005,"date":"2023-02-10T10:39:39","date_gmt":"2023-02-10T10:39:39","guid":{"rendered":"https:\/\/zatler.eu\/izdelek\/blumentopf-depo-12-aus-corten\/"},"modified":"2025-06-05T06:39:32","modified_gmt":"2025-06-05T06:39:32","slug":"blumentopf-depo-12-aus-corten","status":"publish","type":"product","link":"https:\/\/zatler.eu\/de\/produkt\/blumentopf-depo-12-aus-corten\/","title":{"rendered":"Blumentopf DEPO 12 aus Corten"},"content":{"rendered":"<p>125x45x120<\/p>\n","protected":false},"excerpt":{"rendered":"<p>DEPO 12 ist ein Gartentopf aus 2 mm starkem Cortenstahl, der f\u00fcr das Einpflanzen von Pflanzen in die im Set enthaltenen herausnehmbaren Kunststoffbeh\u00e4lter gedacht ist. Der Topf wird standardm\u00e4\u00dfig mit Beinen geliefert. <\/p>\n","protected":false},"featured_media":245831,"comment_status":"open","ping_status":"closed","template":"","meta":{"_et_pb_use_builder":"","_et_pb_old_content":"","_et_gb_content_width":""},"product_brand":[],"product_cat":[127,124,178],"product_tag":[],"class_list":{"0":"post-247005","1":"product","2":"type-product","3":"status-publish","4":"has-post-thumbnail","6":"product_cat-cor-ten-blumentopfe","7":"product_cat-korten-de","8":"product_cat-mit-einsatz-depo","10":"first","11":"instock","12":"taxable","13":"shipping-taxable","14":"purchasable","15":"product-type-simple"},"yoast_head":"<!-- This site is optimized with the Yoast SEO plugin v26.8 - https:\/\/yoast.com\/product\/yoast-seo-wordpress\/ -->\n<title>Blumentopf DEPO 12 aus Corten - Zatler.eu<\/title>\n<meta name=\"robots\" content=\"index, follow, max-snippet:-1, max-image-preview:large, max-video-preview:-1\" \/>\n<link rel=\"canonical\" href=\"https:\/\/zatler.eu\/de\/produkt\/blumentopf-depo-12-aus-corten\/\" \/>\n<meta property=\"og:locale\" content=\"de_DE\" \/>\n<meta property=\"og:type\" content=\"article\" \/>\n<meta property=\"og:title\" content=\"Blumentopf DEPO 12 aus Corten - Zatler.eu\" \/>\n<meta property=\"og:description\" content=\"DEPO 12 ist ein Gartentopf aus 2 mm starkem Cortenstahl, der f\u00fcr das Einpflanzen von Pflanzen in die im Set enthaltenen herausnehmbaren Kunststoffbeh\u00e4lter gedacht ist. Der Topf wird standardm\u00e4\u00dfig mit Beinen geliefert.\" \/>\n<meta property=\"og:url\" content=\"https:\/\/zatler.eu\/de\/produkt\/blumentopf-depo-12-aus-corten\/\" \/>\n<meta property=\"og:site_name\" content=\"Zatler.eu\" \/>\n<meta property=\"article:modified_time\" content=\"2025-06-05T06:39:32+00:00\" \/>\n<meta property=\"og:image\" content=\"https:\/\/zatler.eu\/wp-content\/uploads\/2023\/02\/planter-with-insert-depo-12-corten-b-cortena.jpg\" \/>\n\t<meta property=\"og:image:width\" content=\"1200\" \/>\n\t<meta property=\"og:image:height\" content=\"900\" \/>\n\t<meta property=\"og:image:type\" content=\"image\/jpeg\" \/>\n<meta name=\"twitter:card\" content=\"summary_large_image\" \/>\n<script type=\"application\/ld+json\" class=\"yoast-schema-graph\">{\"@context\":\"https:\/\/schema.org\",\"@graph\":[{\"@type\":\"WebPage\",\"@id\":\"https:\/\/zatler.eu\/de\/produkt\/blumentopf-depo-12-aus-corten\/\",\"url\":\"https:\/\/zatler.eu\/de\/produkt\/blumentopf-depo-12-aus-corten\/\",\"name\":\"Blumentopf DEPO 12 aus Corten - Zatler.eu\",\"isPartOf\":{\"@id\":\"https:\/\/zatler.eu\/de\/#website\"},\"primaryImageOfPage\":{\"@id\":\"https:\/\/zatler.eu\/de\/produkt\/blumentopf-depo-12-aus-corten\/#primaryimage\"},\"image\":{\"@id\":\"https:\/\/zatler.eu\/de\/produkt\/blumentopf-depo-12-aus-corten\/#primaryimage\"},\"thumbnailUrl\":\"https:\/\/zatler.eu\/wp-content\/uploads\/2023\/02\/planter-with-insert-depo-12-corten-b-cortena.jpg\",\"datePublished\":\"2023-02-10T10:39:39+00:00\",\"dateModified\":\"2025-06-05T06:39:32+00:00\",\"breadcrumb\":{\"@id\":\"https:\/\/zatler.eu\/de\/produkt\/blumentopf-depo-12-aus-corten\/#breadcrumb\"},\"inLanguage\":\"de\",\"potentialAction\":[{\"@type\":\"ReadAction\",\"target\":[\"https:\/\/zatler.eu\/de\/produkt\/blumentopf-depo-12-aus-corten\/\"]}]},{\"@type\":\"ImageObject\",\"inLanguage\":\"de\",\"@id\":\"https:\/\/zatler.eu\/de\/produkt\/blumentopf-depo-12-aus-corten\/#primaryimage\",\"url\":\"https:\/\/zatler.eu\/wp-content\/uploads\/2023\/02\/planter-with-insert-depo-12-corten-b-cortena.jpg\",\"contentUrl\":\"https:\/\/zatler.eu\/wp-content\/uploads\/2023\/02\/planter-with-insert-depo-12-corten-b-cortena.jpg\",\"width\":1200,\"height\":900},{\"@type\":\"BreadcrumbList\",\"@id\":\"https:\/\/zatler.eu\/de\/produkt\/blumentopf-depo-12-aus-corten\/#breadcrumb\",\"itemListElement\":[{\"@type\":\"ListItem\",\"position\":1,\"name\":\"Home\",\"item\":\"https:\/\/zatler.eu\/de\/\"},{\"@type\":\"ListItem\",\"position\":2,\"name\":\"Shop\",\"item\":\"https:\/\/zatler.eu\/de\/shop\/\"},{\"@type\":\"ListItem\",\"position\":3,\"name\":\"Blumentopf DEPO 12 aus Corten\"}]},{\"@type\":\"WebSite\",\"@id\":\"https:\/\/zatler.eu\/de\/#website\",\"url\":\"https:\/\/zatler.eu\/de\/\",\"name\":\"Zatler.eu\",\"description\":\"kreativnost bivanja\",\"publisher\":{\"@id\":\"https:\/\/zatler.eu\/de\/#organization\"},\"potentialAction\":[{\"@type\":\"SearchAction\",\"target\":{\"@type\":\"EntryPoint\",\"urlTemplate\":\"https:\/\/zatler.eu\/de\/?s={search_term_string}\"},\"query-input\":{\"@type\":\"PropertyValueSpecification\",\"valueRequired\":true,\"valueName\":\"search_term_string\"}}],\"inLanguage\":\"de\"},{\"@type\":\"Organization\",\"@id\":\"https:\/\/zatler.eu\/de\/#organization\",\"name\":\"Zatler.eu\",\"url\":\"https:\/\/zatler.eu\/de\/\",\"logo\":{\"@type\":\"ImageObject\",\"inLanguage\":\"de\",\"@id\":\"https:\/\/zatler.eu\/de\/#\/schema\/logo\/image\/\",\"url\":\"https:\/\/zatler.eu\/wp-content\/uploads\/2022\/12\/Zatler-doo.png\",\"contentUrl\":\"https:\/\/zatler.eu\/wp-content\/uploads\/2022\/12\/Zatler-doo.png\",\"width\":238,\"height\":141,\"caption\":\"Zatler.eu\"},\"image\":{\"@id\":\"https:\/\/zatler.eu\/de\/#\/schema\/logo\/image\/\"}}]}<\/script>\n<!-- \/ Yoast SEO plugin. -->","yoast_head_json":{"title":"Blumentopf DEPO 12 aus Corten - Zatler.eu","robots":{"index":"index","follow":"follow","max-snippet":"max-snippet:-1","max-image-preview":"max-image-preview:large","max-video-preview":"max-video-preview:-1"},"canonical":"https:\/\/zatler.eu\/de\/produkt\/blumentopf-depo-12-aus-corten\/","og_locale":"de_DE","og_type":"article","og_title":"Blumentopf DEPO 12 aus Corten - Zatler.eu","og_description":"DEPO 12 ist ein Gartentopf aus 2 mm starkem Cortenstahl, der f\u00fcr das Einpflanzen von Pflanzen in die im Set enthaltenen herausnehmbaren Kunststoffbeh\u00e4lter gedacht ist. Der Topf wird standardm\u00e4\u00dfig mit Beinen geliefert.","og_url":"https:\/\/zatler.eu\/de\/produkt\/blumentopf-depo-12-aus-corten\/","og_site_name":"Zatler.eu","article_modified_time":"2025-06-05T06:39:32+00:00","og_image":[{"width":1200,"height":900,"url":"https:\/\/zatler.eu\/wp-content\/uploads\/2023\/02\/planter-with-insert-depo-12-corten-b-cortena.jpg","type":"image\/jpeg"}],"twitter_card":"summary_large_image","schema":{"@context":"https:\/\/schema.org","@graph":[{"@type":"WebPage","@id":"https:\/\/zatler.eu\/de\/produkt\/blumentopf-depo-12-aus-corten\/","url":"https:\/\/zatler.eu\/de\/produkt\/blumentopf-depo-12-aus-corten\/","name":"Blumentopf DEPO 12 aus Corten - Zatler.eu","isPartOf":{"@id":"https:\/\/zatler.eu\/de\/#website"},"primaryImageOfPage":{"@id":"https:\/\/zatler.eu\/de\/produkt\/blumentopf-depo-12-aus-corten\/#primaryimage"},"image":{"@id":"https:\/\/zatler.eu\/de\/produkt\/blumentopf-depo-12-aus-corten\/#primaryimage"},"thumbnailUrl":"https:\/\/zatler.eu\/wp-content\/uploads\/2023\/02\/planter-with-insert-depo-12-corten-b-cortena.jpg","datePublished":"2023-02-10T10:39:39+00:00","dateModified":"2025-06-05T06:39:32+00:00","breadcrumb":{"@id":"https:\/\/zatler.eu\/de\/produkt\/blumentopf-depo-12-aus-corten\/#breadcrumb"},"inLanguage":"de","potentialAction":[{"@type":"ReadAction","target":["https:\/\/zatler.eu\/de\/produkt\/blumentopf-depo-12-aus-corten\/"]}]},{"@type":"ImageObject","inLanguage":"de","@id":"https:\/\/zatler.eu\/de\/produkt\/blumentopf-depo-12-aus-corten\/#primaryimage","url":"https:\/\/zatler.eu\/wp-content\/uploads\/2023\/02\/planter-with-insert-depo-12-corten-b-cortena.jpg","contentUrl":"https:\/\/zatler.eu\/wp-content\/uploads\/2023\/02\/planter-with-insert-depo-12-corten-b-cortena.jpg","width":1200,"height":900},{"@type":"BreadcrumbList","@id":"https:\/\/zatler.eu\/de\/produkt\/blumentopf-depo-12-aus-corten\/#breadcrumb","itemListElement":[{"@type":"ListItem","position":1,"name":"Home","item":"https:\/\/zatler.eu\/de\/"},{"@type":"ListItem","position":2,"name":"Shop","item":"https:\/\/zatler.eu\/de\/shop\/"},{"@type":"ListItem","position":3,"name":"Blumentopf DEPO 12 aus Corten"}]},{"@type":"WebSite","@id":"https:\/\/zatler.eu\/de\/#website","url":"https:\/\/zatler.eu\/de\/","name":"Zatler.eu","description":"kreativnost bivanja","publisher":{"@id":"https:\/\/zatler.eu\/de\/#organization"},"potentialAction":[{"@type":"SearchAction","target":{"@type":"EntryPoint","urlTemplate":"https:\/\/zatler.eu\/de\/?s={search_term_string}"},"query-input":{"@type":"PropertyValueSpecification","valueRequired":true,"valueName":"search_term_string"}}],"inLanguage":"de"},{"@type":"Organization","@id":"https:\/\/zatler.eu\/de\/#organization","name":"Zatler.eu","url":"https:\/\/zatler.eu\/de\/","logo":{"@type":"ImageObject","inLanguage":"de","@id":"https:\/\/zatler.eu\/de\/#\/schema\/logo\/image\/","url":"https:\/\/zatler.eu\/wp-content\/uploads\/2022\/12\/Zatler-doo.png","contentUrl":"https:\/\/zatler.eu\/wp-content\/uploads\/2022\/12\/Zatler-doo.png","width":238,"height":141,"caption":"Zatler.eu"},"image":{"@id":"https:\/\/zatler.eu\/de\/#\/schema\/logo\/image\/"}}]}},"jetpack_sharing_enabled":true,"_links":{"self":[{"href":"https:\/\/zatler.eu\/de\/wp-json\/wp\/v2\/product\/247005","targetHints":{"allow":["GET"]}}],"collection":[{"href":"https:\/\/zatler.eu\/de\/wp-json\/wp\/v2\/product"}],"about":[{"href":"https:\/\/zatler.eu\/de\/wp-json\/wp\/v2\/types\/product"}],"replies":[{"embeddable":true,"href":"https:\/\/zatler.eu\/de\/wp-json\/wp\/v2\/comments?post=247005"}],"wp:featuredmedia":[{"embeddable":true,"href":"https:\/\/zatler.eu\/de\/wp-json\/wp\/v2\/media\/245831"}],"wp:attachment":[{"href":"https:\/\/zatler.eu\/de\/wp-json\/wp\/v2\/media?parent=247005"}],"wp:term":[{"taxonomy":"product_brand","embeddable":true,"href":"https:\/\/zatler.eu\/de\/wp-json\/wp\/v2\/product_brand?post=247005"},{"taxonomy":"product_cat","embeddable":true,"href":"https:\/\/zatler.eu\/de\/wp-json\/wp\/v2\/product_cat?post=247005"},{"taxonomy":"product_tag","embeddable":true,"href":"https:\/\/zatler.eu\/de\/wp-json\/wp\/v2\/product_tag?post=247005"}],"curies":[{"name":"wp","href":"https:\/\/api.w.org\/{rel}","templated":true}]}}