{"id":247034,"date":"2023-02-10T10:39:21","date_gmt":"2023-02-10T10:39:21","guid":{"rendered":"https:\/\/zatler.eu\/izdelek\/garten-bordsteinkante-p-10-m\/"},"modified":"2025-06-05T06:39:58","modified_gmt":"2025-06-05T06:39:58","slug":"garten-bordsteinkante-p-10-m","status":"publish","type":"product","link":"https:\/\/zatler.eu\/de\/produkt\/garten-bordsteinkante-p-10-m\/","title":{"rendered":"Garten Bordsteinkante P 1,0 m"},"content":{"rendered":"<p>100x15x20<\/p>\n","protected":false},"excerpt":{"rendered":"<p>Der P 1,0 m Bordstein ist ein langlebiger, dank seiner Modularit\u00e4t leicht zu installierender Rasenbordstein, der sich durch seine erh\u00f6hte Witterungsbest\u00e4ndigkeit auszeichnet. Cor-ten-Stahl, d.h. 2 Millimeter dickes Material f\u00fcr die Herstellung, hat in den letzten Jahren bei Architekten und Landschaftsgestaltern an Anerkennung gewonnen. Die Einfassung sorgt f\u00fcr eine \u00e4sthetische Abgrenzung zwischen dem Rasen und anderen Gartenelementen. Perfekt zum Abdecken von Stromkabeln oder Gartenschl\u00e4uchen.    <\/p>\n","protected":false},"featured_media":245369,"comment_status":"open","ping_status":"closed","template":"","meta":{"_et_pb_use_builder":"","_et_pb_old_content":"","_et_gb_content_width":""},"product_brand":[],"product_cat":[142,124],"product_tag":[],"class_list":{"0":"post-247034","1":"product","2":"type-product","3":"status-publish","4":"has-post-thumbnail","6":"product_cat-garten-bordsteinkanten","7":"product_cat-korten-de","9":"first","10":"instock","11":"taxable","12":"shipping-taxable","13":"purchasable","14":"product-type-simple"},"yoast_head":"<!-- This site is optimized with the Yoast SEO plugin v26.8 - https:\/\/yoast.com\/product\/yoast-seo-wordpress\/ -->\n<title>Garten Bordsteinkante P 1,0 m - Zatler.eu<\/title>\n<meta name=\"robots\" content=\"index, follow, max-snippet:-1, max-image-preview:large, max-video-preview:-1\" \/>\n<link rel=\"canonical\" href=\"https:\/\/zatler.eu\/de\/produkt\/garten-bordsteinkante-p-10-m\/\" \/>\n<meta property=\"og:locale\" content=\"de_DE\" \/>\n<meta property=\"og:type\" content=\"article\" \/>\n<meta property=\"og:title\" content=\"Garten Bordsteinkante P 1,0 m - Zatler.eu\" \/>\n<meta property=\"og:description\" content=\"Der P 1,0 m Bordstein ist ein langlebiger, dank seiner Modularit\u00e4t leicht zu installierender Rasenbordstein, der sich durch seine erh\u00f6hte Witterungsbest\u00e4ndigkeit auszeichnet. Cor-ten-Stahl, d.h. 2 Millimeter dickes Material f\u00fcr die Herstellung, hat in den letzten Jahren bei Architekten und Landschaftsgestaltern an Anerkennung gewonnen. Die Einfassung sorgt f\u00fcr eine \u00e4sthetische Abgrenzung zwischen dem Rasen und anderen Gartenelementen. Perfekt zum Abdecken von Stromkabeln oder Gartenschl\u00e4uchen.\" \/>\n<meta property=\"og:url\" content=\"https:\/\/zatler.eu\/de\/produkt\/garten-bordsteinkante-p-10-m\/\" \/>\n<meta property=\"og:site_name\" content=\"Zatler.eu\" \/>\n<meta property=\"article:modified_time\" content=\"2025-06-05T06:39:58+00:00\" \/>\n<meta property=\"og:image\" content=\"https:\/\/zatler.eu\/wp-content\/uploads\/2023\/02\/garden-edge-corten-border-P-1-M-cortena.jpg\" \/>\n\t<meta property=\"og:image:width\" content=\"1200\" \/>\n\t<meta property=\"og:image:height\" content=\"900\" \/>\n\t<meta property=\"og:image:type\" content=\"image\/jpeg\" \/>\n<meta name=\"twitter:card\" content=\"summary_large_image\" \/>\n<script type=\"application\/ld+json\" class=\"yoast-schema-graph\">{\"@context\":\"https:\/\/schema.org\",\"@graph\":[{\"@type\":\"WebPage\",\"@id\":\"https:\/\/zatler.eu\/de\/produkt\/garten-bordsteinkante-p-10-m\/\",\"url\":\"https:\/\/zatler.eu\/de\/produkt\/garten-bordsteinkante-p-10-m\/\",\"name\":\"Garten Bordsteinkante P 1,0 m - Zatler.eu\",\"isPartOf\":{\"@id\":\"https:\/\/zatler.eu\/de\/#website\"},\"primaryImageOfPage\":{\"@id\":\"https:\/\/zatler.eu\/de\/produkt\/garten-bordsteinkante-p-10-m\/#primaryimage\"},\"image\":{\"@id\":\"https:\/\/zatler.eu\/de\/produkt\/garten-bordsteinkante-p-10-m\/#primaryimage\"},\"thumbnailUrl\":\"https:\/\/zatler.eu\/wp-content\/uploads\/2023\/02\/garden-edge-corten-border-P-1-M-cortena.jpg\",\"datePublished\":\"2023-02-10T10:39:21+00:00\",\"dateModified\":\"2025-06-05T06:39:58+00:00\",\"breadcrumb\":{\"@id\":\"https:\/\/zatler.eu\/de\/produkt\/garten-bordsteinkante-p-10-m\/#breadcrumb\"},\"inLanguage\":\"de\",\"potentialAction\":[{\"@type\":\"ReadAction\",\"target\":[\"https:\/\/zatler.eu\/de\/produkt\/garten-bordsteinkante-p-10-m\/\"]}]},{\"@type\":\"ImageObject\",\"inLanguage\":\"de\",\"@id\":\"https:\/\/zatler.eu\/de\/produkt\/garten-bordsteinkante-p-10-m\/#primaryimage\",\"url\":\"https:\/\/zatler.eu\/wp-content\/uploads\/2023\/02\/garden-edge-corten-border-P-1-M-cortena.jpg\",\"contentUrl\":\"https:\/\/zatler.eu\/wp-content\/uploads\/2023\/02\/garden-edge-corten-border-P-1-M-cortena.jpg\",\"width\":1200,\"height\":900},{\"@type\":\"BreadcrumbList\",\"@id\":\"https:\/\/zatler.eu\/de\/produkt\/garten-bordsteinkante-p-10-m\/#breadcrumb\",\"itemListElement\":[{\"@type\":\"ListItem\",\"position\":1,\"name\":\"Home\",\"item\":\"https:\/\/zatler.eu\/de\/\"},{\"@type\":\"ListItem\",\"position\":2,\"name\":\"Shop\",\"item\":\"https:\/\/zatler.eu\/de\/shop\/\"},{\"@type\":\"ListItem\",\"position\":3,\"name\":\"Garten Bordsteinkante P 1,0 m\"}]},{\"@type\":\"WebSite\",\"@id\":\"https:\/\/zatler.eu\/de\/#website\",\"url\":\"https:\/\/zatler.eu\/de\/\",\"name\":\"Zatler.eu\",\"description\":\"kreativnost bivanja\",\"publisher\":{\"@id\":\"https:\/\/zatler.eu\/de\/#organization\"},\"potentialAction\":[{\"@type\":\"SearchAction\",\"target\":{\"@type\":\"EntryPoint\",\"urlTemplate\":\"https:\/\/zatler.eu\/de\/?s={search_term_string}\"},\"query-input\":{\"@type\":\"PropertyValueSpecification\",\"valueRequired\":true,\"valueName\":\"search_term_string\"}}],\"inLanguage\":\"de\"},{\"@type\":\"Organization\",\"@id\":\"https:\/\/zatler.eu\/de\/#organization\",\"name\":\"Zatler.eu\",\"url\":\"https:\/\/zatler.eu\/de\/\",\"logo\":{\"@type\":\"ImageObject\",\"inLanguage\":\"de\",\"@id\":\"https:\/\/zatler.eu\/de\/#\/schema\/logo\/image\/\",\"url\":\"https:\/\/zatler.eu\/wp-content\/uploads\/2022\/12\/Zatler-doo.png\",\"contentUrl\":\"https:\/\/zatler.eu\/wp-content\/uploads\/2022\/12\/Zatler-doo.png\",\"width\":238,\"height\":141,\"caption\":\"Zatler.eu\"},\"image\":{\"@id\":\"https:\/\/zatler.eu\/de\/#\/schema\/logo\/image\/\"}}]}<\/script>\n<!-- \/ Yoast SEO plugin. -->","yoast_head_json":{"title":"Garten Bordsteinkante P 1,0 m - Zatler.eu","robots":{"index":"index","follow":"follow","max-snippet":"max-snippet:-1","max-image-preview":"max-image-preview:large","max-video-preview":"max-video-preview:-1"},"canonical":"https:\/\/zatler.eu\/de\/produkt\/garten-bordsteinkante-p-10-m\/","og_locale":"de_DE","og_type":"article","og_title":"Garten Bordsteinkante P 1,0 m - Zatler.eu","og_description":"Der P 1,0 m Bordstein ist ein langlebiger, dank seiner Modularit\u00e4t leicht zu installierender Rasenbordstein, der sich durch seine erh\u00f6hte Witterungsbest\u00e4ndigkeit auszeichnet. Cor-ten-Stahl, d.h. 2 Millimeter dickes Material f\u00fcr die Herstellung, hat in den letzten Jahren bei Architekten und Landschaftsgestaltern an Anerkennung gewonnen. Die Einfassung sorgt f\u00fcr eine \u00e4sthetische Abgrenzung zwischen dem Rasen und anderen Gartenelementen. Perfekt zum Abdecken von Stromkabeln oder Gartenschl\u00e4uchen.","og_url":"https:\/\/zatler.eu\/de\/produkt\/garten-bordsteinkante-p-10-m\/","og_site_name":"Zatler.eu","article_modified_time":"2025-06-05T06:39:58+00:00","og_image":[{"width":1200,"height":900,"url":"https:\/\/zatler.eu\/wp-content\/uploads\/2023\/02\/garden-edge-corten-border-P-1-M-cortena.jpg","type":"image\/jpeg"}],"twitter_card":"summary_large_image","schema":{"@context":"https:\/\/schema.org","@graph":[{"@type":"WebPage","@id":"https:\/\/zatler.eu\/de\/produkt\/garten-bordsteinkante-p-10-m\/","url":"https:\/\/zatler.eu\/de\/produkt\/garten-bordsteinkante-p-10-m\/","name":"Garten Bordsteinkante P 1,0 m - Zatler.eu","isPartOf":{"@id":"https:\/\/zatler.eu\/de\/#website"},"primaryImageOfPage":{"@id":"https:\/\/zatler.eu\/de\/produkt\/garten-bordsteinkante-p-10-m\/#primaryimage"},"image":{"@id":"https:\/\/zatler.eu\/de\/produkt\/garten-bordsteinkante-p-10-m\/#primaryimage"},"thumbnailUrl":"https:\/\/zatler.eu\/wp-content\/uploads\/2023\/02\/garden-edge-corten-border-P-1-M-cortena.jpg","datePublished":"2023-02-10T10:39:21+00:00","dateModified":"2025-06-05T06:39:58+00:00","breadcrumb":{"@id":"https:\/\/zatler.eu\/de\/produkt\/garten-bordsteinkante-p-10-m\/#breadcrumb"},"inLanguage":"de","potentialAction":[{"@type":"ReadAction","target":["https:\/\/zatler.eu\/de\/produkt\/garten-bordsteinkante-p-10-m\/"]}]},{"@type":"ImageObject","inLanguage":"de","@id":"https:\/\/zatler.eu\/de\/produkt\/garten-bordsteinkante-p-10-m\/#primaryimage","url":"https:\/\/zatler.eu\/wp-content\/uploads\/2023\/02\/garden-edge-corten-border-P-1-M-cortena.jpg","contentUrl":"https:\/\/zatler.eu\/wp-content\/uploads\/2023\/02\/garden-edge-corten-border-P-1-M-cortena.jpg","width":1200,"height":900},{"@type":"BreadcrumbList","@id":"https:\/\/zatler.eu\/de\/produkt\/garten-bordsteinkante-p-10-m\/#breadcrumb","itemListElement":[{"@type":"ListItem","position":1,"name":"Home","item":"https:\/\/zatler.eu\/de\/"},{"@type":"ListItem","position":2,"name":"Shop","item":"https:\/\/zatler.eu\/de\/shop\/"},{"@type":"ListItem","position":3,"name":"Garten Bordsteinkante P 1,0 m"}]},{"@type":"WebSite","@id":"https:\/\/zatler.eu\/de\/#website","url":"https:\/\/zatler.eu\/de\/","name":"Zatler.eu","description":"kreativnost bivanja","publisher":{"@id":"https:\/\/zatler.eu\/de\/#organization"},"potentialAction":[{"@type":"SearchAction","target":{"@type":"EntryPoint","urlTemplate":"https:\/\/zatler.eu\/de\/?s={search_term_string}"},"query-input":{"@type":"PropertyValueSpecification","valueRequired":true,"valueName":"search_term_string"}}],"inLanguage":"de"},{"@type":"Organization","@id":"https:\/\/zatler.eu\/de\/#organization","name":"Zatler.eu","url":"https:\/\/zatler.eu\/de\/","logo":{"@type":"ImageObject","inLanguage":"de","@id":"https:\/\/zatler.eu\/de\/#\/schema\/logo\/image\/","url":"https:\/\/zatler.eu\/wp-content\/uploads\/2022\/12\/Zatler-doo.png","contentUrl":"https:\/\/zatler.eu\/wp-content\/uploads\/2022\/12\/Zatler-doo.png","width":238,"height":141,"caption":"Zatler.eu"},"image":{"@id":"https:\/\/zatler.eu\/de\/#\/schema\/logo\/image\/"}}]}},"jetpack_sharing_enabled":true,"_links":{"self":[{"href":"https:\/\/zatler.eu\/de\/wp-json\/wp\/v2\/product\/247034","targetHints":{"allow":["GET"]}}],"collection":[{"href":"https:\/\/zatler.eu\/de\/wp-json\/wp\/v2\/product"}],"about":[{"href":"https:\/\/zatler.eu\/de\/wp-json\/wp\/v2\/types\/product"}],"replies":[{"embeddable":true,"href":"https:\/\/zatler.eu\/de\/wp-json\/wp\/v2\/comments?post=247034"}],"wp:featuredmedia":[{"embeddable":true,"href":"https:\/\/zatler.eu\/de\/wp-json\/wp\/v2\/media\/245369"}],"wp:attachment":[{"href":"https:\/\/zatler.eu\/de\/wp-json\/wp\/v2\/media?parent=247034"}],"wp:term":[{"taxonomy":"product_brand","embeddable":true,"href":"https:\/\/zatler.eu\/de\/wp-json\/wp\/v2\/product_brand?post=247034"},{"taxonomy":"product_cat","embeddable":true,"href":"https:\/\/zatler.eu\/de\/wp-json\/wp\/v2\/product_cat?post=247034"},{"taxonomy":"product_tag","embeddable":true,"href":"https:\/\/zatler.eu\/de\/wp-json\/wp\/v2\/product_tag?post=247034"}],"curies":[{"name":"wp","href":"https:\/\/api.w.org\/{rel}","templated":true}]}}